{"id":1008,"date":"2014-11-02T19:17:37","date_gmt":"2014-11-02T18:17:37","guid":{"rendered":"https:\/\/scheitza-kunden.de\/efp-dev\/?page_id=1008"},"modified":"2024-03-06T14:04:35","modified_gmt":"2024-03-06T13:04:35","slug":"datenschutz","status":"publish","type":"page","link":"https:\/\/scheitza-kunden.de\/efp-dev\/datenschutz\/","title":{"rendered":"Datenschutz"},"content":{"rendered":"<p><strong>Datenschutz<br \/>\n<\/strong>Im Folgenden informieren wir \u00fcber die Erhebung personenbezogener Daten bei Nutzung unserer Website.<br \/>\nPersonenbezogene Daten sind alle Daten, die auf Sie pers\u00f6nlich beziehbar sind, z. B. Name, Adresse, E-Mail-Adressen, Nutzerverhalten.<br \/>\nDatenschutz-Verantwortlicher gem. Art. 4 Abs. 7 EU-Datenschutz-Grundverordnung (DSGVO) ist<br \/>\nHerr Collin Eibl<br \/>\nLangheckenweg 10<br \/>\n60433 Frankfurt am Main<br \/>\nEmail: collin.eibl@efp-consulting.de<\/p>\n<p>Sie haben gegen\u00fcber uns folgende Rechte hinsichtlich der Sie betreffenden personenbezogenen Daten:<br \/>\nRecht auf Auskunft, Recht auf Berichtigung oder L\u00f6schung, Recht auf Einschr\u00e4nkung der Verarbeitung, Recht auf Widerspruch gegen die Verarbeitung und Recht auf Daten\u00fcbertragbarkeit.<br \/>\nFalls Sie eine Einwilligung zur Verarbeitung Ihrer Daten erteilt haben, k\u00f6nnen Sie diese jederzeit widerrufen. Ein solcher Widerruf beeinflusst die Zul\u00e4ssigkeit der Verarbeitung Ihrer personenbezogenen Daten, nachdem Sie ihn gegen\u00fcber uns ausgesprochen haben.<\/p>\n<p>Bei der blo\u00df informatorischen Nutzung der Website, d.h. wenn Sie sich nicht registrieren oder uns anderweitig Informationen \u00fcbermitteln, erheben wir nur die personenbezogenen Daten, die Ihr Browser an unseren Server \u00fcbermittelt. Wenn Sie unsere Website betrachten m\u00f6chten, erheben wir die folgenden Daten, die f\u00fcr uns technisch erforderlich sind, um Ihnen unsere Website anzuzeigen und die Stabilit\u00e4t und Sicherheit zu gew\u00e4hrleisten (Rechtsgrundlage ist Art. 6 Abs. 1 S. 1 lit. f DS-GVO): IP-Adresse, Datum und Uhrzeit der Anfrage, Zeitzonendifferenz zur Greenwich Mean Time (GMT), Inhalt der Anforderung (konkrete Seite), Zugriffsstatus\/HTTP-Statuscode, jeweils \u00fcbertragene Datenmenge, Website, von der die Anforderung kommt, Browser, Betriebssystem und dessen Oberfl\u00e4che, Sprache und Version der Browsersoftware.<\/p>\n<p><strong>Cookies<br \/>\n<\/strong>Zus\u00e4tzlich zu den zuvor genannten Daten werden bei Ihrer Nutzung unserer Website Cookies auf Ihrem Rechner gespeichert. Bei Cookies handelt es sich um kleine Textdateien, die auf Ihrer Festplatte dem von Ihnen verwendeten Browser zugeordnet gespeichert werden und durch welche der Stelle, die den Cookie setzt (hier durch uns), bestimmte Informationen zuflie\u00dfen. Cookies k\u00f6nnen keine Programme ausf\u00fchren oder Viren auf Ihren Computer \u00fcbertragen. Sie dienen dazu, das Internetangebot insgesamt nutzerfreundlicher und effektiver zu machen.<br \/>\nDiese Website nutzt lediglich transiente Cookies, deren Umfang und Funktionsweise im Folgenden erl\u00e4utert wird: Transiente Cookies werden automatisiert gel\u00f6scht, wenn Sie den Browser schlie\u00dfen. Dazu z\u00e4hlen insbesondere die Session-Cookies. Diese speichern eine sogenannte Session-ID, mit welcher sich verschiedene Anfragen Ihres Browsers der gemeinsamen Sitzung zuordnen lassen. Dadurch kann Ihr Rechner wiedererkannt werden, wenn Sie auf unsere Website zur\u00fcckkehren. Die Session-Cookies werden gel\u00f6scht, wenn Sie sich ausloggen oder den Browser schlie\u00dfen.<\/p>\n<p>Sie k\u00f6nnen Ihre Browser-Einstellungen entsprechend Ihren W\u00fcnschen konfigurieren und z. B. die Annahme von Third-Party-Cookies oder allen Cookies ablehnen. Wir weisen Sie darauf hin, dass Sie in diesem Fall eventuell nicht alle Funktionen dieser Website nutzen k\u00f6nnen. Als weitere M\u00f6glichkeit k\u00f6nnen Sie Ihren Browser so konfigurieren, dass er Sie jeweils \u00fcber die Platzierung von Cookies informiert &#8211; damit wird der Gebrauch von Cookies f\u00fcr Sie auf allen Webseiten transparent.<\/p>\n<p><strong>Kontaktformular<br \/>\n<\/strong>Zur Nutzung unseres Kontaktformulars ben\u00f6tigen wir mindestens Ihren Namen und Ihre E-Mail-Adresse, um Sie kontaktieren zu k\u00f6nnen. Weitere Angaben k\u00f6nnen Sie gern hinterlassen, m\u00fcssen dies jedoch nicht. Ihre Daten verwenden wir ausschliesslich f\u00fcr die Kontaktaufnahme. Bei Ihrer Kontaktaufnahme mit uns per E-Mail oder \u00fcber ein Kontaktformular werden die von Ihnen mitgeteilten Daten (Ihre E-Mail-Adresse, ggf. Ihr Name und Ihre Telefonnummer) von uns lediglich gespeichert, um Ihre Fragen zu beantworten. Die in diesem Zusammenhang anfallenden Daten l\u00f6schen wir, nachdem die Speicherung nicht mehr erforderlich ist, oder schr\u00e4nken die Verarbeitung ein, falls gesetzliche Aufbewahrungspflichten bestehen.<\/p>\n<p><strong>Zusendung von Bewerbungsunterlagen<br \/>\n<\/strong>Die \u00dcbermittlung von Bewerbungsunterlagen an uns erfolgt ausschliesslich per E-Mail. Unser E-Mail-Verkehr ist standardm\u00e4\u00dfig TLS-verschl\u00fcsselt. Ihre Bewerbungsunterlagen werden nach Zusendung ausschlie\u00dflich von Mitarbeitern mit Personalverantwortung zug\u00e4nglich gemacht und werden am Ende unserer Gespr\u00e4che, sp\u00e4testens jedoch nach maximal 6 Monaten gel\u00f6scht. Eine Weiterleitung an Dritte erfolgt nicht.<\/p>\n","protected":false},"excerpt":{"rendered":"<p>Datenschutz Im Folgenden informieren wir \u00fcber die Erhebung personenbezogener Daten bei Nutzung unserer Website. Personenbezogene Daten sind alle Daten, die auf Sie pers\u00f6nlich beziehbar sind, z. B. Name, Adresse, E-Mail-Adressen, Nutzerverhalten. Datenschutz-Verantwortlicher gem. Art. 4 Abs. 7 EU-Datenschutz-Grundverordnung (DSGVO) ist Herr Collin Eibl Langheckenweg 10 60433 Frankfurt am Main Email: collin.eibl@efp-consulting.de Sie haben gegen\u00fcber uns folgende Rechte hinsichtlich der Sie &#8230; <\/p>\n<div><a href=\"https:\/\/scheitza-kunden.de\/efp-dev\/datenschutz\/\" class=\"more-link\">Read More<\/a><\/div>\n","protected":false},"author":12,"featured_media":0,"parent":0,"menu_order":15,"comment_status":"closed","ping_status":"closed","template":"template-layout-full-width.php","meta":{"footnotes":""},"_links":{"self":[{"href":"https:\/\/scheitza-kunden.de\/efp-dev\/wp-json\/wp\/v2\/pages\/1008"}],"collection":[{"href":"https:\/\/scheitza-kunden.de\/efp-dev\/wp-json\/wp\/v2\/pages"}],"about":[{"href":"https:\/\/scheitza-kunden.de\/efp-dev\/wp-json\/wp\/v2\/types\/page"}],"author":[{"embeddable":true,"href":"https:\/\/scheitza-kunden.de\/efp-dev\/wp-json\/wp\/v2\/users\/12"}],"replies":[{"embeddable":true,"href":"https:\/\/scheitza-kunden.de\/efp-dev\/wp-json\/wp\/v2\/comments?post=1008"}],"version-history":[{"count":13,"href":"https:\/\/scheitza-kunden.de\/efp-dev\/wp-json\/wp\/v2\/pages\/1008\/revisions"}],"predecessor-version":[{"id":3738,"href":"https:\/\/scheitza-kunden.de\/efp-dev\/wp-json\/wp\/v2\/pages\/1008\/revisions\/3738"}],"wp:attachment":[{"href":"https:\/\/scheitza-kunden.de\/efp-dev\/wp-json\/wp\/v2\/media?parent=1008"}],"curies":[{"name":"wp","href":"https:\/\/api.w.org\/{rel}","templated":true}]}}