{"id":135,"date":"2014-06-06T17:16:42","date_gmt":"2014-06-06T15:16:42","guid":{"rendered":"http:\/\/www.scheitzaplus.com\/efp\/?page_id=135"},"modified":"2023-10-19T14:13:37","modified_gmt":"2023-10-19T12:13:37","slug":"cards-payments","status":"publish","type":"page","link":"https:\/\/scheitza-kunden.de\/efp-dev\/expertisen\/cards-payments\/","title":{"rendered":"Cards &#038; Payments"},"content":{"rendered":"<div class=\"wpb-content-wrapper\">[vc_row padding_top=&#8221;0px&#8221; padding_bottom=&#8221;0px&#8221;][vc_column fade_animation_offset=&#8221;45px&#8221; offset=&#8221;vc_hidden-xs&#8221;][vc_custom_heading text=&#8221;Kartengesch\u00e4ft&#8221; font_container=&#8221;tag:h2|font_size:24|text_align:left|color:%23ff8a00&#8243; google_fonts=&#8221;font_family:Open%20Sans%3A300%2C300italic%2Cregular%2Citalic%2C600%2C600italic%2C700%2C700italic%2C800%2C800italic|font_style:400%20regular%3A400%3Anormal&#8221;][vc_custom_heading text=&#8221;Wir kennen alle Facetten des Kartengesch\u00e4fts&#8221; font_container=&#8221;tag:h1|font_size:32|text_align:left|color:%23195d7d|line_height:40px&#8221; google_fonts=&#8221;font_family:Open%20Sans%3A300%2C300italic%2Cregular%2Citalic%2C600%2C600italic%2C700%2C700italic%2C800%2C800italic|font_style:400%20regular%3A400%3Anormal&#8221;][vc_empty_space][vc_column_text]Das Kartengesch\u00e4ft ist wegen seiner vielen involvierten Parteien und der globalen Ausrichtung sehr komplex. Je nach Rolle des jeweiligen Marktteilnehmers unterscheiden sich Rahmenbedingungen, Anforderungen und Zielsetzung. Daher erfordert es jeweils\u00a0eine spezifische Perspektive f\u00fcr die Beurteilung bestimmter Fragestellungen.<\/p>\n<p>Seit vielen Jahren begleiten und beraten wir die unterschiedlichen Marktteilnehmer, wie Herausgeber von Debitkarten, Kreditkarten und Kundenkarten (&#8220;Issuer&#8221;), Akzeptanzunternehmen (&#8220;Acquirer&#8221;), Netzbetreiber und technische Dienstleister (&#8220;Prozessoren&#8221;), bei der Umsetzung ihrer jeweils spezifischen Aufgabenstellung\u00a0&#8211; sowohl im Tages- wie auch im Projektgesch\u00e4ft. Wir haben so ein profundes Wissen der jeweiligen Belange, wie auch der Gesamtzusammenh\u00e4nge in diesem komplexen Umfeld aufgebaut.<\/p>\n<p>Als intime Kenner der Materie k\u00f6nnen wir Sie bei der effizienten\u00a0Umsetzung Ihrer Vorhaben auf allen erforderlichen Ebenen unterst\u00fctzen &#8211; von der Entwicklung ganzheitlicher Strategien, \u00fcber die Konzeption bis hin zur Einf\u00fchrung neuer Produkte und L\u00f6sungen.[\/vc_column_text][\/vc_column][\/vc_row][vc_row padding_top=&#8221;0px&#8221; padding_bottom=&#8221;0px&#8221;][vc_column fade_animation_offset=&#8221;45px&#8221; offset=&#8221;vc_hidden-lg vc_hidden-md vc_hidden-sm&#8221;][vc_custom_heading text=&#8221;Kartengesch\u00e4ft&#8221; font_container=&#8221;tag:h2|font_size:24|text_align:left|color:%23ff8a00&#8243; google_fonts=&#8221;font_family:Open%20Sans%3A300%2C300italic%2Cregular%2Citalic%2C600%2C600italic%2C700%2C700italic%2C800%2C800italic|font_style:400%20regular%3A400%3Anormal&#8221;][vc_custom_heading text=&#8221;Wir kennen alle Facetten des Kartengesch\u00e4fts&#8221; font_container=&#8221;tag:h1|font_size:32|text_align:left|color:%23195d7d|line_height:40px&#8221; google_fonts=&#8221;font_family:Open%20Sans%3A300%2C300italic%2Cregular%2Citalic%2C600%2C600italic%2C700%2C700italic%2C800%2C800italic|font_style:400%20regular%3A400%3Anormal&#8221;][vc_empty_space][vc_column_text]Das Kartengesch\u00e4ft ist wegen seiner vielen involvierten Parteien und der globalen Ausrichtung sehr komplex. Je nach Rolle des jeweiligen Marktteilnehmers unterscheiden sich Rahmenbedingungen, Anforderungen und Zielsetzung. Daher erfordert es jeweils\u00a0eine spezifische Perspektive f\u00fcr die Beurteilung bestimmter Fragestellungen.<\/p>\n<p>Seit vielen Jahren begleiten und beraten wir die unterschiedlichen Marktteilnehmer, wie Herausgeber von Debitkarten, Kreditkarten und Kundenkarten (&#8220;Issuer&#8221;), Akzeptanzunternehmen (&#8220;Acquirer&#8221;), Netzbetreiber und technische Dienstleister (&#8220;Prozessoren&#8221;), bei der Umsetzung ihrer jeweils spezifischen Aufgabenstellung\u00a0&#8211; sowohl im Tages- wie auch im Projektgesch\u00e4ft. Wir haben so ein profundes Wissen der jeweiligen Belange, wie auch der Gesamtzusammenh\u00e4nge in diesem komplexen Umfeld aufgebaut.<\/p>\n<p class=\"p1\"><span><a onclick=\"read_toggle(1310617994, 'Mehr lesen', 'Weniger lesen'); return false;\" class=\"read-link\" id=\"readlink1310617994\" style=\"readlink\" href=\"#\">Mehr lesen<\/a><\/span>\n<div class=\"read_div\" id=\"read1310617994\" style=\"display: none;\">\n<p>Als intime Kenner der Materie k\u00f6nnen wir Sie bei der effizienten\u00a0Umsetzung Ihrer Vorhaben auf allen erforderlichen Ebenen unterst\u00fctzen &#8211; von der Entwicklung ganzheitlicher Strategien, \u00fcber die Konzeption bis hin zur Einf\u00fchrung neuer Produkte und L\u00f6sungen.<\/div>[\/vc_column_text][\/vc_column][\/vc_row]\n<\/div>","protected":false},"excerpt":{"rendered":"<p>[vc_row padding_top=&#8221;0px&#8221; padding_bottom=&#8221;0px&#8221;][vc_column fade_animation_offset=&#8221;45px&#8221; offset=&#8221;vc_hidden-xs&#8221;][vc_custom_heading text=&#8221;Kartengesch\u00e4ft&#8221; font_container=&#8221;tag:h2|font_size:24|text_align:left|color:%23ff8a00&#8243; google_fonts=&#8221;font_family:Open%20Sans%3A300%2C300italic%2Cregular%2Citalic%2C600%2C600italic%2C700%2C700italic%2C800%2C800italic|font_style:400%20regular%3A400%3Anormal&#8221;][vc_custom_heading text=&#8221;Wir kennen alle Facetten des Kartengesch\u00e4fts&#8221; font_container=&#8221;tag:h1|font_size:32|text_align:left|color:%23195d7d|line_height:40px&#8221; google_fonts=&#8221;font_family:Open%20Sans%3A300%2C300italic%2Cregular%2Citalic%2C600%2C600italic%2C700%2C700italic%2C800%2C800italic|font_style:400%20regular%3A400%3Anormal&#8221;][vc_empty_space][vc_column_text]Das Kartengesch\u00e4ft ist wegen seiner vielen involvierten Parteien und der globalen Ausrichtung sehr komplex. Je nach Rolle des jeweiligen Marktteilnehmers unterscheiden sich Rahmenbedingungen, Anforderungen und Zielsetzung. Daher erfordert es jeweils\u00a0eine spezifische Perspektive f\u00fcr die Beurteilung bestimmter Fragestellungen. Seit vielen Jahren begleiten und beraten wir die &#8230; <\/p>\n<div><a href=\"https:\/\/scheitza-kunden.de\/efp-dev\/expertisen\/cards-payments\/\" class=\"more-link\">Read More<\/a><\/div>\n","protected":false},"author":12,"featured_media":0,"parent":129,"menu_order":0,"comment_status":"closed","ping_status":"closed","template":"","meta":{"footnotes":""},"_links":{"self":[{"href":"https:\/\/scheitza-kunden.de\/efp-dev\/wp-json\/wp\/v2\/pages\/135"}],"collection":[{"href":"https:\/\/scheitza-kunden.de\/efp-dev\/wp-json\/wp\/v2\/pages"}],"about":[{"href":"https:\/\/scheitza-kunden.de\/efp-dev\/wp-json\/wp\/v2\/types\/page"}],"author":[{"embeddable":true,"href":"https:\/\/scheitza-kunden.de\/efp-dev\/wp-json\/wp\/v2\/users\/12"}],"replies":[{"embeddable":true,"href":"https:\/\/scheitza-kunden.de\/efp-dev\/wp-json\/wp\/v2\/comments?post=135"}],"version-history":[{"count":24,"href":"https:\/\/scheitza-kunden.de\/efp-dev\/wp-json\/wp\/v2\/pages\/135\/revisions"}],"predecessor-version":[{"id":3480,"href":"https:\/\/scheitza-kunden.de\/efp-dev\/wp-json\/wp\/v2\/pages\/135\/revisions\/3480"}],"up":[{"embeddable":true,"href":"https:\/\/scheitza-kunden.de\/efp-dev\/wp-json\/wp\/v2\/pages\/129"}],"wp:attachment":[{"href":"https:\/\/scheitza-kunden.de\/efp-dev\/wp-json\/wp\/v2\/media?parent=135"}],"curies":[{"name":"wp","href":"https:\/\/api.w.org\/{rel}","templated":true}]}}