{"id":161,"date":"2014-06-06T17:20:29","date_gmt":"2014-06-06T15:20:29","guid":{"rendered":"http:\/\/www.scheitzaplus.com\/efp\/?page_id=161"},"modified":"2023-10-19T18:38:29","modified_gmt":"2023-10-19T16:38:29","slug":"referenzen-2","status":"publish","type":"page","link":"https:\/\/scheitza-kunden.de\/efp-dev\/beratungsfokus\/referenzen-2\/","title":{"rendered":"Referenzen"},"content":{"rendered":"<div class=\"wpb-content-wrapper\">[vc_row][vc_column][vc_custom_heading text=&#8221;Unsere Referenzen&#8221; font_container=&#8221;tag:h2|font_size:24|text_align:left|color:%23ff8a00&#8243; google_fonts=&#8221;font_family:Open%20Sans%3A300%2C300italic%2Cregular%2Citalic%2C600%2C600italic%2C700%2C700italic%2C800%2C800italic|font_style:400%20regular%3A400%3Anormal&#8221;][vc_custom_heading text=&#8221;Tue Gutes und sprich dar\u00fcber \u2013 aber mit Bedacht&#8221; font_container=&#8221;tag:h1|font_size:32|text_align:left|color:%23195d7d|line_height:40px&#8221; google_fonts=&#8221;font_family:Open%20Sans%3A300%2C300italic%2Cregular%2Citalic%2C600%2C600italic%2C700%2C700italic%2C800%2C800italic|font_style:400%20regular%3A400%3Anormal&#8221;][vc_empty_space][vc_column_text]Unsere Spezialisierung liegt auf dem Finanzbereich mit all seinen Facetten. Hier arbeiten wir naturgem\u00e4\u00df immer an sensiblen Themen. Daher ist es f\u00fcr uns selbstverst\u00e4ndlich, dass wir unsere Kundenbeziehungen auch entsprechend diskret behandeln.<\/p>\n<p>Viel aussagekr\u00e4ftiger, als sich mit gro\u00dfen Kundennamen zu schm\u00fccken, sind auch zweifelsfrei unsere exemplarischen <a title=\"Bibliothek\" href=\"https:\/\/scheitza-kunden.de\/efp-dev\/publikationen\/\">Case Studies<\/a>, die sehr detailliert unsere unterschiedlichen Aufgabenstellungen, unseren Beratungsansatz und Managementstil und unsere jeweiligen Probleml\u00f6sungen im Kontext reflektieren.<\/p>\n<p>Wie k\u00f6nnen wir Sie unterst\u00fctzen?[\/vc_column_text][\/vc_column][\/vc_row]\n<\/div>","protected":false},"excerpt":{"rendered":"<p>[vc_row][vc_column][vc_custom_heading text=&#8221;Unsere Referenzen&#8221; font_container=&#8221;tag:h2|font_size:24|text_align:left|color:%23ff8a00&#8243; google_fonts=&#8221;font_family:Open%20Sans%3A300%2C300italic%2Cregular%2Citalic%2C600%2C600italic%2C700%2C700italic%2C800%2C800italic|font_style:400%20regular%3A400%3Anormal&#8221;][vc_custom_heading text=&#8221;Tue Gutes und sprich dar\u00fcber \u2013 aber mit Bedacht&#8221; font_container=&#8221;tag:h1|font_size:32|text_align:left|color:%23195d7d|line_height:40px&#8221; google_fonts=&#8221;font_family:Open%20Sans%3A300%2C300italic%2Cregular%2Citalic%2C600%2C600italic%2C700%2C700italic%2C800%2C800italic|font_style:400%20regular%3A400%3Anormal&#8221;][vc_empty_space][vc_column_text]Unsere Spezialisierung liegt auf dem Finanzbereich mit all seinen Facetten. Hier arbeiten wir naturgem\u00e4\u00df immer an sensiblen Themen. Daher ist es f\u00fcr uns selbstverst\u00e4ndlich, dass wir unsere Kundenbeziehungen auch entsprechend diskret behandeln. Viel aussagekr\u00e4ftiger, als sich mit gro\u00dfen Kundennamen zu schm\u00fccken, sind auch zweifelsfrei unsere &#8230; <\/p>\n<div><a href=\"https:\/\/scheitza-kunden.de\/efp-dev\/beratungsfokus\/referenzen-2\/\" class=\"more-link\">Read More<\/a><\/div>\n","protected":false},"author":13,"featured_media":0,"parent":3432,"menu_order":31,"comment_status":"closed","ping_status":"closed","template":"template-blank-1.php","meta":{"footnotes":""},"_links":{"self":[{"href":"https:\/\/scheitza-kunden.de\/efp-dev\/wp-json\/wp\/v2\/pages\/161"}],"collection":[{"href":"https:\/\/scheitza-kunden.de\/efp-dev\/wp-json\/wp\/v2\/pages"}],"about":[{"href":"https:\/\/scheitza-kunden.de\/efp-dev\/wp-json\/wp\/v2\/types\/page"}],"author":[{"embeddable":true,"href":"https:\/\/scheitza-kunden.de\/efp-dev\/wp-json\/wp\/v2\/users\/13"}],"replies":[{"embeddable":true,"href":"https:\/\/scheitza-kunden.de\/efp-dev\/wp-json\/wp\/v2\/comments?post=161"}],"version-history":[{"count":14,"href":"https:\/\/scheitza-kunden.de\/efp-dev\/wp-json\/wp\/v2\/pages\/161\/revisions"}],"predecessor-version":[{"id":3498,"href":"https:\/\/scheitza-kunden.de\/efp-dev\/wp-json\/wp\/v2\/pages\/161\/revisions\/3498"}],"up":[{"embeddable":true,"href":"https:\/\/scheitza-kunden.de\/efp-dev\/wp-json\/wp\/v2\/pages\/3432"}],"wp:attachment":[{"href":"https:\/\/scheitza-kunden.de\/efp-dev\/wp-json\/wp\/v2\/media?parent=161"}],"curies":[{"name":"wp","href":"https:\/\/api.w.org\/{rel}","templated":true}]}}