{"id":171,"date":"2014-06-06T17:22:09","date_gmt":"2014-06-06T15:22:09","guid":{"rendered":"http:\/\/www.scheitzaplus.com\/efp\/?page_id=171"},"modified":"2024-02-28T10:53:19","modified_gmt":"2024-02-28T09:53:19","slug":"impressum","status":"publish","type":"page","link":"https:\/\/scheitza-kunden.de\/efp-dev\/impressum\/","title":{"rendered":"Impressum und rechtliche Hinweise"},"content":{"rendered":"<div class=\"wpb-content-wrapper\">[vc_row][vc_column][vc_custom_heading text=&#8221;Impressum und rechtliche Hinweise&#8221; font_container=&#8221;tag:h1|font_size:32|text_align:left|color:%23195d7d|line_height:40px&#8221; google_fonts=&#8221;font_family:Open%20Sans%3A300%2C300italic%2Cregular%2Citalic%2C600%2C600italic%2C700%2C700italic%2C800%2C800italic|font_style:400%20regular%3A400%3Anormal&#8221;][vc_empty_space][vc_column_text]\n<div id=\"content\">\n<p>Die EFP Unternehmensberatung pr\u00fcft und aktualisiert die Informationen auf ihren Webseiten st\u00e4ndig. Trotz aller Sorgfalt k\u00f6nnen sich die Daten inzwischen ver\u00e4ndert haben. Eine Haftung oder Garantie f\u00fcr die Aktualit\u00e4t, Richtigkeit und Vollst\u00e4ndigkeit der zur Verf\u00fcgung gestellten Informationen kann daher nicht \u00fcbernommen werden. Gleiches gilt auch f\u00fcr alle anderen Webseiten, auf die verwiesen wird. Die EFP Unternehmensberatung ist f\u00fcr den Inhalt der Webseiten, die aufgrund einer solchen Verbindung erreicht werden, nicht verantwortlich.<\/p>\n<p>Dar\u00fcber hinaus beh\u00e4lt sich die EFP Unternehmensberatung jederzeit das Recht vor, \u00c4nderungen oder Erg\u00e4nzungen an den bereitgestellten Informationen vorzunehmen.<\/p>\n<p>Inhalt und Struktur der Website sind urheberrechtlich gesch\u00fctzt. Die Vervielf\u00e4ltigung von Informationen oder Daten, insbesondere die Verwendung von Texten, Textteilen oder Bildmaterial, bedarf der vorherigen schriftlichen Zustimmung der Gesellschaft.<\/p>\n<p><em>EFP Unternehmensberatung GmbH<\/em><br \/>\nLangheckenweg 10<br \/>\nD-60433 Frankfurt<br \/>\nFon: +49 (0)69 51 91 35<br \/>\nFax: +49 (0)69 51 91 32<br \/>\n<a href=\"mailto:info@efp-consulting.de\">info@efp-consulting.de<\/a><\/p>\n<p>Handelsregister: Amtsgericht Frankfurt am Main HRB 57052<br \/>\nGerichtsstand: Frankfurt am Main<br \/>\nUmsatzsteuer-ID: DE 228965779<br \/>\nGesch\u00e4ftsf\u00fchrer: Dipl. Phys. Petra Fritzel<\/p>\n<p><em>Vertretungsberechtigte Gesellschafter:<\/em><br \/>\nAlfred Fritzel, Carsten Hahn, Collin Eibl, Eial Lazarovic<\/p>\n<p><em>Verantwortlich f\u00fcr den Inhalt<\/em> gem\u00e4\u00df \u00a75\u00a0TMG:<br \/>\nCollin Eibl<\/p>\n<p><em>Verantwortlich f\u00fcr Gestaltung und Umsetzung<\/em>:<br \/>\n<a href=\"https:\/\/www.scheitzaplus.com\" target=\"_blank\" rel=\"noopener\">Scheitza + Scheitza Marketing GmbH<\/a><\/p>\n<\/div>\n[\/vc_column_text][\/vc_column][\/vc_row]\n<\/div>","protected":false},"excerpt":{"rendered":"<p>[vc_row][vc_column][vc_custom_heading text=&#8221;Impressum und rechtliche Hinweise&#8221; font_container=&#8221;tag:h1|font_size:32|text_align:left|color:%23195d7d|line_height:40px&#8221; google_fonts=&#8221;font_family:Open%20Sans%3A300%2C300italic%2Cregular%2Citalic%2C600%2C600italic%2C700%2C700italic%2C800%2C800italic|font_style:400%20regular%3A400%3Anormal&#8221;][vc_empty_space][vc_column_text] Die EFP Unternehmensberatung pr\u00fcft und aktualisiert die Informationen auf ihren Webseiten st\u00e4ndig. Trotz aller Sorgfalt k\u00f6nnen sich die Daten inzwischen ver\u00e4ndert haben. Eine Haftung oder Garantie f\u00fcr die Aktualit\u00e4t, Richtigkeit und Vollst\u00e4ndigkeit der zur Verf\u00fcgung gestellten Informationen kann daher nicht \u00fcbernommen werden. Gleiches gilt auch f\u00fcr alle anderen Webseiten, auf die verwiesen wird. &#8230; <\/p>\n<div><a href=\"https:\/\/scheitza-kunden.de\/efp-dev\/impressum\/\" class=\"more-link\">Read More<\/a><\/div>\n","protected":false},"author":13,"featured_media":0,"parent":0,"menu_order":26,"comment_status":"closed","ping_status":"closed","template":"template-layout-full-width.php","meta":{"footnotes":""},"_links":{"self":[{"href":"https:\/\/scheitza-kunden.de\/efp-dev\/wp-json\/wp\/v2\/pages\/171"}],"collection":[{"href":"https:\/\/scheitza-kunden.de\/efp-dev\/wp-json\/wp\/v2\/pages"}],"about":[{"href":"https:\/\/scheitza-kunden.de\/efp-dev\/wp-json\/wp\/v2\/types\/page"}],"author":[{"embeddable":true,"href":"https:\/\/scheitza-kunden.de\/efp-dev\/wp-json\/wp\/v2\/users\/13"}],"replies":[{"embeddable":true,"href":"https:\/\/scheitza-kunden.de\/efp-dev\/wp-json\/wp\/v2\/comments?post=171"}],"version-history":[{"count":24,"href":"https:\/\/scheitza-kunden.de\/efp-dev\/wp-json\/wp\/v2\/pages\/171\/revisions"}],"predecessor-version":[{"id":3734,"href":"https:\/\/scheitza-kunden.de\/efp-dev\/wp-json\/wp\/v2\/pages\/171\/revisions\/3734"}],"wp:attachment":[{"href":"https:\/\/scheitza-kunden.de\/efp-dev\/wp-json\/wp\/v2\/media?parent=171"}],"curies":[{"name":"wp","href":"https:\/\/api.w.org\/{rel}","templated":true}]}}