{"id":1876,"date":"2021-04-16T20:28:42","date_gmt":"2021-04-16T18:28:42","guid":{"rendered":"https:\/\/scheitza-kunden.de\/efp-dev\/?page_id=1876"},"modified":"2024-03-06T16:47:42","modified_gmt":"2024-03-06T15:47:42","slug":"kooperationspartner","status":"publish","type":"page","link":"https:\/\/scheitza-kunden.de\/efp-dev\/ueber-uns\/kooperationspartner\/","title":{"rendered":"Kooperationspartner"},"content":{"rendered":"<div class=\"wpb-content-wrapper\">[vc_row][vc_column][vc_custom_heading text=&#8221;Unsere Kooperationspartner&#8221; font_container=&#8221;tag:h2|font_size:24|text_align:left&#8221;][vc_custom_heading text=&#8221;Nichts ist st\u00e4rker als ein funktionierendes Netzwerk&#8221; font_container=&#8221;tag:h1|font_size:32|text_align:left&#8221;][vc_empty_space][vc_column_text]<span class=\"TextRun SCXO146682249 BCX4\" lang=\"DE-DE\" xml:lang=\"DE-DE\" data-contrast=\"auto\"><span class=\"NormalTextRun SCXO146682249 BCX4\">Wir haben in der Praxis die Erfahrung gemacht, dass die F\u00e4higkeit, den vielschichtiger und komplexer werdenden Herausforderungen in einem interdisziplin\u00e4ren Ansatz begegnen zu k\u00f6nnen, oftmals erfolgskritisch ist. In diesem Ansatz werden die Teams f\u00fcr die L\u00f6sung bestimmter Aufgaben aus Experten verschiedener Partner <\/span><span class=\"SpellingError SCXO146682249 BCX4\">skillbasiert<\/span><span class=\"NormalTextRun SCXO146682249 BCX4\"> zusammengesetzt, um m\u00f6glichst effizient und auch ressourcenschonend f\u00fcr die Kunden agieren zu k\u00f6nnen. Mit unserem seit Jahren stetig ausgebauten Netzwerk verl\u00e4sslicher Kooperations-Partner sind wir in der Lage, einem immer breiter werdenden Anforderungsspektrum unserer Kunden durch B\u00fcndelung verschiedener Kompetenzen optimal gerecht zu werden.<\/span><\/span><span class=\"EOP SCXO146682249 BCX4\">\u00a0<\/span>[\/vc_column_text][\/vc_column][\/vc_row][vc_row gap=&#8221;10&#8243; css=&#8221;.vc_custom_1619699818234{margin-bottom: 20px !important;}&#8221;][vc_column width=&#8221;1\/3&#8243;][vc_hoverbox image=&#8221;2297&#8243; primary_title=&#8221;&#8221; hover_title=&#8221;Firstwaters&#8221; hover_title_font_container=&#8221;font_size:18&#8243; hover_title_google_fonts=&#8221;font_family:Lato%3A100%2C100italic%2C300%2C300italic%2Cregular%2Citalic%2C700%2C700italic%2C900%2C900italic|font_style:400%20regular%3A400%3Anormal&#8221; use_custom_fonts_hover_title=&#8221;true&#8221; hover_title_link=&#8221;url:https%3A%2F%2Fwww.firstwaters.de%2F|target:_blank&#8221;]Unsere Berater*innen zeichnen sich durch hohe Kompetenz und langj\u00e4hrige Erfahrung in der Banken- und Beratungsbranche aus. Durch einen einzigartigen Dreiklang aus herausragendem Fachwissen, exzellenter technischer Expertise und tiefgreifender Methodik sind wir in der Lage, Projektvorhaben von der ersten Idee bis hin zum erfolgreichen Einsatz in Produktion zielgerichtet und effizient zu unterst\u00fctzen.[\/vc_hoverbox][\/vc_column][vc_column width=&#8221;1\/3&#8243;][vc_hoverbox image=&#8221;2745&#8243; primary_title=&#8221;&#8221; hover_title=&#8221;PAWLIK Digital&#8221; hover_title_font_container=&#8221;font_size:18&#8243; hover_title_google_fonts=&#8221;font_family:Lato%3A100%2C100italic%2C300%2C300italic%2Cregular%2Citalic%2C700%2C700italic%2C900%2C900italic|font_style:400%20regular%3A400%3Anormal&#8221; use_custom_fonts_hover_title=&#8221;true&#8221; hover_title_link=&#8221;url:http%3A%2F%2Fwww.pawlik-digital.com|title:Pawlik%20Digital|target:_blank&#8221;]PAWLIK Digital begleitet Sie durch die digitale Transformation. Wir schaffen erfolgreiche digitale Gesch\u00e4ftsmodelle, digitale Produkte und digitale Prozesse.[\/vc_hoverbox][\/vc_column][vc_column width=&#8221;1\/3&#8243;][vc_hoverbox image=&#8221;2302&#8243; primary_title=&#8221;&#8221; hover_title=&#8221;Assure Consulting&#8221; hover_title_font_container=&#8221;font_size:18&#8243; hover_title_google_fonts=&#8221;font_family:Lato%3A100%2C100italic%2C300%2C300italic%2Cregular%2Citalic%2C700%2C700italic%2C900%2C900italic|font_style:400%20regular%3A400%3Anormal&#8221; use_custom_fonts_hover_title=&#8221;true&#8221; hover_title_link=&#8221;url:https%3A%2F%2Fwww.assure.de%2Fde|target:_blank&#8221;]Als eine der f\u00fchrenden Unternehmensberatungen f\u00fcr Projektmanagement unterst\u00fctzen wir mit unseren ca. 150 Beratern internationale Konzerne dabei, Gro\u00dfprojekte und Multiprojektsituationen erfolgreich zu realisieren, Prozesse und Methoden der Projektorganisation zu optimieren sowie deren agile Transformation voranzutreiben.[\/vc_hoverbox][\/vc_column][\/vc_row][vc_row][vc_column width=&#8221;1\/3&#8243;][vc_hoverbox image=&#8221;2419&#8243; primary_title=&#8221;&#8221; hover_title=&#8221;Arkwright&#8221; hover_title_font_container=&#8221;font_size:18&#8243; hover_title_google_fonts=&#8221;font_family:Lato%3A100%2C100italic%2C300%2C300italic%2Cregular%2Citalic%2C700%2C700italic%2C900%2C900italic|font_style:400%20regular%3A400%3Anormal&#8221; use_custom_fonts_hover_title=&#8221;true&#8221; hover_title_link=&#8221;url:https%3A%2F%2Fwww.arkwright.de%2F|target:_blank&#8221;]\n<p class=\"xmsonormal\">Internationale Managementberatung mit Schwerpunkten in den Themen Payment, digital Identity und Open Banking. Arkwright kommt aus den Nordics, der ersten \u201eCashless Society\u201c und gestaltet heute weltweit Gesch\u00e4fts- und Betriebsmodelle entlang der gesamten Payment-Wertsch\u00f6pfungskette und \u00fcber alle Kan\u00e4le.<\/p>\n<p style=\"color: #f3f3f3;\">T<\/p>\n[\/vc_hoverbox][\/vc_column][vc_column width=&#8221;1\/3&#8243;][vc_hoverbox image=&#8221;2445&#8243; primary_title=&#8221;&#8221; hover_title=&#8221;Senacor Technologies AG&#8221; hover_title_font_container=&#8221;font_size:18&#8243; hover_title_google_fonts=&#8221;font_family:Lato%3A100%2C100italic%2C300%2C300italic%2Cregular%2Citalic%2C700%2C700italic%2C900%2C900italic|font_style:400%20regular%3A400%3Anormal&#8221; use_custom_fonts_hover_title=&#8221;true&#8221; hover_title_link=&#8221;url:https%3A%2F%2Fsenacor.com%2F&#8221;]Senacor ist ein unabh\u00e4ngiges Dienstleistungsunternehmen f\u00fcr Business-IT-Transformation, das als strategischer Partner f\u00fcr Marktf\u00fchrer aus Deutschland, \u00d6sterreich und der Schweiz Mehrwert durch Technologie schafft. Fast 600 Mitarbeiter bauen bestehende IT-Landschaften um und entwickeln digitiale Plattformen. Senacor verf\u00fcgt \u00fcber ein Nearshore-Entwicklungszentrum in der Slowakei.[\/vc_hoverbox][\/vc_column][vc_column width=&#8221;1\/3&#8243;][vc_hoverbox image=&#8221;2571&#8243; primary_title=&#8221;&#8221; hover_title=&#8221;Mambu&#8221; hover_title_font_container=&#8221;font_size:18&#8243; hover_title_google_fonts=&#8221;font_family:Lato%3A100%2C100italic%2C300%2C300italic%2Cregular%2Citalic%2C700%2C700italic%2C900%2C900italic|font_style:400%20regular%3A400%3Anormal&#8221; use_custom_fonts_hover_title=&#8221;true&#8221; hover_title_link=&#8221;url:http%3A%2F%2Fwww.mambu.com|target:_blank&#8221;]Mambu was launched in 2011 with the vision to enable access to modern financial services for all. We make this possible by providing a modern cloud-native banking platform that not only competes with core products from traditional players but changes the market through our composable banking approach. We&#8217;re bringing SaaS to banking at a time when it&#8217;s needed the most.[\/vc_hoverbox][\/vc_column][\/vc_row][vc_row][vc_column width=&#8221;1\/3&#8243;][vc_hoverbox image=&#8221;2612&#8243; primary_title=&#8221;&#8221; hover_title=&#8221;GBS Pay&#8221; hover_title_font_container=&#8221;font_size:18&#8243; hover_title_google_fonts=&#8221;font_family:Lato%3A100%2C100italic%2C300%2C300italic%2Cregular%2Citalic%2C700%2C700italic%2C900%2C900italic|font_style:400%20regular%3A400%3Anormal&#8221; use_custom_fonts_hover_title=&#8221;true&#8221; hover_title_link=&#8221;url:https%3A%2F%2Fgbspay.com%2F|target:_blank&#8221;]\n<p class=\"xmsonormal\">GBS pay ist die strategische Allianz von GBS Software AG und NCR. Kern des Angebots ist eine cutting edge 24\/7 omni-channel Processingplattform, die realtime jede (Payment-) Transaktion verarbeitet und dabei in jedes zur Weiterverarbeitung ben\u00f6tigte Format, z.B. deutsches Bankverfahren, konvertiert.<\/p>\n<p style=\"color: #f3f3f3;\">T<\/p>\n[\/vc_hoverbox][\/vc_column][vc_column width=&#8221;1\/3&#8243;][vc_hoverbox image=&#8221;3266&#8243; primary_title=&#8221;&#8221; hover_title=&#8221;Pentawork Solutions&#8221; hover_title_font_container=&#8221;font_size:18&#8243; hover_title_google_fonts=&#8221;font_family:Lato%3A100%2C100italic%2C300%2C300italic%2Cregular%2Citalic%2C700%2C700italic%2C900%2C900italic|font_style:400%20regular%3A400%3Anormal&#8221; use_custom_fonts_hover_title=&#8221;true&#8221; hover_title_link=&#8221;url:https%3A%2F%2Fwww.pentawork.de%2F|target:_blank&#8221;]\n<p data-pm-slice=\"1 1 [&quot;list&quot;,{},&quot;list_item&quot;,{&quot;indent&quot;:1,&quot;type&quot;:&quot;bulleted&quot;}]\">Wir sind Ihr Partner f\u00fcr die Einf\u00fchrung und Erweiterung von CRM-L\u00f6sungen. Wir helfen Ihnen dabei, manuelle Workflows durch digitalisierte Prozesse zu ersetzen. Durch langj\u00e4hrigen Erfahrung im Finanzsektor entwickeln wir effiziente, integrierte L\u00f6sungen mit MS Dynamics CRM &amp; .NET\/C#. Die Entfesselung Ihres Potentials ist unser Ziel.<\/p>\n<p style=\"color: #f3f3f3;\">T<\/p>\n[\/vc_hoverbox][\/vc_column][vc_column width=&#8221;1\/3&#8243; css=&#8221;.vc_custom_1709739474244{background-color: #ffffff !important;}&#8221;][vc_hoverbox image=&#8221;3765&#8243; primary_title=&#8221;&#8221; hover_title=&#8221;Neuhauser Beratung&#8221; hover_title_font_container=&#8221;font_size:18&#8243; hover_title_google_fonts=&#8221;font_family:Lato%3A100%2C100italic%2C300%2C300italic%2Cregular%2Citalic%2C700%2C700italic%2C900%2C900italic|font_style:400%20regular%3A400%3Anormal&#8221; use_custom_fonts_hover_title=&#8221;true&#8221; hover_title_link=&#8221;url:http%3A%2F%2Fwww.neuhauserberatung.de%2F|target:_blank&#8221; css=&#8221;.vc_custom_1709740060270{background-color: #ffffff !important;}&#8221; el_class=&#8221;background-color: #ffffff;&#8221;]\n<p class=\"xmsonormal\">Mit Augenma\u00df, Empathie und fundierter Methodik<\/p>\n<p>Strategien in der Organisation verankern, Ver\u00e4nderungen gestalten und weiter zu treiben. Projekte begleiten, Teams bef\u00e4higen, Wege finden, auch zum F\u00fchren ohne Hierarchie<\/p>\n<p style=\"color: #f3f3f3;\">T<\/p>\n[\/vc_hoverbox][\/vc_column][\/vc_row][vc_row][vc_column width=&#8221;1\/3&#8243;][\/vc_column][vc_column width=&#8221;1\/3&#8243;][vc_hoverbox image=&#8221;2422&#8243; primary_title=&#8221;&#8221; hover_title=&#8221;Hier klafft eine L\u00fccke!&#8221; hover_title_font_container=&#8221;font_size:18&#8243; hover_title_google_fonts=&#8221;font_family:Lato%3A100%2C100italic%2C300%2C300italic%2Cregular%2Citalic%2C700%2C700italic%2C900%2C900italic|font_style:400%20regular%3A400%3Anormal&#8221; hover_btn_title=&#8221;Kontakt&#8221; hover_btn_color=&#8221;warning&#8221; hover_btn_align=&#8221;center&#8221; use_custom_fonts_hover_title=&#8221;true&#8221; hover_add_button=&#8221;true&#8221; hover_title_link=&#8221;url:https%3A%2F%2Fscheitza-kunden.de%2Fefp-dev%2Fkontakt%2F|title:Kontakt|target:_blank&#8221; hover_btn_link=&#8221;url:https%3A%2F%2Fscheitza-kunden.de%2Fefp-dev%2Fkontakt%2F|title:Kontakt|target:_blank&#8221;]Das k\u00f6nnte Ihre Kachel in unserem Partner-Puzzle sein! Bei Interesse an einer Kooperation freuen wir uns \u00fcber eine Nachricht von Ihnen.[\/vc_hoverbox][\/vc_column][vc_column width=&#8221;1\/3&#8243;][\/vc_column][\/vc_row]\n<\/div>","protected":false},"excerpt":{"rendered":"<p>[vc_row][vc_column][vc_custom_heading text=&#8221;Unsere Kooperationspartner&#8221; font_container=&#8221;tag:h2|font_size:24|text_align:left&#8221;][vc_custom_heading text=&#8221;Nichts ist st\u00e4rker als ein funktionierendes Netzwerk&#8221; font_container=&#8221;tag:h1|font_size:32|text_align:left&#8221;][vc_empty_space][vc_column_text]Wir haben in der Praxis die Erfahrung gemacht, dass die F\u00e4higkeit, den vielschichtiger und komplexer werdenden Herausforderungen in einem interdisziplin\u00e4ren Ansatz begegnen zu k\u00f6nnen, oftmals erfolgskritisch ist. In diesem Ansatz werden die Teams f\u00fcr die L\u00f6sung bestimmter Aufgaben aus Experten verschiedener Partner skillbasiert zusammengesetzt, um m\u00f6glichst effizient und auch &#8230; <\/p>\n<div><a href=\"https:\/\/scheitza-kunden.de\/efp-dev\/ueber-uns\/kooperationspartner\/\" class=\"more-link\">Read More<\/a><\/div>\n","protected":false},"author":13,"featured_media":0,"parent":9,"menu_order":48,"comment_status":"closed","ping_status":"closed","template":"template-blank-1.php","meta":{"footnotes":""},"_links":{"self":[{"href":"https:\/\/scheitza-kunden.de\/efp-dev\/wp-json\/wp\/v2\/pages\/1876"}],"collection":[{"href":"https:\/\/scheitza-kunden.de\/efp-dev\/wp-json\/wp\/v2\/pages"}],"about":[{"href":"https:\/\/scheitza-kunden.de\/efp-dev\/wp-json\/wp\/v2\/types\/page"}],"author":[{"embeddable":true,"href":"https:\/\/scheitza-kunden.de\/efp-dev\/wp-json\/wp\/v2\/users\/13"}],"replies":[{"embeddable":true,"href":"https:\/\/scheitza-kunden.de\/efp-dev\/wp-json\/wp\/v2\/comments?post=1876"}],"version-history":[{"count":72,"href":"https:\/\/scheitza-kunden.de\/efp-dev\/wp-json\/wp\/v2\/pages\/1876\/revisions"}],"predecessor-version":[{"id":3766,"href":"https:\/\/scheitza-kunden.de\/efp-dev\/wp-json\/wp\/v2\/pages\/1876\/revisions\/3766"}],"up":[{"embeddable":true,"href":"https:\/\/scheitza-kunden.de\/efp-dev\/wp-json\/wp\/v2\/pages\/9"}],"wp:attachment":[{"href":"https:\/\/scheitza-kunden.de\/efp-dev\/wp-json\/wp\/v2\/media?parent=1876"}],"curies":[{"name":"wp","href":"https:\/\/api.w.org\/{rel}","templated":true}]}}