{"id":1890,"date":"2021-04-16T20:47:17","date_gmt":"2021-04-16T18:47:17","guid":{"rendered":"https:\/\/scheitza-kunden.de\/efp-dev\/?page_id=1890"},"modified":"2023-10-19T18:40:10","modified_gmt":"2023-10-19T16:40:10","slug":"team","status":"publish","type":"page","link":"https:\/\/scheitza-kunden.de\/efp-dev\/ueber-uns\/team\/","title":{"rendered":"Team"},"content":{"rendered":"<div class=\"wpb-content-wrapper\">[vc_row padding_top=&#8221;0px&#8221; padding_bottom=&#8221;0px&#8221;][vc_column fade_animation_offset=&#8221;45px&#8221;][vc_custom_heading text=&#8221;Unsere Gesch\u00e4ftsleitung&#8221; font_container=&#8221;tag:h2|font_size:24|text_align:left|color:%23ff8a00&#8243; google_fonts=&#8221;font_family:Open%20Sans%3A300%2C300italic%2Cregular%2Citalic%2C600%2C600italic%2C700%2C700italic%2C800%2C800italic|font_style:400%20regular%3A400%3Anormal&#8221;][vc_custom_heading text=&#8221;Die Themenschwerpunkte unseres F\u00fchrungsteams&#8221; font_container=&#8221;tag:h1|font_size:32|text_align:left|color:%23195d7d|line_height:40px&#8221; google_fonts=&#8221;font_family:Open%20Sans%3A300%2C300italic%2Cregular%2Citalic%2C600%2C600italic%2C700%2C700italic%2C800%2C800italic|font_style:400%20regular%3A400%3Anormal&#8221;][vc_empty_space][vc_column_text]Wir fokussieren uns als unabh\u00e4ngiges Beratungsunternehmen seit \u00fcber 20 Jahren auf die Herausforderungen in der Finanzbranche. Neben langj\u00e4hrigen und umfangreichen Erfahrungen im Projektgesch\u00e4ft steht jeder unserer Partner und Manager dabei auch f\u00fcr unterschiedliche Fachschwerpunkte:[\/vc_column_text][\/vc_column][\/vc_row][vc_row][vc_column][vc_empty_space][\/vc_column][\/vc_row][vc_row][vc_column width=&#8221;1\/4&#8243;][vc_single_image image=&#8221;2652&#8243; img_size=&#8221;full&#8221;][vc_column_text]<strong>Petra Fritzel,\u00a0Frankfurt am Main<\/strong><br \/>\nGesch\u00e4ftsf\u00fchrerin<\/p>\n<ul>\n<li><span lang=\"de\">Gesch\u00e4fts-Prozesse<\/span><\/li>\n<li><span lang=\"de\">Kreditrisiko-Management<\/span><\/li>\n<li><span lang=\"de\"><span lang=\"de\">Software-Architekturen<\/span><\/span><\/li>\n<\/ul>\n[\/vc_column_text][vc_empty_space height=&#8221;20px&#8221;][vc_row_inner equal_height=&#8221;yes&#8221;][vc_column_inner width=&#8221;2\/5&#8243; offset=&#8221;vc_hidden-lg vc_hidden-md vc_col-xs-3&#8243;][vc_btn title=&#8221;vCard&#8221; size=&#8221;sm&#8221; i_icon_fontawesome=&#8221;fas fa-download&#8221; add_icon=&#8221;true&#8221; link=&#8221;url:https%3A%2F%2Fapp.clickand.de%2Fbusiness%2Fpublic%2F3346F2BBF6C34BD2DBE28BD1BB657D0E9C37392A1D5EC9929E6A5DF4763DDC2D|title:vCard|target:_blank&#8221;][\/vc_column_inner][vc_column_inner width=&#8221;1\/5&#8243; offset=&#8221;vc_hidden-lg vc_hidden-md vc_col-xs-2&#8243;][vc_btn title=&#8221;&#8221; size=&#8221;sm&#8221; align=&#8221;left&#8221; i_icon_fontawesome=&#8221;fab fa-xing&#8221; add_icon=&#8221;true&#8221; link=&#8221;url:https%3A%2F%2Fwww.xing.com%2Fprofile%2FPetra_Fritzel%2Fcv|title:Xing|target:_blank&#8221;][\/vc_column_inner][vc_column_inner width=&#8221;1\/5&#8243; offset=&#8221;vc_hidden-lg vc_hidden-md vc_col-xs-1&#8243;][\/vc_column_inner][vc_column_inner width=&#8221;1\/5&#8243; offset=&#8221;vc_hidden-lg vc_hidden-md vc_col-xs-1&#8243;][\/vc_column_inner][\/vc_row_inner][vc_row_inner equal_height=&#8221;yes&#8221;][vc_column_inner width=&#8221;2\/5&#8243; offset=&#8221;vc_hidden-sm vc_col-xs-3 vc_hidden-xs&#8221;][vc_btn title=&#8221;vCard&#8221; size=&#8221;sm&#8221; i_icon_fontawesome=&#8221;fas fa-download&#8221; add_icon=&#8221;true&#8221; link=&#8221;url:https%3A%2F%2Fapp.clickand.de%2Fbusiness%2Fpublic%2F3346F2BBF6C34BD2DBE28BD1BB657D0E9C37392A1D5EC9929E6A5DF4763DDC2D|title:vCard|target:_blank&#8221;][\/vc_column_inner][vc_column_inner width=&#8221;1\/5&#8243; offset=&#8221;vc_hidden-sm vc_col-xs-2 vc_hidden-xs&#8221;][vc_btn title=&#8221;&#8221; size=&#8221;sm&#8221; align=&#8221;left&#8221; i_icon_fontawesome=&#8221;fab fa-xing&#8221; add_icon=&#8221;true&#8221; link=&#8221;url:https%3A%2F%2Fwww.xing.com%2Fprofile%2FPetra_Fritzel%2Fcv|title:Xing|target:_blank&#8221;][\/vc_column_inner][vc_column_inner width=&#8221;1\/5&#8243; offset=&#8221;vc_hidden-sm vc_col-xs-1 vc_hidden-xs&#8221;][\/vc_column_inner][vc_column_inner width=&#8221;1\/5&#8243; offset=&#8221;vc_hidden-sm vc_col-xs-1 vc_hidden-xs&#8221;][\/vc_column_inner][\/vc_row_inner][\/vc_column][vc_column width=&#8221;1\/4&#8243;][vc_single_image image=&#8221;2651&#8243; img_size=&#8221;full&#8221;][vc_column_text]<strong>Mathias J. B\u00f6hm, Frankfurt am Main<\/strong><br \/>\nChief Strategy Officer (CSO)<\/p>\n<ul>\n<li>Business-Strategie<\/li>\n<li>Payment-Expertise<\/li>\n<li>Produktmanagement und -marketing<\/li>\n<\/ul>\n[\/vc_column_text][vc_row_inner equal_height=&#8221;yes&#8221;][vc_column_inner width=&#8221;2\/5&#8243; offset=&#8221;vc_hidden-lg vc_hidden-md vc_col-xs-3&#8243;][vc_btn title=&#8221;vCard&#8221; size=&#8221;sm&#8221; i_icon_fontawesome=&#8221;fas fa-download&#8221; add_icon=&#8221;true&#8221; link=&#8221;url:https%3A%2F%2Fapp.clickand.de%2Fbusiness%2Fpublic%2F0FD42B3F73C448B34940B339F87D07ADF116B05C0227AAD72E8F0EE90533E699|title:vCard|target:_blank&#8221;][\/vc_column_inner][vc_column_inner width=&#8221;1\/5&#8243; offset=&#8221;vc_hidden-lg vc_hidden-md vc_col-xs-2&#8243;][vc_btn title=&#8221;&#8221; size=&#8221;sm&#8221; align=&#8221;left&#8221; i_icon_fontawesome=&#8221;fab fa-linkedin-in&#8221; add_icon=&#8221;true&#8221; link=&#8221;url:https%3A%2F%2Fwww.linkedin.com%2Fin%2Fmathias-j-b%C3%B6hm-27682145%2F|title:LinkedIn|target:_blank&#8221;][\/vc_column_inner][vc_column_inner width=&#8221;1\/5&#8243; offset=&#8221;vc_hidden-lg vc_hidden-md vc_col-xs-1&#8243; css=&#8221;.vc_custom_1651059025879{margin-left: -20px !important;}&#8221;][vc_btn title=&#8221;&#8221; size=&#8221;sm&#8221; align=&#8221;left&#8221; i_icon_fontawesome=&#8221;fab fa-xing&#8221; add_icon=&#8221;true&#8221; link=&#8221;url:https%3A%2F%2Fwww.xing.com%2Fprofile%2FMathiasJ_Boehm%2Fcv|title:Xing|target:_blank&#8221;][\/vc_column_inner][vc_column_inner width=&#8221;1\/5&#8243; offset=&#8221;vc_hidden-lg vc_hidden-md vc_col-xs-1&#8243;][\/vc_column_inner][\/vc_row_inner][vc_row_inner equal_height=&#8221;yes&#8221;][vc_column_inner width=&#8221;2\/5&#8243; offset=&#8221;vc_hidden-sm vc_col-xs-3 vc_hidden-xs&#8221;][vc_btn title=&#8221;vCard&#8221; size=&#8221;sm&#8221; i_icon_fontawesome=&#8221;fas fa-download&#8221; add_icon=&#8221;true&#8221; link=&#8221;url:https%3A%2F%2Fapp.clickand.de%2Fbusiness%2Fpublic%2F0FD42B3F73C448B34940B339F87D07ADF116B05C0227AAD72E8F0EE90533E699|title:vCard|target:_blank&#8221;][\/vc_column_inner][vc_column_inner width=&#8221;1\/5&#8243; offset=&#8221;vc_hidden-sm vc_col-xs-2 vc_hidden-xs&#8221;][vc_btn title=&#8221;&#8221; size=&#8221;sm&#8221; align=&#8221;left&#8221; i_icon_fontawesome=&#8221;fab fa-linkedin-in&#8221; add_icon=&#8221;true&#8221; link=&#8221;url:https%3A%2F%2Fwww.linkedin.com%2Fin%2Fmathias-j-b%C3%B6hm-27682145%2F|title:LinkedIn|target:_blank&#8221;][\/vc_column_inner][vc_column_inner width=&#8221;1\/5&#8243; offset=&#8221;vc_hidden-sm vc_col-xs-1 vc_hidden-xs&#8221;][vc_btn title=&#8221;&#8221; size=&#8221;sm&#8221; align=&#8221;left&#8221; i_icon_fontawesome=&#8221;fab fa-xing&#8221; add_icon=&#8221;true&#8221; link=&#8221;url:https%3A%2F%2Fwww.xing.com%2Fprofile%2FMathiasJ_Boehm%2Fcv|title:Xing|target:_blank&#8221;][\/vc_column_inner][vc_column_inner width=&#8221;1\/5&#8243; offset=&#8221;vc_hidden-sm vc_col-xs-1 vc_hidden-xs&#8221;][\/vc_column_inner][\/vc_row_inner][\/vc_column][vc_column width=&#8221;1\/4&#8243;][vc_single_image image=&#8221;2692&#8243; img_size=&#8221;full&#8221;][vc_column_text]<strong>Stefanie Sch\u00e4fer, Frankfurt am Main<br \/>\n<\/strong>Chief Development Officer (CDO)<\/p>\n<ul>\n<li>Vertrieb und Kundenkontakt \/ Payments &amp; Cards<\/li>\n<li>Migrations-Management<\/li>\n<li>Leitung komplexer Kundenprojekte<\/li>\n<\/ul>\n[\/vc_column_text][vc_row_inner equal_height=&#8221;yes&#8221;][vc_column_inner width=&#8221;2\/5&#8243; offset=&#8221;vc_hidden-lg vc_hidden-md vc_col-xs-3&#8243;][vc_btn title=&#8221;vCard&#8221; size=&#8221;sm&#8221; i_icon_fontawesome=&#8221;fas fa-download&#8221; add_icon=&#8221;true&#8221; link=&#8221;url:https%3A%2F%2Fapp.clickand.de%2Fbusiness%2Fpublic%2F29DB0C6782DBD5000559EF4D9E953E300E2B479EED26D887EF3F92B921C06A67|title:vCard|target:_blank&#8221;][\/vc_column_inner][vc_column_inner width=&#8221;1\/5&#8243; offset=&#8221;vc_hidden-lg vc_hidden-md vc_col-xs-2&#8243;][vc_btn title=&#8221;&#8221; size=&#8221;sm&#8221; align=&#8221;left&#8221; i_icon_fontawesome=&#8221;fab fa-linkedin-in&#8221; add_icon=&#8221;true&#8221; link=&#8221;url:https%3A%2F%2Fwww.linkedin.com%2Fin%2Fstefanie-schaefer-19a87a49%2F|title:LinkedIn|target:_blank&#8221;][\/vc_column_inner][vc_column_inner width=&#8221;1\/5&#8243; offset=&#8221;vc_hidden-lg vc_hidden-md vc_col-xs-1&#8243; css=&#8221;.vc_custom_1651059078621{margin-left: -20px !important;}&#8221;][vc_btn title=&#8221;&#8221; size=&#8221;sm&#8221; align=&#8221;left&#8221; i_icon_fontawesome=&#8221;fab fa-xing&#8221; add_icon=&#8221;true&#8221; link=&#8221;url:https%3A%2F%2Fwww.xing.com%2Fprofile%2FStefanie_Schaefer24%2Fcv|title:Xing|target:_blank&#8221;][\/vc_column_inner][vc_column_inner width=&#8221;1\/5&#8243; offset=&#8221;vc_hidden-lg vc_hidden-md vc_col-xs-1&#8243;][\/vc_column_inner][\/vc_row_inner][vc_row_inner equal_height=&#8221;yes&#8221;][vc_column_inner width=&#8221;2\/5&#8243; offset=&#8221;vc_hidden-sm vc_col-xs-3 vc_hidden-xs&#8221;][vc_btn title=&#8221;vCard&#8221; size=&#8221;sm&#8221; i_icon_fontawesome=&#8221;fas fa-download&#8221; add_icon=&#8221;true&#8221; link=&#8221;url:https%3A%2F%2Fapp.clickand.de%2Fbusiness%2Fpublic%2F29DB0C6782DBD5000559EF4D9E953E300E2B479EED26D887EF3F92B921C06A67|title:vCard|target:_blank&#8221;][\/vc_column_inner][vc_column_inner width=&#8221;1\/5&#8243; offset=&#8221;vc_hidden-sm vc_col-xs-2 vc_hidden-xs&#8221;][vc_btn title=&#8221;&#8221; size=&#8221;sm&#8221; align=&#8221;left&#8221; i_icon_fontawesome=&#8221;fab fa-linkedin-in&#8221; add_icon=&#8221;true&#8221; link=&#8221;url:https%3A%2F%2Fwww.linkedin.com%2Fin%2Fstefanie-schaefer-19a87a49%2F|title:LinkedIn|target:_blank&#8221;][\/vc_column_inner][vc_column_inner width=&#8221;1\/5&#8243; offset=&#8221;vc_hidden-sm vc_col-xs-1 vc_hidden-xs&#8221;][vc_btn title=&#8221;&#8221; size=&#8221;sm&#8221; align=&#8221;left&#8221; i_icon_fontawesome=&#8221;fab fa-xing&#8221; add_icon=&#8221;true&#8221; link=&#8221;url:https%3A%2F%2Fwww.xing.com%2Fprofile%2FStefanie_Schaefer24%2Fcv|title:Xing|target:_blank&#8221;][\/vc_column_inner][vc_column_inner width=&#8221;1\/5&#8243; offset=&#8221;vc_hidden-sm vc_col-xs-1 vc_hidden-xs&#8221;][\/vc_column_inner][\/vc_row_inner][\/vc_column][vc_column width=&#8221;1\/4&#8243;][\/vc_column][\/vc_row][vc_row][vc_column][vc_empty_space][\/vc_column][\/vc_row][vc_row][vc_column width=&#8221;1\/4&#8243;][vc_single_image image=&#8221;2691&#8243; img_size=&#8221;full&#8221;][vc_column_text]<strong>Fred Fritzel, Frankfurt am Main<\/strong><br \/>\nPartner<\/p>\n<ul>\n<li>IT-Strategie und IT-Management<\/li>\n<li>Programm-Management<\/li>\n<li>Migrations-Management<\/li>\n<\/ul>\n[\/vc_column_text][vc_row_inner equal_height=&#8221;yes&#8221;][vc_column_inner width=&#8221;2\/5&#8243; offset=&#8221;vc_hidden-lg vc_hidden-md vc_col-xs-3&#8243;][vc_btn title=&#8221;vCard&#8221; size=&#8221;sm&#8221; i_icon_fontawesome=&#8221;fas fa-download&#8221; add_icon=&#8221;true&#8221; link=&#8221;url:https%3A%2F%2Fapp.clickand.de%2Fbusiness%2Fpublic%2F482D9673CFEE5DE391F97FDE4D1C84F9F8D6F2CF0784FCFFB958B4032DE7236C|title:vCard|target:_blank&#8221;][\/vc_column_inner][vc_column_inner width=&#8221;1\/5&#8243; offset=&#8221;vc_hidden-lg vc_hidden-md vc_col-xs-2&#8243;][vc_btn title=&#8221;&#8221; size=&#8221;sm&#8221; align=&#8221;left&#8221; i_icon_fontawesome=&#8221;fab fa-linkedin-in&#8221; add_icon=&#8221;true&#8221; link=&#8221;url:https%3A%2F%2Fwww.linkedin.com%2Fin%2Ffred-fritzel-1462531ba%2F|title:LinkedIn|target:_blank&#8221;][\/vc_column_inner][vc_column_inner width=&#8221;1\/5&#8243; offset=&#8221;vc_hidden-lg vc_hidden-md vc_col-xs-1&#8243; css=&#8221;.vc_custom_1651058706861{margin-left: -20px !important;}&#8221;][vc_btn title=&#8221;&#8221; size=&#8221;sm&#8221; align=&#8221;left&#8221; i_icon_fontawesome=&#8221;fab fa-xing&#8221; add_icon=&#8221;true&#8221; link=&#8221;url:https%3A%2F%2Fwww.xing.com%2Fprofile%2FFred_Fritzel%2Fcv|title:Xing|target:_blank&#8221;][\/vc_column_inner][vc_column_inner width=&#8221;1\/5&#8243; offset=&#8221;vc_hidden-lg vc_hidden-md vc_col-xs-1&#8243;][\/vc_column_inner][\/vc_row_inner][vc_row_inner equal_height=&#8221;yes&#8221;][vc_column_inner width=&#8221;2\/5&#8243; offset=&#8221;vc_hidden-sm vc_col-xs-3 vc_hidden-xs&#8221;][vc_btn title=&#8221;vCard&#8221; size=&#8221;sm&#8221; i_icon_fontawesome=&#8221;fas fa-download&#8221; add_icon=&#8221;true&#8221; link=&#8221;url:https%3A%2F%2Fapp.clickand.de%2Fbusiness%2Fpublic%2F482D9673CFEE5DE391F97FDE4D1C84F9F8D6F2CF0784FCFFB958B4032DE7236C|title:vCard|target:_blank&#8221;][\/vc_column_inner][vc_column_inner width=&#8221;1\/5&#8243; offset=&#8221;vc_hidden-sm vc_col-xs-2 vc_hidden-xs&#8221;][vc_btn title=&#8221;&#8221; size=&#8221;sm&#8221; align=&#8221;left&#8221; i_icon_fontawesome=&#8221;fab fa-linkedin-in&#8221; add_icon=&#8221;true&#8221; link=&#8221;url:https%3A%2F%2Fwww.linkedin.com%2Fin%2Ffred-fritzel-1462531ba%2F|title:LinkedIn|target:_blank&#8221;][\/vc_column_inner][vc_column_inner width=&#8221;1\/5&#8243; offset=&#8221;vc_hidden-sm vc_col-xs-1 vc_hidden-xs&#8221;][vc_btn title=&#8221;&#8221; size=&#8221;sm&#8221; align=&#8221;left&#8221; i_icon_fontawesome=&#8221;fab fa-xing&#8221; add_icon=&#8221;true&#8221; link=&#8221;url:https%3A%2F%2Fwww.xing.com%2Fprofile%2FFred_Fritzel%2Fcv|title:Xing|target:_blank&#8221;][\/vc_column_inner][vc_column_inner width=&#8221;1\/5&#8243; offset=&#8221;vc_hidden-sm vc_col-xs-1 vc_hidden-xs&#8221;][\/vc_column_inner][\/vc_row_inner][\/vc_column][vc_column width=&#8221;1\/4&#8243;][vc_single_image image=&#8221;2690&#8243; img_size=&#8221;full&#8221;][vc_column_text]<strong>Carsten Hahn, Frankfurt am Main<\/strong><br \/>\nPartner<\/p>\n<ul>\n<li>Payment &amp; Cards \/ Strategie<\/li>\n<li>Migrations-Management<\/li>\n<li>Integrations-Management<\/li>\n<\/ul>\n[\/vc_column_text][vc_row_inner equal_height=&#8221;yes&#8221;][vc_column_inner width=&#8221;2\/5&#8243; offset=&#8221;vc_hidden-lg vc_hidden-md vc_col-xs-3&#8243;][vc_btn title=&#8221;vCard&#8221; size=&#8221;sm&#8221; i_icon_fontawesome=&#8221;fas fa-download&#8221; add_icon=&#8221;true&#8221; link=&#8221;url:https%3A%2F%2Fapp.clickand.de%2Fbusiness%2Fpublic%2F1253E9373E781B7500266CAA55150E08E210BC8CD8CC70D89985E3600155E860|title:vCard|target:_blank&#8221;][\/vc_column_inner][vc_column_inner width=&#8221;1\/5&#8243; offset=&#8221;vc_hidden-lg vc_hidden-md vc_col-xs-2&#8243;][vc_btn title=&#8221;&#8221; size=&#8221;sm&#8221; align=&#8221;left&#8221; i_icon_fontawesome=&#8221;fab fa-linkedin-in&#8221; add_icon=&#8221;true&#8221; link=&#8221;url:https%3A%2F%2Fwww.linkedin.com%2Fin%2Fcarsten-hahn-ab98a3144%2F|title:LinkedIn|target:_blank&#8221;][\/vc_column_inner][vc_column_inner width=&#8221;1\/5&#8243; offset=&#8221;vc_hidden-lg vc_hidden-md vc_col-xs-1&#8243; css=&#8221;.vc_custom_1651058816179{margin-left: -20px !important;}&#8221;][vc_btn title=&#8221;&#8221; size=&#8221;sm&#8221; align=&#8221;left&#8221; i_icon_fontawesome=&#8221;fab fa-xing&#8221; add_icon=&#8221;true&#8221; link=&#8221;url:https%3A%2F%2Fwww.xing.com%2Fprofile%2FCarsten_Hahn3%2Fcv|title:Xing|target:_blank&#8221;][\/vc_column_inner][vc_column_inner width=&#8221;1\/5&#8243; offset=&#8221;vc_hidden-lg vc_hidden-md vc_col-xs-1&#8243;][\/vc_column_inner][\/vc_row_inner][vc_row_inner equal_height=&#8221;yes&#8221;][vc_column_inner width=&#8221;2\/5&#8243; offset=&#8221;vc_hidden-sm vc_col-xs-3 vc_hidden-xs&#8221;][vc_btn title=&#8221;vCard&#8221; size=&#8221;sm&#8221; i_icon_fontawesome=&#8221;fas fa-download&#8221; add_icon=&#8221;true&#8221; link=&#8221;url:https%3A%2F%2Fapp.clickand.de%2Fbusiness%2Fpublic%2F1253E9373E781B7500266CAA55150E08E210BC8CD8CC70D89985E3600155E860|title:vCard|target:_blank&#8221;][\/vc_column_inner][vc_column_inner width=&#8221;1\/5&#8243; offset=&#8221;vc_hidden-sm vc_col-xs-2 vc_hidden-xs&#8221;][vc_btn title=&#8221;&#8221; size=&#8221;sm&#8221; align=&#8221;left&#8221; i_icon_fontawesome=&#8221;fab fa-linkedin-in&#8221; add_icon=&#8221;true&#8221; link=&#8221;url:https%3A%2F%2Fwww.linkedin.com%2Fin%2Fcarsten-hahn-ab98a3144%2F|title:LinkedIn|target:_blank&#8221;][\/vc_column_inner][vc_column_inner width=&#8221;1\/5&#8243; offset=&#8221;vc_hidden-sm vc_col-xs-1 vc_hidden-xs&#8221;][vc_btn title=&#8221;&#8221; size=&#8221;sm&#8221; align=&#8221;left&#8221; i_icon_fontawesome=&#8221;fab fa-xing&#8221; add_icon=&#8221;true&#8221; link=&#8221;url:https%3A%2F%2Fwww.xing.com%2Fprofile%2FCarsten_Hahn3%2Fcv|title:Xing|target:_blank&#8221;][\/vc_column_inner][vc_column_inner width=&#8221;1\/5&#8243; offset=&#8221;vc_hidden-sm vc_col-xs-1 vc_hidden-xs&#8221;][\/vc_column_inner][\/vc_row_inner][\/vc_column][vc_column width=&#8221;1\/4&#8243;][vc_single_image image=&#8221;3181&#8243; img_size=&#8221;full&#8221;][vc_column_text]<strong>Collin Eibl, D\u00fcsseldorf<\/strong><br \/>\nPartner<\/p>\n<ul>\n<li>Migrations-Management<\/li>\n<li>Integrations-Management<\/li>\n<li>Compliance<\/li>\n<\/ul>\n[\/vc_column_text][vc_row_inner equal_height=&#8221;yes&#8221;][vc_column_inner width=&#8221;2\/5&#8243; offset=&#8221;vc_hidden-lg vc_hidden-md vc_col-xs-3&#8243;][vc_btn title=&#8221;vCard&#8221; size=&#8221;sm&#8221; i_icon_fontawesome=&#8221;fas fa-download&#8221; add_icon=&#8221;true&#8221; link=&#8221;url:https%3A%2F%2Fapp.clickand.de%2Fbusiness%2Fpublic%2F5EF6FDF32513AA7CD11F72BECCF132B9224D33F271471FFF402742887A171EDF|title:vCard|target:_blank&#8221;][\/vc_column_inner][vc_column_inner width=&#8221;1\/5&#8243; offset=&#8221;vc_hidden-lg vc_hidden-md vc_col-xs-2&#8243;][vc_btn title=&#8221;&#8221; size=&#8221;sm&#8221; align=&#8221;left&#8221; i_icon_fontawesome=&#8221;fab fa-xing&#8221; add_icon=&#8221;true&#8221; link=&#8221;url:https%3A%2F%2Fwww.xing.com%2Fprofile%2FCollin_Eibl%2Fcv|title:Xing|target:_blank&#8221;][\/vc_column_inner][vc_column_inner width=&#8221;1\/5&#8243; offset=&#8221;vc_hidden-lg vc_hidden-md vc_col-xs-1&#8243;][\/vc_column_inner][vc_column_inner width=&#8221;1\/5&#8243; offset=&#8221;vc_hidden-lg vc_hidden-md vc_col-xs-1&#8243;][\/vc_column_inner][\/vc_row_inner][vc_row_inner equal_height=&#8221;yes&#8221;][vc_column_inner width=&#8221;2\/5&#8243; offset=&#8221;vc_hidden-sm vc_col-xs-3 vc_hidden-xs&#8221;][vc_btn title=&#8221;vCard&#8221; size=&#8221;sm&#8221; i_icon_fontawesome=&#8221;fas fa-download&#8221; add_icon=&#8221;true&#8221; link=&#8221;url:https%3A%2F%2Fapp.clickand.de%2Fbusiness%2Fpublic%2F5EF6FDF32513AA7CD11F72BECCF132B9224D33F271471FFF402742887A171EDF|title:vCard|target:_blank&#8221;][\/vc_column_inner][vc_column_inner width=&#8221;1\/5&#8243; offset=&#8221;vc_hidden-sm vc_col-xs-2 vc_hidden-xs&#8221;][vc_btn title=&#8221;&#8221; size=&#8221;sm&#8221; align=&#8221;left&#8221; i_icon_fontawesome=&#8221;fab fa-xing&#8221; add_icon=&#8221;true&#8221; link=&#8221;url:https%3A%2F%2Fwww.xing.com%2Fprofile%2FCollin_Eibl%2Fcv|title:Xing|target:_blank&#8221;][\/vc_column_inner][vc_column_inner width=&#8221;1\/5&#8243; offset=&#8221;vc_hidden-sm vc_col-xs-1 vc_hidden-xs&#8221;][\/vc_column_inner][vc_column_inner width=&#8221;1\/5&#8243; offset=&#8221;vc_hidden-sm vc_col-xs-1 vc_hidden-xs&#8221;][\/vc_column_inner][\/vc_row_inner][\/vc_column][vc_column width=&#8221;1\/4&#8243;][vc_single_image image=&#8221;3141&#8243; img_size=&#8221;full&#8221;][vc_column_text]<strong>Eial Lazarovic, Berlin<\/strong><br \/>\nPartner<\/p>\n<ul>\n<li>IT-Management<\/li>\n<li>Personalmanagement-L\u00f6sungen<\/li>\n<li>Data Warehouse-L\u00f6sungen<\/li>\n<\/ul>\n[\/vc_column_text][vc_row_inner equal_height=&#8221;yes&#8221;][vc_column_inner width=&#8221;2\/5&#8243; offset=&#8221;vc_hidden-lg vc_hidden-md vc_col-xs-3&#8243;][vc_btn title=&#8221;vCard&#8221; size=&#8221;sm&#8221; i_icon_fontawesome=&#8221;fas fa-download&#8221; add_icon=&#8221;true&#8221; link=&#8221;url:https%3A%2F%2Fapp.clickand.de%2Fbusiness%2Fpublic%2F454F63AC30C8322997EF025EDFF6ABD23E0DBE7B8A3D5126A894E4A168C1B59B|title:vCard|target:_blank&#8221;][\/vc_column_inner][vc_column_inner width=&#8221;1\/5&#8243; offset=&#8221;vc_hidden-lg vc_hidden-md vc_col-xs-2&#8243;][vc_btn title=&#8221;&#8221; size=&#8221;sm&#8221; align=&#8221;left&#8221; i_icon_fontawesome=&#8221;fab fa-linkedin-in&#8221; add_icon=&#8221;true&#8221; link=&#8221;url:https%3A%2F%2Fwww.linkedin.com%2Fin%2Feial-lazarovic-94190a222%2F|title:LinkedIn|target:_blank&#8221;][\/vc_column_inner][vc_column_inner width=&#8221;1\/5&#8243; offset=&#8221;vc_hidden-lg vc_hidden-md vc_col-xs-1&#8243; css=&#8221;.vc_custom_1651058918761{margin-left: -20px !important;}&#8221;][vc_btn title=&#8221;&#8221; size=&#8221;sm&#8221; align=&#8221;left&#8221; i_icon_fontawesome=&#8221;fab fa-xing&#8221; add_icon=&#8221;true&#8221; link=&#8221;url:https%3A%2F%2Fwww.xing.com%2Fprofile%2FEial_Lazarovic%2Fcv|title:Xing|target:_blank&#8221;][\/vc_column_inner][vc_column_inner width=&#8221;1\/5&#8243; offset=&#8221;vc_hidden-lg vc_hidden-md vc_col-xs-1&#8243;][\/vc_column_inner][\/vc_row_inner][vc_row_inner equal_height=&#8221;yes&#8221;][vc_column_inner width=&#8221;2\/5&#8243; offset=&#8221;vc_hidden-sm vc_col-xs-3 vc_hidden-xs&#8221;][vc_btn title=&#8221;vCard&#8221; size=&#8221;sm&#8221; i_icon_fontawesome=&#8221;fas fa-download&#8221; add_icon=&#8221;true&#8221; link=&#8221;url:https%3A%2F%2Fapp.clickand.de%2Fbusiness%2Fpublic%2F454F63AC30C8322997EF025EDFF6ABD23E0DBE7B8A3D5126A894E4A168C1B59B|title:vCard|target:_blank&#8221;][\/vc_column_inner][vc_column_inner width=&#8221;1\/5&#8243; offset=&#8221;vc_hidden-sm vc_col-xs-2 vc_hidden-xs&#8221;][vc_btn title=&#8221;&#8221; size=&#8221;sm&#8221; align=&#8221;left&#8221; i_icon_fontawesome=&#8221;fab fa-linkedin-in&#8221; add_icon=&#8221;true&#8221; link=&#8221;url:https%3A%2F%2Fwww.linkedin.com%2Fin%2Feial-lazarovic-94190a222%2F|title:LinkedIn|target:_blank&#8221;][\/vc_column_inner][vc_column_inner width=&#8221;1\/5&#8243; offset=&#8221;vc_hidden-sm vc_col-xs-1 vc_hidden-xs&#8221;][vc_btn title=&#8221;&#8221; size=&#8221;sm&#8221; align=&#8221;left&#8221; i_icon_fontawesome=&#8221;fab fa-xing&#8221; add_icon=&#8221;true&#8221; link=&#8221;url:https%3A%2F%2Fwww.xing.com%2Fprofile%2FEial_Lazarovic%2Fcv|title:Xing|target:_blank&#8221;][\/vc_column_inner][vc_column_inner width=&#8221;1\/5&#8243; offset=&#8221;vc_hidden-sm vc_col-xs-1 vc_hidden-xs&#8221;][\/vc_column_inner][\/vc_row_inner][\/vc_column][\/vc_row]\n<\/div>","protected":false},"excerpt":{"rendered":"<p>[vc_row padding_top=&#8221;0px&#8221; padding_bottom=&#8221;0px&#8221;][vc_column fade_animation_offset=&#8221;45px&#8221;][vc_custom_heading text=&#8221;Unsere Gesch\u00e4ftsleitung&#8221; font_container=&#8221;tag:h2|font_size:24|text_align:left|color:%23ff8a00&#8243; google_fonts=&#8221;font_family:Open%20Sans%3A300%2C300italic%2Cregular%2Citalic%2C600%2C600italic%2C700%2C700italic%2C800%2C800italic|font_style:400%20regular%3A400%3Anormal&#8221;][vc_custom_heading text=&#8221;Die Themenschwerpunkte unseres F\u00fchrungsteams&#8221; font_container=&#8221;tag:h1|font_size:32|text_align:left|color:%23195d7d|line_height:40px&#8221; google_fonts=&#8221;font_family:Open%20Sans%3A300%2C300italic%2Cregular%2Citalic%2C600%2C600italic%2C700%2C700italic%2C800%2C800italic|font_style:400%20regular%3A400%3Anormal&#8221;][vc_empty_space][vc_column_text]Wir fokussieren uns als unabh\u00e4ngiges Beratungsunternehmen seit \u00fcber 20 Jahren auf die Herausforderungen in der Finanzbranche. Neben langj\u00e4hrigen und umfangreichen Erfahrungen im Projektgesch\u00e4ft steht jeder unserer Partner und Manager dabei auch f\u00fcr unterschiedliche Fachschwerpunkte:[\/vc_column_text][\/vc_column][\/vc_row][vc_row][vc_column][vc_empty_space][\/vc_column][\/vc_row][vc_row][vc_column width=&#8221;1\/4&#8243;][vc_single_image image=&#8221;2652&#8243; img_size=&#8221;full&#8221;][vc_column_text]Petra Fritzel,\u00a0Frankfurt am Main Gesch\u00e4ftsf\u00fchrerin Gesch\u00e4fts-Prozesse Kreditrisiko-Management Software-Architekturen [\/vc_column_text][vc_empty_space height=&#8221;20px&#8221;][vc_row_inner equal_height=&#8221;yes&#8221;][vc_column_inner &#8230; <\/p>\n<div><a href=\"https:\/\/scheitza-kunden.de\/efp-dev\/ueber-uns\/team\/\" class=\"more-link\">Read More<\/a><\/div>\n","protected":false},"author":13,"featured_media":0,"parent":9,"menu_order":9,"comment_status":"closed","ping_status":"closed","template":"template-blank-1.php","meta":{"footnotes":""},"_links":{"self":[{"href":"https:\/\/scheitza-kunden.de\/efp-dev\/wp-json\/wp\/v2\/pages\/1890"}],"collection":[{"href":"https:\/\/scheitza-kunden.de\/efp-dev\/wp-json\/wp\/v2\/pages"}],"about":[{"href":"https:\/\/scheitza-kunden.de\/efp-dev\/wp-json\/wp\/v2\/types\/page"}],"author":[{"embeddable":true,"href":"https:\/\/scheitza-kunden.de\/efp-dev\/wp-json\/wp\/v2\/users\/13"}],"replies":[{"embeddable":true,"href":"https:\/\/scheitza-kunden.de\/efp-dev\/wp-json\/wp\/v2\/comments?post=1890"}],"version-history":[{"count":73,"href":"https:\/\/scheitza-kunden.de\/efp-dev\/wp-json\/wp\/v2\/pages\/1890\/revisions"}],"predecessor-version":[{"id":3499,"href":"https:\/\/scheitza-kunden.de\/efp-dev\/wp-json\/wp\/v2\/pages\/1890\/revisions\/3499"}],"up":[{"embeddable":true,"href":"https:\/\/scheitza-kunden.de\/efp-dev\/wp-json\/wp\/v2\/pages\/9"}],"wp:attachment":[{"href":"https:\/\/scheitza-kunden.de\/efp-dev\/wp-json\/wp\/v2\/media?parent=1890"}],"curies":[{"name":"wp","href":"https:\/\/api.w.org\/{rel}","templated":true}]}}