{"id":1900,"date":"2021-04-16T20:56:56","date_gmt":"2021-04-16T18:56:56","guid":{"rendered":"https:\/\/scheitza-kunden.de\/efp-dev\/?page_id=1900"},"modified":"2024-03-11T14:28:32","modified_gmt":"2024-03-11T13:28:32","slug":"unternehmen","status":"publish","type":"page","link":"https:\/\/scheitza-kunden.de\/efp-dev\/ueber-uns\/unternehmen\/","title":{"rendered":"Unternehmen"},"content":{"rendered":"<div class=\"wpb-content-wrapper\">[vc_row][vc_column][vc_custom_heading text=&#8221;Unser Profil&#8221; font_container=&#8221;tag:h2|font_size:24|text_align:left|color:%23ff8a00&#8243; google_fonts=&#8221;font_family:Open%20Sans%3A300%2C300italic%2Cregular%2Citalic%2C600%2C600italic%2C700%2C700italic%2C800%2C800italic|font_style:400%20regular%3A400%3Anormal&#8221;][vc_custom_heading text=&#8221;Was uns auszeichnet&#8221; font_container=&#8221;tag:h1|font_size:32|text_align:left|color:%23195d7d|line_height:40px&#8221; google_fonts=&#8221;font_family:Open%20Sans%3A300%2C300italic%2Cregular%2Citalic%2C600%2C600italic%2C700%2C700italic%2C800%2C800italic|font_style:400%20regular%3A400%3Anormal&#8221;][vc_empty_space][vc_column_text]Wir sind eine unabh\u00e4ngige Beratungsboutique mit dem Fokus auf Payment- und Banking-Themen.[\/vc_column_text][\/vc_column][\/vc_row][vc_row][vc_column]\r\n        <style>\r\n        \t.unique-carousel-113 .owl-next, .unique-carousel-113 .owl-prev{\r\n        \t\tbackground: #ffffff  !important;\r\n        \t\tcolor: #f5783b !important;\r\n        \t}\r\n\r\n        \t.unique-carousel-113.owl-theme .owl-dots .owl-dot.active span, .unique-carousel-113.owl-theme .owl-dots .owl-dot:hover span{\r\n        \t\tbackground: #f5783b !important;\r\n        \t}\r\n\r\n        \t.owl-next, .owl-prev{\r\n        \t\ttop: 40%;\r\n        \t}\r\n        <\/style>\r\n        <div class=\"wdo-carosuel-container unique-carousel-113 owl-carousel owl-theme\">\r\n        \t\t\t\t\r\n\t\t<div class=\"item\">\r\n\t\t\t[vc_row_inner][vc_column_inner width=&#8221;1\/6&#8243; css=&#8221;.vc_custom_1710162557233{margin-top: 80px !important;margin-right: 20px !important;margin-left: 20px !important;}&#8221;][vc_single_image image=&#8221;3810&#8243; img_size=&#8221;full&#8221; alignment=&#8221;center&#8221; css=&#8221;.vc_custom_1710163683996{margin-right: 40px !important;padding-top: 5px !important;padding-right: 5px !important;padding-bottom: 5px !important;padding-left: 5px !important;}&#8221; el_id=&#8221;iconfarbe&#8221;][\/vc_column_inner][vc_column_inner width=&#8221;5\/6&#8243;][vc_custom_heading text=&#8221;Erfahrung&#8221; font_container=&#8221;tag:h3|font_size:24|text_align:left|color:%234f738f&#8221; google_fonts=&#8221;font_family:Lato%3A100%2C100italic%2C300%2C300italic%2Cregular%2Citalic%2C700%2C700italic%2C900%2C900italic|font_style:400%20regular%3A400%3Anormal&#8221;][vc_empty_space height=&#8221;16px&#8221;][vc_column_text]Als unabh\u00e4ngiges Beratungsunternehmen begleiten wir unsere Kunden aus dem Bank- und Finanzdienstleistungsbereich partnerschaftlich und vertrauensvoll bei ihren unterschiedlichsten Vorhaben, Ver\u00e4nderungen und Initiativen \u2013 seit \u00fcber 20 Jahren.<\/p>\n<p>Dieser Erfahrungshorizont ist Ihr Garant daf\u00fcr, dass Sie es bei uns mit einem Managementstil zu tun haben, der neben der Fachexpertise und der n\u00f6tigen Erfahrung auch die notwendige Leidenschaft, Sensibilit\u00e4t und Fokussierung in die jeweilige Beratungs- und Projektarbeit einbringt.<\/p>\n<p>Unsere grundlegende St\u00e4rke ist die bewusste Kombination aus\u00a0strategischem Blick und konkreter Fach- und IT-Expertise. Sie versetzt uns in die Lage, die notwendige Br\u00fccke zwischen Strategie und Praxis, sowie Business und IT zu schlagen.[\/vc_column_text][vc_empty_space][\/vc_column_inner][\/vc_row_inner]\t\t<\/div>\r\n\r\n\t\t\t\t\t\r\n\t\t<div class=\"item\">\r\n\t\t\t[vc_row_inner][vc_column_inner width=&#8221;1\/6&#8243; css=&#8221;.vc_custom_1710162698163{margin-top: 80px !important;margin-right: 20px !important;margin-left: 20px !important;}&#8221;][vc_single_image image=&#8221;3805&#8243; img_size=&#8221;full&#8221; alignment=&#8221;center&#8221; css=&#8221;.vc_custom_1710163692885{margin-right: 40px !important;padding-top: 5px !important;padding-right: 5px !important;padding-bottom: 5px !important;padding-left: 5px !important;}&#8221; el_id=&#8221;iconfarbe&#8221;][\/vc_column_inner][vc_column_inner width=&#8221;5\/6&#8243;][vc_custom_heading text=&#8221;Kompetenz&#8221; font_container=&#8221;tag:h3|font_size:24|text_align:left|color:%234f738f&#8221; google_fonts=&#8221;font_family:Lato%3A100%2C100italic%2C300%2C300italic%2Cregular%2Citalic%2C700%2C700italic%2C900%2C900italic|font_style:400%20regular%3A400%3Anormal&#8221;][vc_empty_space height=&#8221;16px&#8221;][vc_column_text]Unser Leistungsspektrum reicht von der strategischen Beratung \u00fcber die fachliche und technische Konzeption bis hin zur aktiven Unterst\u00fctzung bei der Planung und Umsetzung der erforderlichen Ma\u00dfnahmen.<\/p>\n<p>Weil wir Erfahrung aus unterschiedlichen Themenfeldern einbringen und \u00fcber die Jahre bereits sehr viele Projekte durchgef\u00fchrt haben, k\u00f6nnen wir unsere Kunden umfassender unterst\u00fctzen: mit fundiertem fachlichen Rat bis hin zur \u00dcbernahme einer verantwortlichen Rolle in Schl\u00fcsselpositionen \u2013 in Einzelbesetzung oder in bedarfsgerecht zusammengestellten Teams.[\/vc_column_text][vc_empty_space][\/vc_column_inner][\/vc_row_inner]\t\t<\/div>\r\n\r\n\t\t\t\t\t\r\n\t\t<div class=\"item\">\r\n\t\t\t[vc_row_inner][vc_column_inner width=&#8221;1\/6&#8243; css=&#8221;.vc_custom_1710162734534{margin-top: 80px !important;margin-right: 20px !important;margin-left: 20px !important;}&#8221;][vc_single_image image=&#8221;3806&#8243; img_size=&#8221;full&#8221; alignment=&#8221;center&#8221; css=&#8221;.vc_custom_1710163701792{margin-right: 40px !important;padding-top: 5px !important;padding-right: 5px !important;padding-bottom: 5px !important;padding-left: 5px !important;}&#8221; el_id=&#8221;iconfarbe&#8221;][\/vc_column_inner][vc_column_inner width=&#8221;5\/6&#8243;][vc_custom_heading text=&#8221;Sensibilit\u00e4t&#8221; font_container=&#8221;tag:h3|font_size:24|text_align:left|color:%234f738f&#8221; google_fonts=&#8221;font_family:Lato%3A100%2C100italic%2C300%2C300italic%2Cregular%2Citalic%2C700%2C700italic%2C900%2C900italic|font_style:400%20regular%3A400%3Anormal&#8221;][vc_empty_space height=&#8221;16px&#8221;][vc_column_text]Wir werden oft bei kritischen Ver\u00e4nderungen involviert, sei es bei der Konsolidierung von IT-Systemen oder Prozessen (z.B. im Zuge von M&amp;A-Aktivit\u00e4ten) oder bei der Umsetzung von Compliance-Anforderungen, wie SEPA, PSD II, MaRisk, OpRisk, Basel II, usw. Dar\u00fcber hinaus begleiten wir mit der erforderlichen Sensibilit\u00e4t strukturelle Ver\u00e4nderungen, wie u.a. IT-Projekte zur Neuausrichtung von Systemarchitekturen, Plattformen und Applikationen im Rahmen von IT- und Outsourcingprojekten, Providermanagement oder Migrationen. Ein weiterer Themenkomplex stellt das Erschlie\u00dfen neuer Gesch\u00e4ftsfelder dar \u2013 von der Konzeption bis zur Umsetzung.<\/p>\n<p>Bei all diesen Aktivit\u00e4ten ist uns zu jeder Zeit bewusst, dass wir als Externe in etablierte Unternehmensstrukturen kommen und an sensiblen Ver\u00e4nderungsprozessen mitarbeiten.[\/vc_column_text][vc_empty_space][\/vc_column_inner][\/vc_row_inner]\t\t<\/div>\r\n\r\n\t\t\t\t\t\r\n\t\t<div class=\"item\">\r\n\t\t\t[vc_row_inner][vc_column_inner width=&#8221;1\/6&#8243; css=&#8221;.vc_custom_1710162762243{margin-top: 80px !important;margin-right: 20px !important;margin-left: 20px !important;}&#8221;][vc_single_image image=&#8221;3807&#8243; img_size=&#8221;full&#8221; alignment=&#8221;center&#8221; css=&#8221;.vc_custom_1710163710097{margin-right: 40px !important;padding-top: 5px !important;padding-right: 5px !important;padding-bottom: 5px !important;padding-left: 5px !important;}&#8221; el_id=&#8221;iconfarbe&#8221;][\/vc_column_inner][vc_column_inner width=&#8221;5\/6&#8243;][vc_custom_heading text=&#8221;Nachhaltigkeit&#8221; font_container=&#8221;tag:h3|font_size:24|text_align:left|color:%234f738f&#8221; google_fonts=&#8221;font_family:Lato%3A100%2C100italic%2C300%2C300italic%2Cregular%2Citalic%2C700%2C700italic%2C900%2C900italic|font_style:400%20regular%3A400%3Anormal&#8221;][vc_empty_space height=&#8221;16px&#8221;][vc_column_text]Unser Vorgehen ist gepr\u00e4gt durch eine ganzheitliche Sicht, mit der wir die Vorhaben stets begleiten. Die Bewertung, Steuerung und Kommunikation st\u00fctzt sich dabei jeweils auf die fachlich fundierten Erkenntnisse unseres Handelns auf operativer Ebene. Dies bildet zus\u00e4tzlich zur strategischen Sicht das Fundament f\u00fcr unser souver\u00e4nes Handeln auf Gesch\u00e4ftsleitungsebene.<\/p>\n<p>Unsere Kunden profitieren hierbei von unserer langj\u00e4hrigen Erfahrung, dem erforderlichen methodischen Wissen und einem nachhaltigen Best-Practice-Ansatz.<\/p>\n<p>Unsere Teams bestehen aus ausgewiesenen Business-, Finanz-, IT- und Projektmanagement-Experten mit umfassender Praxiserfahrung und unterschiedlicher Fachausrichtung, so dass wir f\u00fcr jede Aufgabe ein ma\u00dfgeschneidertes Angebot bereitstellen k\u00f6nnen.[\/vc_column_text][vc_empty_space][\/vc_column_inner][\/vc_row_inner]\t\t<\/div>\r\n\r\n\t\t        <\/div>\r\n        <script type=\"text\/javascript\">\r\n        \tjQuery(document).ready(function ($) {\r\n        \t\t$('.unique-carousel-113').owlCarousel({\r\n        \t\t    margin:10,\r\n        \t\t    touchDrag:true,\r\n        \t\t    mouseDrag:true,\r\n        \t\t    animateIn: \"no-animation\",\r\n        \t\t    animateOut: \"slideOutLeft\",\r\n        \t\t    video:true,\r\n        \t\t    videoWidth:true,\r\n        \t\t    videoHeight:300,\r\n        \t\t    loop:false,\r\n        \t\t    slideBy:1,\r\n        \t\t    autoplay:false, \r\n        \t\t    nav:true,\r\n        \t\t    dots:true,\r\n        \t\t    navText:[\"<div class='nav-btn prev-slide'><\/div>\",\"<div class='nav-btn next-slide'><\/div>\"],\r\n        \t\t    responsive:{\r\n        \t\t        0:{\r\n        \t\t            items:1        \t\t        },\r\n        \t\t        600:{\r\n        \t\t            items:1        \t\t        },\r\n        \t\t        1000:{\r\n        \t\t            items:1        \t\t        }\r\n        \t\t    }\r\n        \t\t});\r\n        \t});\r\n        <\/script>\r\n\r\n        [\/vc_column][\/vc_row]\n<\/div>","protected":false},"excerpt":{"rendered":"<p>[vc_row][vc_column][vc_custom_heading text=&#8221;Unser Profil&#8221; font_container=&#8221;tag:h2|font_size:24|text_align:left|color:%23ff8a00&#8243; google_fonts=&#8221;font_family:Open%20Sans%3A300%2C300italic%2Cregular%2Citalic%2C600%2C600italic%2C700%2C700italic%2C800%2C800italic|font_style:400%20regular%3A400%3Anormal&#8221;][vc_custom_heading text=&#8221;Was uns auszeichnet&#8221; font_container=&#8221;tag:h1|font_size:32|text_align:left|color:%23195d7d|line_height:40px&#8221; google_fonts=&#8221;font_family:Open%20Sans%3A300%2C300italic%2Cregular%2Citalic%2C600%2C600italic%2C700%2C700italic%2C800%2C800italic|font_style:400%20regular%3A400%3Anormal&#8221;][vc_empty_space][vc_column_text]Wir sind eine unabh\u00e4ngige Beratungsboutique mit dem Fokus auf Payment- und Banking-Themen.[\/vc_column_text][\/vc_column][\/vc_row][vc_row][vc_column][\/vc_column][\/vc_row]<\/p>\n","protected":false},"author":13,"featured_media":0,"parent":9,"menu_order":47,"comment_status":"closed","ping_status":"closed","template":"template-blank-1.php","meta":{"footnotes":""},"_links":{"self":[{"href":"https:\/\/scheitza-kunden.de\/efp-dev\/wp-json\/wp\/v2\/pages\/1900"}],"collection":[{"href":"https:\/\/scheitza-kunden.de\/efp-dev\/wp-json\/wp\/v2\/pages"}],"about":[{"href":"https:\/\/scheitza-kunden.de\/efp-dev\/wp-json\/wp\/v2\/types\/page"}],"author":[{"embeddable":true,"href":"https:\/\/scheitza-kunden.de\/efp-dev\/wp-json\/wp\/v2\/users\/13"}],"replies":[{"embeddable":true,"href":"https:\/\/scheitza-kunden.de\/efp-dev\/wp-json\/wp\/v2\/comments?post=1900"}],"version-history":[{"count":89,"href":"https:\/\/scheitza-kunden.de\/efp-dev\/wp-json\/wp\/v2\/pages\/1900\/revisions"}],"predecessor-version":[{"id":3820,"href":"https:\/\/scheitza-kunden.de\/efp-dev\/wp-json\/wp\/v2\/pages\/1900\/revisions\/3820"}],"up":[{"embeddable":true,"href":"https:\/\/scheitza-kunden.de\/efp-dev\/wp-json\/wp\/v2\/pages\/9"}],"wp:attachment":[{"href":"https:\/\/scheitza-kunden.de\/efp-dev\/wp-json\/wp\/v2\/media?parent=1900"}],"curies":[{"name":"wp","href":"https:\/\/api.w.org\/{rel}","templated":true}]}}