{"id":1954,"date":"2021-04-27T12:35:11","date_gmt":"2021-04-27T10:35:11","guid":{"rendered":"https:\/\/scheitza-kunden.de\/efp-dev\/?page_id=1954"},"modified":"2024-03-06T14:08:54","modified_gmt":"2024-03-06T13:08:54","slug":"business-strategy","status":"publish","type":"page","link":"https:\/\/scheitza-kunden.de\/efp-dev\/geschaeftsfelder\/business-strategy\/","title":{"rendered":"Business Strategy"},"content":{"rendered":"<div class=\"wpb-content-wrapper\">[vc_row padding_top=&#8221;0px&#8221; padding_bottom=&#8221;0px&#8221;][vc_column][vc_custom_heading text=&#8221;Business Strategy&#8221; font_container=&#8221;tag:h2|font_size:24|text_align:left|color:%23ff8a00&#8243; google_fonts=&#8221;font_family:Open%20Sans%3A300%2C300italic%2Cregular%2Citalic%2C600%2C600italic%2C700%2C700italic%2C800%2C800italic|font_style:400%20regular%3A400%3Anormal&#8221;][vc_custom_heading text=&#8221;Business Opportunities finden, wo andere nur Regulierungsdruck versp\u00fcren&#8221; font_container=&#8221;tag:h1|font_size:32|text_align:left|color:%23195d7d|line_height:40px&#8221; google_fonts=&#8221;font_family:Open%20Sans%3A300%2C300italic%2Cregular%2Citalic%2C600%2C600italic%2C700%2C700italic%2C800%2C800italic|font_style:400%20regular%3A400%3Anormal&#8221;][vc_empty_space][vc_column_text]<span data-contrast=\"auto\">In den letzten Jahren <\/span><span data-contrast=\"auto\">ist eine <\/span><span data-contrast=\"auto\">fr\u00fcher ungewohnte <\/span><span data-contrast=\"auto\">Dynamik im <\/span><span data-contrast=\"auto\">Payment Markt <\/span><span data-contrast=\"auto\">entstanden, die <\/span><span data-contrast=\"auto\">sich in der <\/span><span data-contrast=\"auto\">stetigen <\/span><span data-contrast=\"auto\">Zunahme von Herausforderungen <\/span><span data-contrast=\"auto\">f\u00fcr die <\/span><span data-contrast=\"auto\">beteiligten <\/span><span data-contrast=\"auto\">Marktteilnehmer <\/span><span data-contrast=\"auto\">manifestiert<\/span><span data-contrast=\"auto\">:<\/span><span data-contrast=\"auto\"> S<\/span><span data-contrast=\"auto\">e<\/span><span data-contrast=\"auto\">i es aufgrund regulatorischer Vorgaben, <\/span><span data-contrast=\"auto\">und den sich daraus ergebenden Konsequenzen hinsichtlich <a href=\"https:\/\/scheitza-kunden.de\/efp-dev\/expertisen\/compliance\/\">Compliance<\/a>, Profitabilit\u00e4t<\/span><span data-contrast=\"auto\"> und Marktf\u00e4higkeit<\/span> <span data-contrast=\"auto\">von Produkt- und Serviceangeboten, <\/span><span data-contrast=\"auto\">Portfolien und Gesch\u00e4ftsmodelle<\/span><span data-contrast=\"auto\">n, dem Entstehen <\/span><span data-contrast=\"auto\">v\u00f6llig <\/span><span data-contrast=\"auto\">neuer Rollen <\/span><span data-contrast=\"auto\">im <\/span><span data-contrast=\"none\">Zahlungsverkehr<\/span><span data-contrast=\"auto\"> und <\/span><span data-contrast=\"auto\">dem immer st\u00e4rkeren Trend hin zur <\/span><span data-contrast=\"auto\">nahtlosen Integration von Zahlungen in andere Gesch\u00e4ftsprozesse (\u201eseamless integration of <\/span><span data-contrast=\"auto\">payments<\/span><span data-contrast=\"auto\">\u201c)<\/span><span data-contrast=\"auto\">. <\/span><span data-contrast=\"auto\">Die<\/span><span data-contrast=\"auto\">s f\u00fchrt <\/span><span data-contrast=\"auto\">neben<\/span> <span data-contrast=\"auto\">dem technologischen Fortschritt und den gestiegenen Anspr\u00fcchen der Kunden<\/span> <span data-contrast=\"auto\">zu <\/span><span data-contrast=\"auto\">v\u00f6llig <\/span><span data-contrast=\"auto\">neuen <\/span><span data-contrast=\"auto\">Wettbewerb<\/span><span data-contrast=\"auto\">ssituationen<\/span><span data-contrast=\"auto\">,<\/span> <span data-contrast=\"auto\">die den <\/span><span data-contrast=\"auto\">Markt ver\u00e4ndern und damit auch <\/span><span data-contrast=\"auto\">zur<\/span><span data-contrast=\"auto\"> Bereitschaft, neue Partnerschaften einzugehen \u2013 sei es im Sinne von Kooperationen oder <\/span><span data-contrast=\"auto\">gar \u00dcbernahmen<\/span><span data-contrast=\"auto\">, deren H\u00e4ufigkeit in j\u00fcngster Zeit ebenfalls <\/span><span data-contrast=\"auto\">enorm<\/span><span data-contrast=\"auto\"> zugenommen hat<\/span><span data-contrast=\"auto\">.\u00a0<\/span><span data-ccp-props=\"{&quot;201341983&quot;:0,&quot;335559739&quot;:160,&quot;335559740&quot;:259}\">\u00a0<\/span><\/p>\n<p><span data-contrast=\"auto\">F\u00fcr Entscheider ist es <\/span><span data-contrast=\"auto\">daher <\/span><span data-contrast=\"auto\">eine <\/span><span data-contrast=\"auto\">essenzielle Heraus<\/span><span data-contrast=\"auto\">f<\/span><span data-contrast=\"auto\">orderung<\/span><span data-contrast=\"auto\">,<\/span> <span data-contrast=\"auto\">rechtzeitig die erforderlichen Ableitungen auf das eigene Gesch\u00e4ft zu treffen<\/span><span data-contrast=\"auto\"> oder anstehende Entscheidung<\/span><span data-contrast=\"auto\">en<\/span> <span data-contrast=\"auto\">im gebotenen Ma\u00dfe vorzubereiten und <\/span><span data-contrast=\"auto\">zu <\/span><span data-contrast=\"auto\">begleiten. <\/span><span data-contrast=\"auto\">Ein w<\/span><span data-contrast=\"auto\">esentlicher Baustein dazu ist die <\/span><span data-contrast=\"auto\">Marktsicht <\/span><span data-contrast=\"auto\">von erfahrenen Experten<\/span><span data-contrast=\"auto\">, <\/span><span data-contrast=\"auto\">mit denen <\/span><span data-contrast=\"auto\">die <\/span><span data-contrast=\"auto\">internen <\/span><span data-contrast=\"auto\">Gedanken <\/span><span data-contrast=\"auto\">verprobt <\/span><span data-contrast=\"auto\">und mit einer 360<\/span><span data-contrast=\"auto\">\u00b0 Perspektive <\/span><span data-contrast=\"auto\">gespiegelt<\/span> <span data-contrast=\"auto\">werden k\u00f6nnen<\/span><span data-contrast=\"auto\">, bevor einschneidende Schritte initiiert oder neue Gesch\u00e4ftssegmente erobert werden<\/span><span data-contrast=\"auto\">.\u00a0<\/span><span data-ccp-props=\"{&quot;201341983&quot;:0,&quot;335559739&quot;:160,&quot;335559740&quot;:259}\">\u00a0<\/span><\/p>\n<p><span data-contrast=\"auto\">Bei diesen Herausforderungen <\/span><span data-contrast=\"auto\">unterst\u00fctzen wir Sie <\/span><span data-contrast=\"auto\">gern <\/span><span data-contrast=\"auto\">mit einem Team von <\/span><span data-contrast=\"auto\">ausgewiesenen <\/span><span data-contrast=\"auto\">Payment Experten<\/span><span data-contrast=\"auto\">, die <\/span><span data-contrast=\"auto\">zusammen auf einen Erfahrungsschatz aus <\/span><span data-contrast=\"auto\">viele<\/span><span data-contrast=\"auto\">n<\/span><span data-contrast=\"auto\"> Jahre<\/span><span data-contrast=\"auto\">n <\/span><span data-contrast=\"auto\">Verantwortung <\/span><span data-contrast=\"auto\">in unterschiedlichen Positionen <\/span><span data-contrast=\"auto\">im Payment Business <\/span><span data-contrast=\"auto\">bei namhaften Unternehmen <\/span><span data-contrast=\"auto\">zur\u00fcckgreifen k\u00f6nnen<\/span><span data-contrast=\"auto\">. Mit diese<\/span><span data-contrast=\"auto\">m<\/span><span data-contrast=\"auto\"> Erfahrung<\/span><span data-contrast=\"auto\">shorizont<\/span> <span data-contrast=\"auto\">unterst\u00fctzen und <\/span><span data-contrast=\"auto\">managen sie tagt\u00e4glich die unterschiedlichsten <\/span><span data-contrast=\"auto\">Herausforderungen und <\/span><a href=\"https:\/\/scheitza-kunden.de\/efp-dev\/beratungsfokus\/referenzen-2\/\"><span data-contrast=\"none\">Projekte<\/span><\/a><span data-contrast=\"auto\"> bei unseren Kunden<\/span><span data-contrast=\"auto\">.\u00a0<\/span><span data-ccp-props=\"{&quot;201341983&quot;:0,&quot;335559739&quot;:160,&quot;335559740&quot;:259}\">\u00a0<\/span><\/p>\n<p><span data-contrast=\"auto\">Gemeinsam mit Ihnen analysieren wi<\/span><span data-contrast=\"auto\">r<\/span><span data-contrast=\"auto\"> die Situation und <\/span><span data-contrast=\"auto\">aktuelle <\/span><span data-contrast=\"auto\">Herausforderung<\/span><span data-contrast=\"auto\"> und unterst\u00fctzen Sie bei der L\u00f6sungsfindung durch konkrete, praxis- und zielorientierte Vorschl\u00e4ge<\/span> <span data-contrast=\"auto\">und begleiten Sie auch gern <\/span><span data-contrast=\"auto\">b<\/span><span data-contrast=\"auto\">ei der <\/span><span data-contrast=\"auto\">tats\u00e4chlichen Umsetzung \u2013 je nach spezifischem Bedarf<\/span><span data-contrast=\"auto\">. <\/span><span data-contrast=\"auto\">Unser Anspruch sind <\/span><span data-contrast=\"auto\">partnerschaftliche <\/span><span data-contrast=\"auto\">L\u00f6sungsans\u00e4tze, die <\/span><span data-contrast=\"auto\">tats\u00e4chlich auch <\/span><span data-contrast=\"auto\">realisierbar sind<\/span><span data-contrast=\"auto\">: <\/span><span data-contrast=\"auto\">N<\/span><span data-contrast=\"auto\">ehmen Sie uns beim Wort<\/span><span data-contrast=\"auto\">!<\/span><span data-ccp-props=\"{&quot;201341983&quot;:0,&quot;335559739&quot;:160,&quot;335559740&quot;:259}\">\u00a0<\/span>[\/vc_column_text][vc_empty_space][vc_row_inner][vc_column_inner width=&#8221;1\/4&#8243;][vc_btn title=&#8221;Was uns auszeichnet&#8221; align=&#8221;center&#8221; button_block=&#8221;true&#8221; link=&#8221;url:https%3A%2F%2Fscheitza-kunden.de%2Fefp-dev%2Fgeschaeftsfelder%2Fbusiness-strategy%2Fwas-uns-auszeichnet%2F|title:Payment-Strategy%20%E2%80%93%20Was%20uns%20auszeichnet&#8221;][\/vc_column_inner][vc_column_inner width=&#8221;1\/4&#8243;][vc_btn title=&#8221;Unser Leistungsangebot&#8221; align=&#8221;center&#8221; button_block=&#8221;true&#8221; link=&#8221;url:https%3A%2F%2Fscheitza-kunden.de%2Fefp-dev%2Fgeschaeftsfelder%2Fbusiness-strategy%2Fleistungsangebot%2F|title:Payment-Strategie%20-%20Unser%20Leistungsangebot&#8221;][\/vc_column_inner][vc_column_inner width=&#8221;1\/4&#8243;][vc_btn title=&#8221;Unsere Fokusbranchen&#8221; align=&#8221;center&#8221; button_block=&#8221;true&#8221; link=&#8221;url:https%3A%2F%2Fscheitza-kunden.de%2Fefp-dev%2Fgeschaeftsfelder%2Fbusiness-strategy%2Fpayment-strategy-fokusbranchen%2F|title:Payment-Strategie%20-%20Unsere%20Fokusbranchen&#8221;][\/vc_column_inner][vc_column_inner width=&#8221;1\/4&#8243;][vc_btn title=&#8221;Unser Beratungsteam&#8221; align=&#8221;center&#8221; button_block=&#8221;true&#8221; link=&#8221;url:https%3A%2F%2Fscheitza-kunden.de%2Fefp-dev%2Fgeschaeftsfelder%2Fbusiness-strategy%2Fpayment-strategy-unser-team%2F|title:Payment-Strategie%20-%20Unser%20Team&#8221;][\/vc_column_inner][\/vc_row_inner][vc_empty_space height=&#8221;16px&#8221;][\/vc_column][\/vc_row]\n<\/div>","protected":false},"excerpt":{"rendered":"<p>[vc_row padding_top=&#8221;0px&#8221; padding_bottom=&#8221;0px&#8221;][vc_column][vc_custom_heading text=&#8221;Business Strategy&#8221; font_container=&#8221;tag:h2|font_size:24|text_align:left|color:%23ff8a00&#8243; google_fonts=&#8221;font_family:Open%20Sans%3A300%2C300italic%2Cregular%2Citalic%2C600%2C600italic%2C700%2C700italic%2C800%2C800italic|font_style:400%20regular%3A400%3Anormal&#8221;][vc_custom_heading text=&#8221;Business Opportunities finden, wo andere nur Regulierungsdruck versp\u00fcren&#8221; font_container=&#8221;tag:h1|font_size:32|text_align:left|color:%23195d7d|line_height:40px&#8221; google_fonts=&#8221;font_family:Open%20Sans%3A300%2C300italic%2Cregular%2Citalic%2C600%2C600italic%2C700%2C700italic%2C800%2C800italic|font_style:400%20regular%3A400%3Anormal&#8221;][vc_empty_space][vc_column_text]In den letzten Jahren ist eine fr\u00fcher ungewohnte Dynamik im Payment Markt entstanden, die sich in der stetigen Zunahme von Herausforderungen f\u00fcr die beteiligten Marktteilnehmer manifestiert: Sei es aufgrund regulatorischer Vorgaben, und den sich daraus ergebenden Konsequenzen hinsichtlich Compliance, Profitabilit\u00e4t und Marktf\u00e4higkeit von Produkt- &#8230; <\/p>\n<div><a href=\"https:\/\/scheitza-kunden.de\/efp-dev\/geschaeftsfelder\/business-strategy\/\" class=\"more-link\">Read More<\/a><\/div>\n","protected":false},"author":16,"featured_media":0,"parent":127,"menu_order":6,"comment_status":"closed","ping_status":"closed","template":"","meta":{"footnotes":""},"_links":{"self":[{"href":"https:\/\/scheitza-kunden.de\/efp-dev\/wp-json\/wp\/v2\/pages\/1954"}],"collection":[{"href":"https:\/\/scheitza-kunden.de\/efp-dev\/wp-json\/wp\/v2\/pages"}],"about":[{"href":"https:\/\/scheitza-kunden.de\/efp-dev\/wp-json\/wp\/v2\/types\/page"}],"author":[{"embeddable":true,"href":"https:\/\/scheitza-kunden.de\/efp-dev\/wp-json\/wp\/v2\/users\/16"}],"replies":[{"embeddable":true,"href":"https:\/\/scheitza-kunden.de\/efp-dev\/wp-json\/wp\/v2\/comments?post=1954"}],"version-history":[{"count":166,"href":"https:\/\/scheitza-kunden.de\/efp-dev\/wp-json\/wp\/v2\/pages\/1954\/revisions"}],"predecessor-version":[{"id":3740,"href":"https:\/\/scheitza-kunden.de\/efp-dev\/wp-json\/wp\/v2\/pages\/1954\/revisions\/3740"}],"up":[{"embeddable":true,"href":"https:\/\/scheitza-kunden.de\/efp-dev\/wp-json\/wp\/v2\/pages\/127"}],"wp:attachment":[{"href":"https:\/\/scheitza-kunden.de\/efp-dev\/wp-json\/wp\/v2\/media?parent=1954"}],"curies":[{"name":"wp","href":"https:\/\/api.w.org\/{rel}","templated":true}]}}