{"id":2,"date":"2014-04-22T10:45:42","date_gmt":"2014-04-22T10:45:42","guid":{"rendered":"http:\/\/www.scheitzaplus.com\/efp\/?page_id=2"},"modified":"2024-03-06T14:06:34","modified_gmt":"2024-03-06T13:06:34","slug":"beispiel-seite","status":"publish","type":"page","link":"https:\/\/scheitza-kunden.de\/efp-dev\/","title":{"rendered":"Home"},"content":{"rendered":"<div class=\"wpb-content-wrapper\">[vc_row][vc_column][vc_custom_heading text=&#8221;Was uns ausmacht&#8221; font_container=&#8221;tag:h1|font_size:32|text_align:left|color:%23195d7d|line_height:40px&#8221; google_fonts=&#8221;font_family:Open%20Sans%3A300%2C300italic%2Cregular%2Citalic%2C600%2C600italic%2C700%2C700italic%2C800%2C800italic|font_style:400%20regular%3A400%3Anormal&#8221;][vc_empty_space][vc_column_text]Wir sind ein unabh\u00e4ngiges, partnergef\u00fchrtes Beratungsunternehmen mit der Spezialisierung auf den Banken- und Finanzdienstleistungssektor. Unsere Beratungsphilosophie basiert auf der einzigartigen Kombination aus exzellentem Branchenwissen und ausgewiesener IT-Expertise. Genau diese f\u00fcr einen wertsch\u00f6pfenden und nachhaltigen Beratungs- und Projekterfolg essentiellen Kompetenzperspektiven machen uns zu einem gefragten Partner in dieser sich immer rasanter entwickelnden Finanzbranche.<\/p>\n<p>An unseren Standorten Frankfurt, D\u00fcsseldorf und Berlin wirken kompetente Mitarbeiter mit langj\u00e4hrigen Erfahrungen aus renommierten, international t\u00e4tigen Unternehmensberatungen, Finanzinstituten und Systemh\u00e4usern. Diese sich erg\u00e4nzenden Management-Skills erm\u00f6glichen es uns, f\u00fcr die jeweilige Aufgabe das jeweils optimal passende Team zusammenzustellen.<\/p>\n<p>Dar\u00fcber hinaus verf\u00fcgen unsere Mitarbeiter \u00fcber ein hohes Ma\u00df an Erfahrung und Sensibilit\u00e4t in der konkreten Projekt- und Zusammenarbeit auf allen Managementebenen bei unseren Auftraggebern. Dieser f\u00fcr die Erreichung der strategischen Unternehmensziele unserer Kunden ebenso bedeutsame integrative Managementstil ist uns wichtig und pr\u00e4gt unsere Beratungskultur auf eine ganz besondere Weise.<\/p>\n<p>Schlussendlich verstehen wir uns als Manager, die nicht nur mit Rat, sondern eben auch mit Tat zur Seite stehen. Gern auch Ihnen.[\/vc_column_text][\/vc_column][\/vc_row][vc_row][vc_column offset=&#8221;vc_hidden-lg vc_hidden-md vc_hidden-sm&#8221;][vc_custom_heading text=&#8221;Was uns ausmacht&#8221; font_container=&#8221;tag:h1|font_size:32|text_align:left|color:%23195d7d&#8221; google_fonts=&#8221;font_family:Open%20Sans%3A300%2C300italic%2Cregular%2Citalic%2C600%2C600italic%2C700%2C700italic%2C800%2C800italic|font_style:400%20regular%3A400%3Anormal&#8221;][vc_empty_space][vc_column_text]Wir sind ein unabh\u00e4ngiges, partnergef\u00fchrtes Beratungsunternehmen mit der Spezialisierung auf den Banken- und Finanzdienstleistungssektor. Unsere Beratungsphilosophie basiert auf der einzigartigen Kombination aus exzellentem Branchenwissen und ausgewiesener IT-Expertise. Genau diese f\u00fcr einen wertsch\u00f6pfenden und nachhaltigen Beratungs- und Projekterfolg essentiellen Kompetenzperspektiven machen uns zu einem gefragten Partner in dieser sich immer rasanter entwickelnden Finanzbranche.<\/p>\n<p>An unseren Standorten Frankfurt, D\u00fcsseldorf und Berlin wirken kompetente Mitarbeiter mit langj\u00e4hrigen Erfahrungen aus renommierten, international t\u00e4tigen Unternehmensberatungen, Finanzinstituten und Systemh\u00e4usern. Diese sich erg\u00e4nzenden Management-Skills erm\u00f6glichen es uns, f\u00fcr die jeweilige Aufgabe das jeweils optimal passende Team zusammenzustellen.<\/p>\n<span><a onclick=\"read_toggle(1389687065, 'Mehr lesen', 'Weniger lesen'); return false;\" class=\"read-link\" id=\"readlink1389687065\" style=\"readlink\" href=\"#\">Mehr lesen<\/a><\/span>\n<div class=\"read_div\" id=\"read1389687065\" style=\"display: none;\">\n<p>Dar\u00fcber hinaus verf\u00fcgen unsere Mitarbeiter \u00fcber ein hohes Ma\u00df an Erfahrung und Sensibilit\u00e4t in der konkreten Projekt- und Zusammenarbeit auf allen Managementebenen bei unseren Auftraggebern. Dieser f\u00fcr die Erreichung der strategischen Unternehmensziele unserer Kunden ebenso bedeutsame integrative Managementstil ist uns wichtig und pr\u00e4gt unsere Beratungskultur auf eine ganz besondere Weise.<\/p>\n<p>Schlussendlich verstehen wir uns als Manager, die nicht nur mit Rat, sondern eben auch mit Tat zur Seite stehen. Gern auch Ihnen.<\/div>[\/vc_column_text][\/vc_column][\/vc_row]\n<\/div>","protected":false},"excerpt":{"rendered":"<p>[vc_row][vc_column][vc_custom_heading text=&#8221;Was uns ausmacht&#8221; font_container=&#8221;tag:h1|font_size:32|text_align:left|color:%23195d7d|line_height:40px&#8221; google_fonts=&#8221;font_family:Open%20Sans%3A300%2C300italic%2Cregular%2Citalic%2C600%2C600italic%2C700%2C700italic%2C800%2C800italic|font_style:400%20regular%3A400%3Anormal&#8221;][vc_empty_space][vc_column_text]Wir sind ein unabh\u00e4ngiges, partnergef\u00fchrtes Beratungsunternehmen mit der Spezialisierung auf den Banken- und Finanzdienstleistungssektor. Unsere Beratungsphilosophie basiert auf der einzigartigen Kombination aus exzellentem Branchenwissen und ausgewiesener IT-Expertise. Genau diese f\u00fcr einen wertsch\u00f6pfenden und nachhaltigen Beratungs- und Projekterfolg essentiellen Kompetenzperspektiven machen uns zu einem gefragten Partner in dieser sich immer rasanter entwickelnden Finanzbranche. An unseren Standorten &#8230; <\/p>\n<div><a href=\"https:\/\/scheitza-kunden.de\/efp-dev\/\" class=\"more-link\">Read More<\/a><\/div>\n","protected":false},"author":12,"featured_media":0,"parent":0,"menu_order":52,"comment_status":"closed","ping_status":"closed","template":"template-layout-content-sidebar.php","meta":{"footnotes":""},"_links":{"self":[{"href":"https:\/\/scheitza-kunden.de\/efp-dev\/wp-json\/wp\/v2\/pages\/2"}],"collection":[{"href":"https:\/\/scheitza-kunden.de\/efp-dev\/wp-json\/wp\/v2\/pages"}],"about":[{"href":"https:\/\/scheitza-kunden.de\/efp-dev\/wp-json\/wp\/v2\/types\/page"}],"author":[{"embeddable":true,"href":"https:\/\/scheitza-kunden.de\/efp-dev\/wp-json\/wp\/v2\/users\/12"}],"replies":[{"embeddable":true,"href":"https:\/\/scheitza-kunden.de\/efp-dev\/wp-json\/wp\/v2\/comments?post=2"}],"version-history":[{"count":88,"href":"https:\/\/scheitza-kunden.de\/efp-dev\/wp-json\/wp\/v2\/pages\/2\/revisions"}],"predecessor-version":[{"id":3739,"href":"https:\/\/scheitza-kunden.de\/efp-dev\/wp-json\/wp\/v2\/pages\/2\/revisions\/3739"}],"wp:attachment":[{"href":"https:\/\/scheitza-kunden.de\/efp-dev\/wp-json\/wp\/v2\/media?parent=2"}],"curies":[{"name":"wp","href":"https:\/\/api.w.org\/{rel}","templated":true}]}}