{"id":2120,"date":"2021-05-04T08:13:44","date_gmt":"2021-05-04T06:13:44","guid":{"rendered":"https:\/\/scheitza-kunden.de\/efp-dev\/?page_id=2120"},"modified":"2024-01-17T15:10:46","modified_gmt":"2024-01-17T14:10:46","slug":"projects-initiatives-methods","status":"publish","type":"page","link":"https:\/\/scheitza-kunden.de\/efp-dev\/kompetenzen\/projects-initiatives-methods\/","title":{"rendered":"Projects, Initiatives &#038; Methods"},"content":{"rendered":"<div class=\"wpb-content-wrapper\">[vc_row padding_top=&#8221;0px&#8221; padding_bottom=&#8221;0px&#8221;][vc_column fade_animation_offset=&#8221;45px&#8221; offset=&#8221;vc_hidden-xs&#8221;][vc_custom_heading text=&#8221;Programm- und Projekt-Management&#8221; font_container=&#8221;tag:h2|font_size:24|text_align:left|color:%23ff8a00&#8243; google_fonts=&#8221;font_family:Open%20Sans%3A300%2C300italic%2Cregular%2Citalic%2C600%2C600italic%2C700%2C700italic%2C800%2C800italic|font_style:400%20regular%3A400%3Anormal&#8221;][vc_empty_space][vc_column_text]Seit vielen Jahren unterst\u00fctzen wir unsere Kunden bei der Konzeption und Umsetzung ihrer IT-Strategie, aber auch in den verschiedenen Belangen ihres taktischen IT-Managements. Wie auch in anderen Themenfeldern liegt h\u00e4ufig die Herausforderung darin, die strategische Ausrichtung und die taktischen Ma\u00dfnahmen passgenau aufeinander auszurichten.[\/vc_column_text][\/vc_column][\/vc_row][vc_row padding_top=&#8221;0px&#8221; padding_bottom=&#8221;0px&#8221;][vc_column fade_animation_offset=&#8221;45px&#8221; offset=&#8221;vc_hidden-xs&#8221;][vc_custom_heading text=&#8221;Der Programm-Manager als Multi-Projekt-Dirigent&#8221; font_container=&#8221;tag:h1|font_size:32|text_align:left|color:%23195d7d|line_height:40px&#8221; google_fonts=&#8221;font_family:Open%20Sans%3A300%2C300italic%2Cregular%2Citalic%2C600%2C600italic%2C700%2C700italic%2C800%2C800italic|font_style:400%20regular%3A400%3Anormal&#8221;][vc_empty_space][vc_column_text]Das Wesen des Programm-Managements ist das \u00fcbergreifende Steuern verschiedener Teilprojekte mit einem gemeinsamen Gesamtziel. Der Schl\u00fcssel zum Erfolg liegt hier in der F\u00e4higkeit, komplexe Sachverhalte zu synchronisieren. Sonst bleiben Synergiepotenziale ungenutzt, die Effektivit\u00e4t verpufft und das Erreichen des Gesamtziels fraglich.<\/p>\n<p>Seit vielen Jahren \u00fcbernehmen wir die Rolle des Programm-Managers f\u00fcr unsere Kunden und haben so effektiv zum Erreichen der \u00fcbergeordneten Ziele beigetragen &#8211; weil wir gezielt und konsequent die Synergien bei parallel laufenden Projekten suchen und heben.<\/p>\n<p>Als erfahrene Programm-Manager dirigieren wir die unterschiedlichen Projekte und Teams zur Erreichung des Gesamtziels, indem wir effektive und vielfach erprobte Methoden anwenden. Dar\u00fcber hinaus etablieren wir eine zielorientierte und \u00fcberzeugende Kommunikationskultur, wodurch Projekte wirksam zur Erreichung des Gesamtziels verzahnt und wichtige Synergievorteile gehoben werden.[\/vc_column_text][\/vc_column][\/vc_row][vc_row padding_top=&#8221;0px&#8221; padding_bottom=&#8221;0px&#8221;][vc_column fade_animation_offset=&#8221;45px&#8221; offset=&#8221;vc_hidden-xs&#8221;][vc_custom_heading text=&#8221;Wo kein Ziel ist, ist auch kein Weg.&#8221; font_container=&#8221;tag:h1|font_size:32|text_align:left|color:%23195d7d|line_height:40px&#8221; google_fonts=&#8221;font_family:Open%20Sans%3A300%2C300italic%2Cregular%2Citalic%2C600%2C600italic%2C700%2C700italic%2C800%2C800italic|font_style:400%20regular%3A400%3Anormal&#8221;][vc_empty_space][vc_column_text]Ohne eindeutige Zielvereinbarung ist Projektarbeit reine Improvisation. Erschwerend kommt hinzu, dass Projektziele sich ver\u00e4ndern k\u00f6nnen. Aus diesem Grund m\u00fcssen sie regelm\u00e4\u00dfig gepr\u00fcft und \u00fcberarbeitet werden. Die Ziele m\u00fcssen ferner messbar sein und ihr Erreichen kontrolliert werden.<\/p>\n<p>Die daf\u00fcr notwendigen rollierenden Planungsprozesse sind bei der EFP in erfahrenden H\u00e4nden. Tiefe Methodenkenntnisse und langj\u00e4hrige Erfahrungen haben bei unseren Beratern die Expertise und das Gesp\u00fcr wachsen lassen, die f\u00fcr Ihre Organisation und Ihr Projektvorhaben ben\u00f6tigte Projektmanagementmethodik und Projektstruktur (wie z.B. PMO) auszuw\u00e4hlen und anzuwenden.<\/p>\n<p>Im Mittelpunkt unseres Ansatzes stehen dabei die Motivation und Mobilisierung der Beteiligten, Ihre Projektziele innerhalb der erwarteten Leistungsziele (Zeit, Qualit\u00e4t, Kosten etc.) zu erreichen.[\/vc_column_text][\/vc_column][\/vc_row]\n<\/div>","protected":false},"excerpt":{"rendered":"<p>[vc_row padding_top=&#8221;0px&#8221; padding_bottom=&#8221;0px&#8221;][vc_column fade_animation_offset=&#8221;45px&#8221; offset=&#8221;vc_hidden-xs&#8221;][vc_custom_heading text=&#8221;Programm- und Projekt-Management&#8221; font_container=&#8221;tag:h2|font_size:24|text_align:left|color:%23ff8a00&#8243; google_fonts=&#8221;font_family:Open%20Sans%3A300%2C300italic%2Cregular%2Citalic%2C600%2C600italic%2C700%2C700italic%2C800%2C800italic|font_style:400%20regular%3A400%3Anormal&#8221;][vc_empty_space][vc_column_text]Seit vielen Jahren unterst\u00fctzen wir unsere Kunden bei der Konzeption und Umsetzung ihrer IT-Strategie, aber auch in den verschiedenen Belangen ihres taktischen IT-Managements. Wie auch in anderen Themenfeldern liegt h\u00e4ufig die Herausforderung darin, die strategische Ausrichtung und die taktischen Ma\u00dfnahmen passgenau aufeinander auszurichten.[\/vc_column_text][\/vc_column][\/vc_row][vc_row padding_top=&#8221;0px&#8221; padding_bottom=&#8221;0px&#8221;][vc_column fade_animation_offset=&#8221;45px&#8221; offset=&#8221;vc_hidden-xs&#8221;][vc_custom_heading text=&#8221;Der Programm-Manager als Multi-Projekt-Dirigent&#8221; &#8230; <\/p>\n<div><a href=\"https:\/\/scheitza-kunden.de\/efp-dev\/kompetenzen\/projects-initiatives-methods\/\" class=\"more-link\">Read More<\/a><\/div>\n","protected":false},"author":16,"featured_media":0,"parent":3460,"menu_order":4,"comment_status":"closed","ping_status":"closed","template":"","meta":{"footnotes":""},"_links":{"self":[{"href":"https:\/\/scheitza-kunden.de\/efp-dev\/wp-json\/wp\/v2\/pages\/2120"}],"collection":[{"href":"https:\/\/scheitza-kunden.de\/efp-dev\/wp-json\/wp\/v2\/pages"}],"about":[{"href":"https:\/\/scheitza-kunden.de\/efp-dev\/wp-json\/wp\/v2\/types\/page"}],"author":[{"embeddable":true,"href":"https:\/\/scheitza-kunden.de\/efp-dev\/wp-json\/wp\/v2\/users\/16"}],"replies":[{"embeddable":true,"href":"https:\/\/scheitza-kunden.de\/efp-dev\/wp-json\/wp\/v2\/comments?post=2120"}],"version-history":[{"count":17,"href":"https:\/\/scheitza-kunden.de\/efp-dev\/wp-json\/wp\/v2\/pages\/2120\/revisions"}],"predecessor-version":[{"id":3613,"href":"https:\/\/scheitza-kunden.de\/efp-dev\/wp-json\/wp\/v2\/pages\/2120\/revisions\/3613"}],"up":[{"embeddable":true,"href":"https:\/\/scheitza-kunden.de\/efp-dev\/wp-json\/wp\/v2\/pages\/3460"}],"wp:attachment":[{"href":"https:\/\/scheitza-kunden.de\/efp-dev\/wp-json\/wp\/v2\/media?parent=2120"}],"curies":[{"name":"wp","href":"https:\/\/api.w.org\/{rel}","templated":true}]}}