{"id":2252,"date":"2021-05-18T09:51:52","date_gmt":"2021-05-18T07:51:52","guid":{"rendered":"https:\/\/scheitza-kunden.de\/efp-dev\/?page_id=2252"},"modified":"2024-11-08T12:40:15","modified_gmt":"2024-11-08T11:40:15","slug":"leistungsangebot","status":"publish","type":"page","link":"https:\/\/scheitza-kunden.de\/efp-dev\/geschaeftsfelder\/business-strategy\/leistungsangebot\/","title":{"rendered":"Payment Strategy &#8211; Leistungsangebot"},"content":{"rendered":"<div class=\"wpb-content-wrapper\">[vc_row padding_top=&#8221;0px&#8221; padding_bottom=&#8221;0px&#8221;][vc_column][vc_custom_heading text=&#8221;Business Strategy&#8221; font_container=&#8221;tag:h2|font_size:24|text_align:left|color:%23ff8a00&#8243;][vc_custom_heading text=&#8221;Unser Leistungsangebot&#8221; font_container=&#8221;tag:h1|font_size:32|text_align:left|color:%23195d7d&#8221; google_fonts=&#8221;font_family:Open%20Sans%3A300%2C300italic%2Cregular%2Citalic%2C600%2C600italic%2C700%2C700italic%2C800%2C800italic|font_style:400%20regular%3A400%3Anormal&#8221;][vc_empty_space][vc_column_text]Wir fokussieren uns in der <em>Business\u00a0Strategy<\/em> im Rahmen unseres Beratungsansatzes auf die Entwicklung und Umsetzungsvorbereitung funktionaler Strategien f\u00fcr Unternehmen im Payment- und Banking-Umfeld. Unser Beratungs- und Leistungsspektrum reicht somit von Gesch\u00e4ftsfeld- oder Portfoliostrategien, \u00fcber dedizierte Produkt- und\/ oder Servicestrategien bis hin zu abgeleiteten Umsetzungsstrategien.<\/p>\n<p>Unsere Beratungsleistung kann bei Bedarf durch weitere Experten aus der EFP erg\u00e4nzt werden. Dies umfasst u.a. <a href=\"https:\/\/scheitza-kunden.de\/efp-dev\/expertisen\/migrations\/\">Migrationsmanagement<\/a>, <a href=\"https:\/\/scheitza-kunden.de\/efp-dev\/expertisen\/it-strategie-it-management\/\">IT-Strategie und -Management<\/a>, etc.<\/p>\n<p>Dar\u00fcber hinaus k\u00f6nnen wir Sie auch bei der regelm\u00e4\u00dfigen Durchf\u00fchrung von Datenanalysen und Reportings unterst\u00fctzen. Unsere Kollegen von der <a href=\"https:\/\/scheitza-kunden.de\/efp-dev\/advanced-analytics\/\">EFP Advanced Analytics<\/a> bieten entsprechende Services und stehen Ihnen gern zur Verf\u00fcgung.[\/vc_column_text][vc_empty_space height=&#8221;16px&#8221;][vc_tta_tabs shape=&#8221;square&#8221; color=&#8221;white&#8221; active_section=&#8221;1&#8243; css_animation=&#8221;none&#8221; no_fill_content_area=&#8221;true&#8221; css=&#8221;.vc_custom_1731064398404{margin-bottom: 200px !important;}&#8221;][vc_tta_section title=&#8221;Gesch\u00e4ftsfeldstrategien&#8221; tab_id=&#8221;1729511230822-16fe71b0-d3f2&#8243;][vc_row_inner css=&#8221;.vc_custom_1731064364600{background-color: #ffffff !important;}&#8221;][vc_column_inner width=&#8221;1\/2&#8243;][vc_single_image image=&#8221;3651&#8243; img_size=&#8221;full&#8221;][\/vc_column_inner][vc_column_inner width=&#8221;1\/2&#8243;][vc_column_text]Bei den <strong>Gesch\u00e4ftsfeldstrategien<\/strong> stehen folgende Leistungen im Fokus:<\/p>\n<ul>\n<li>Go-to-Market Strategien \u2013 Entwicklung von \u00fcbergreifenden Produkt- und Service-Angeboten<\/li>\n<li>Unterst\u00fctzung bei dem Aufbau von neuen oder der Weiterentwicklung vorhandener Gesch\u00e4ftsfelder, z.B. f\u00fcr datenbasierte Gesch\u00e4ftsmodelle<\/li>\n<li>Bewertung der Zukunftsf\u00e4higkeit von Gesch\u00e4ftsfeldern (Strategic fit) sowie M&amp;A-Vorhaben<\/li>\n<li>Sondierung von potenziellen \u00dcbernahmekandidaten und\/oder Kooperationspartnern<\/li>\n<li>Durchf\u00fchrung von Auswirkungsanalysen (Impact Analysis) f\u00fcr Digitalisierungs- und\/oder Transformationsvorhaben<\/li>\n<li>Durchf\u00fchrung von Trendvorhersagen, Analysen und Zielmarktdefinitionen<\/li>\n<li>Analysen des Portfolios und des Produkt-\/Service-Umfangs<\/li>\n<\/ul>\n[\/vc_column_text][\/vc_column_inner][\/vc_row_inner][\/vc_tta_section][vc_tta_section title=&#8221;Produkt- und Servicestrategien&#8221; tab_id=&#8221;1729511230831-4f0265c3-9378&#8243;][vc_row_inner][vc_column_inner width=&#8221;1\/2&#8243;][vc_single_image image=&#8221;3652&#8243; img_size=&#8221;full&#8221;][\/vc_column_inner][vc_column_inner width=&#8221;1\/2&#8243;][vc_column_text]Bei den <strong>Produkt- und Servicestrategien<\/strong> stehen folgende Leistungen im Fokus:<\/p>\n<ul>\n<li>Unterst\u00fctzung bei der Produktausgestaltung und Vermarktung<\/li>\n<li>Unterst\u00fctzung bei der Kunden- und Zielmarktbestimmung und der Kundensegmentierung<\/li>\n<li>Durchf\u00fchrung von Business Impact- sowie Markt- und Wettbewerbsanalyen, Benchmarking<\/li>\n<li>Unterst\u00fctzung bei der Gestaltung marktf\u00e4higer Preise und Konditionen<\/li>\n<li>Durchf\u00fchrung von wirtschaftlichen Kalkulationen (Business Case) und der Definition von Erfolgskriterien (KPIs)<\/li>\n<li>Durchf\u00fchrung von Trendvorhersagen und Analysen<\/li>\n<li>Analyse und Bestimmung der notwendigen regulatorischen\/aufsichtsrechtlichen Anforderungen<\/li>\n<\/ul>\n[\/vc_column_text][\/vc_column_inner][\/vc_row_inner][\/vc_tta_section][vc_tta_section title=&#8221;Umsetzungsstrategien&#8221; tab_id=&#8221;1729511765457-6a0651b2-f5bb&#8221;][vc_row_inner][vc_column_inner width=&#8221;1\/2&#8243;][vc_single_image image=&#8221;3653&#8243; img_size=&#8221;full&#8221;][\/vc_column_inner][vc_column_inner width=&#8221;1\/2&#8243;][vc_column_text]Bei den <strong>Umsetzungsstrategien<\/strong> stehen folgende Leistungen im Fokus:<\/p>\n<ul>\n<li>Unterst\u00fctzung bei der Definition von Implementierungsschritten (Roadmap)<\/li>\n<li>Ableitung von Handlungsempfehlungen, inklusive \u201eMake, Buy or Build\u201c-Szenarien<\/li>\n<li>Evaluierung der Ver\u00e4nderungsnotwendigkeit (prozessuale und organisatorische Anpassungen)<\/li>\n<li>Ableitung\/Definition eines neuen Betriebsmodells (Target Operating Model &#8211; TOM)<\/li>\n<li>Analyse und Definition notwendiger Anwendungs- und Systemanpassungen in der IT<\/li>\n<li>Erarbeitung von Migrations- und\/oder In-\/Outsourcing-Strategien<\/li>\n<li>Unterst\u00fctzung bei der Vorbereitung strategischer Ausschreibungen<\/li>\n<\/ul>\n[\/vc_column_text][\/vc_column_inner][\/vc_row_inner][\/vc_tta_section][\/vc_tta_tabs]\r\n        <style>\r\n        \t.unique-carousel-374 .owl-next, .unique-carousel-374 .owl-prev{\r\n        \t\tbackground:   !important;\r\n        \t\tcolor: #ff8a00 !important;\r\n        \t}\r\n\r\n        \t.unique-carousel-374.owl-theme .owl-dots .owl-dot.active span, .unique-carousel-374.owl-theme .owl-dots .owl-dot:hover span{\r\n        \t\tbackground: #ff8a00 !important;\r\n        \t}\r\n\r\n        \t.owl-next, .owl-prev{\r\n        \t\ttop: 40%;\r\n        \t}\r\n        <\/style>\r\n        <div class=\"wdo-carosuel-container unique-carousel-374 owl-carousel owl-theme\">\r\n        \t\t\t\t\r\n\t\t<div class=\"item\">\r\n\t\t\t[vc_row_inner][vc_column_inner width=&#8221;2\/5&#8243;][vc_single_image image=&#8221;3651&#8243; img_size=&#8221;full&#8221;][\/vc_column_inner][vc_column_inner width=&#8221;3\/5&#8243;][vc_column_text]Bei den <strong>Gesch\u00e4ftsfeldstrategien<\/strong> stehen folgende Leistungen im Fokus:<\/p>\n<ul>\n<li>Go-to-Market Strategien \u2013 Entwicklung von \u00fcbergreifenden Produkt- und Service-Angeboten<\/li>\n<li>Unterst\u00fctzung bei dem Aufbau von neuen oder der Weiterentwicklung vorhandener Gesch\u00e4ftsfelder, z.B. f\u00fcr datenbasierte Gesch\u00e4ftsmodelle<\/li>\n<li>Bewertung der Zukunftsf\u00e4higkeit von Gesch\u00e4ftsfeldern (Strategic fit) sowie M&amp;A-Vorhaben<\/li>\n<li>Sondierung von potenziellen \u00dcbernahmekandidaten und\/oder Kooperationspartnern<\/li>\n<li>Durchf\u00fchrung von Auswirkungsanalysen (Impact Analysis) f\u00fcr Digitalisierungs- und\/oder Transformationsvorhaben<\/li>\n<li>Durchf\u00fchrung von Trendvorhersagen, Analysen und Zielmarktdefinitionen<\/li>\n<li>Analysen des Portfolios und des Produkt-\/Service-Umfangs<\/li>\n<\/ul>\n[\/vc_column_text][\/vc_column_inner][\/vc_row_inner]\t\t<\/div>\r\n\r\n\t\t\t\t\t\r\n\t\t<div class=\"item\">\r\n\t\t\t[vc_row_inner][vc_column_inner width=&#8221;2\/5&#8243;][vc_single_image image=&#8221;3652&#8243; img_size=&#8221;full&#8221;][\/vc_column_inner][vc_column_inner width=&#8221;3\/5&#8243;][vc_column_text]Bei den <strong>Produkt- und Servicestrategien<\/strong> stehen folgende Leistungen im Fokus:<\/p>\n<ul>\n<li>Unterst\u00fctzung bei der Produktausgestaltung und Vermarktung<\/li>\n<li>Unterst\u00fctzung bei der Kunden- und Zielmarktbestimmung und der Kundensegmentierung<\/li>\n<li>Durchf\u00fchrung von Business Impact- sowie Markt- und Wettbewerbsanalyen, Benchmarking<\/li>\n<li>Unterst\u00fctzung bei der Gestaltung marktf\u00e4higer Preise und Konditionen<\/li>\n<li>Durchf\u00fchrung von wirtschaftlichen Kalkulationen (Business Case) und der Definition von Erfolgskriterien (KPIs)<\/li>\n<li>Durchf\u00fchrung von Trendvorhersagen und Analysen<\/li>\n<li>Analyse und Bestimmung der notwendigen regulatorischen\/aufsichtsrechtlichen Anforderungen<\/li>\n<\/ul>\n[\/vc_column_text][\/vc_column_inner][\/vc_row_inner]\t\t<\/div>\r\n\r\n\t\t\t\t\t\r\n\t\t<div class=\"item\">\r\n\t\t\t[vc_row_inner][vc_column_inner width=&#8221;2\/5&#8243;][vc_single_image image=&#8221;3653&#8243; img_size=&#8221;full&#8221;][\/vc_column_inner][vc_column_inner width=&#8221;3\/5&#8243;][vc_column_text]Bei den <strong>Umsetzungsstrategien<\/strong> stehen folgende Leistungen im Fokus:<\/p>\n<ul>\n<li>Unterst\u00fctzung bei der Definition von Implementierungsschritten (Roadmap)<\/li>\n<li>Ableitung von Handlungsempfehlungen, inklusive \u201eMake, Buy or Build\u201c-Szenarien<\/li>\n<li>Evaluierung der Ver\u00e4nderungsnotwendigkeit (prozessuale und organisatorische Anpassungen)<\/li>\n<li>Ableitung\/Definition eines neuen Betriebsmodells (Target Operating Model &#8211; TOM)<\/li>\n<li>Analyse und Definition notwendiger Anwendungs- und Systemanpassungen in der IT<\/li>\n<li>Erarbeitung von Migrations- und\/oder In-\/Outsourcing-Strategien<\/li>\n<li>Unterst\u00fctzung bei der Vorbereitung strategischer Ausschreibungen<\/li>\n<\/ul>\n[\/vc_column_text][\/vc_column_inner][\/vc_row_inner]\t\t<\/div>\r\n\r\n\t\t        <\/div>\r\n        <script type=\"text\/javascript\">\r\n        \tjQuery(document).ready(function ($) {\r\n        \t\t$('.unique-carousel-374').owlCarousel({\r\n        \t\t    margin:10,\r\n        \t\t    touchDrag:true,\r\n        \t\t    mouseDrag:true,\r\n        \t\t    animateIn: \"no-animation\",\r\n        \t\t    animateOut: \"slideOutLeft\",\r\n        \t\t    video:true,\r\n        \t\t    videoWidth:true,\r\n        \t\t    videoHeight:300,\r\n        \t\t    loop:false,\r\n        \t\t    slideBy:1,\r\n        \t\t    autoplay:false, \r\n        \t\t    nav:true,\r\n        \t\t    dots:true,\r\n        \t\t    navText:[\"<div class='nav-btn prev-slide'><\/div>\",\"<div class='nav-btn next-slide'><\/div>\"],\r\n        \t\t    responsive:{\r\n        \t\t        0:{\r\n        \t\t            items:1        \t\t        },\r\n        \t\t        600:{\r\n        \t\t            items:1        \t\t        },\r\n        \t\t        1000:{\r\n        \t\t            items:1        \t\t        }\r\n        \t\t    }\r\n        \t\t});\r\n        \t});\r\n        <\/script>\r\n\r\n        [\/vc_column][\/vc_row][vc_row][vc_column][vc_empty_space height=&#8221;25&#8243;][vc_btn title=&#8221;zur\u00fcck&#8221; align=&#8221;center&#8221; link=&#8221;url:https%3A%2F%2Fscheitza-kunden.de%2Fefp-dev%2Fgeschaeftsfelder%2Fbusiness-strategy%2F&#8221;][\/vc_column][\/vc_row]\n<\/div>","protected":false},"excerpt":{"rendered":"<p>[vc_row padding_top=&#8221;0px&#8221; padding_bottom=&#8221;0px&#8221;][vc_column][vc_custom_heading text=&#8221;Business Strategy&#8221; font_container=&#8221;tag:h2|font_size:24|text_align:left|color:%23ff8a00&#8243;][vc_custom_heading text=&#8221;Unser Leistungsangebot&#8221; font_container=&#8221;tag:h1|font_size:32|text_align:left|color:%23195d7d&#8221; google_fonts=&#8221;font_family:Open%20Sans%3A300%2C300italic%2Cregular%2Citalic%2C600%2C600italic%2C700%2C700italic%2C800%2C800italic|font_style:400%20regular%3A400%3Anormal&#8221;][vc_empty_space][vc_column_text]Wir fokussieren uns in der Business\u00a0Strategy im Rahmen unseres Beratungsansatzes auf die Entwicklung und Umsetzungsvorbereitung funktionaler Strategien f\u00fcr Unternehmen im Payment- und Banking-Umfeld. Unser Beratungs- und Leistungsspektrum reicht somit von Gesch\u00e4ftsfeld- oder Portfoliostrategien, \u00fcber dedizierte Produkt- und\/ oder Servicestrategien bis hin zu abgeleiteten Umsetzungsstrategien. Unsere Beratungsleistung kann bei Bedarf durch weitere &#8230; <\/p>\n<div><a href=\"https:\/\/scheitza-kunden.de\/efp-dev\/geschaeftsfelder\/business-strategy\/leistungsangebot\/\" class=\"more-link\">Read More<\/a><\/div>\n","protected":false},"author":16,"featured_media":0,"parent":1954,"menu_order":1,"comment_status":"closed","ping_status":"closed","template":"","meta":{"footnotes":""},"_links":{"self":[{"href":"https:\/\/scheitza-kunden.de\/efp-dev\/wp-json\/wp\/v2\/pages\/2252"}],"collection":[{"href":"https:\/\/scheitza-kunden.de\/efp-dev\/wp-json\/wp\/v2\/pages"}],"about":[{"href":"https:\/\/scheitza-kunden.de\/efp-dev\/wp-json\/wp\/v2\/types\/page"}],"author":[{"embeddable":true,"href":"https:\/\/scheitza-kunden.de\/efp-dev\/wp-json\/wp\/v2\/users\/16"}],"replies":[{"embeddable":true,"href":"https:\/\/scheitza-kunden.de\/efp-dev\/wp-json\/wp\/v2\/comments?post=2252"}],"version-history":[{"count":36,"href":"https:\/\/scheitza-kunden.de\/efp-dev\/wp-json\/wp\/v2\/pages\/2252\/revisions"}],"predecessor-version":[{"id":3933,"href":"https:\/\/scheitza-kunden.de\/efp-dev\/wp-json\/wp\/v2\/pages\/2252\/revisions\/3933"}],"up":[{"embeddable":true,"href":"https:\/\/scheitza-kunden.de\/efp-dev\/wp-json\/wp\/v2\/pages\/1954"}],"wp:attachment":[{"href":"https:\/\/scheitza-kunden.de\/efp-dev\/wp-json\/wp\/v2\/media?parent=2252"}],"curies":[{"name":"wp","href":"https:\/\/api.w.org\/{rel}","templated":true}]}}