{"id":3006,"date":"2022-05-30T12:03:05","date_gmt":"2022-05-30T10:03:05","guid":{"rendered":"https:\/\/scheitza-kunden.de\/efp-dev\/?page_id=3006"},"modified":"2024-03-06T14:50:17","modified_gmt":"2024-03-06T13:50:17","slug":"compliance","status":"publish","type":"page","link":"https:\/\/scheitza-kunden.de\/efp-dev\/expertisen\/compliance\/","title":{"rendered":"Compliance"},"content":{"rendered":"<div class=\"wpb-content-wrapper\">[vc_row padding_top=&#8221;0px&#8221; padding_bottom=&#8221;0px&#8221;][vc_column][vc_custom_heading text=&#8221;Compliance Management&#8221; font_container=&#8221;tag:h2|font_size:24|text_align:left|color:%23ff8a00&#8243; google_fonts=&#8221;font_family:Open%20Sans%3A300%2C300italic%2Cregular%2Citalic%2C600%2C600italic%2C700%2C700italic%2C800%2C800italic|font_style:400%20regular%3A400%3Anormal&#8221;][vc_custom_heading text=&#8221;Mehr als eine Pflicht\u00fcbung&#8221; font_container=&#8221;tag:h1|font_size:32|text_align:left|color:%23195d7d|line_height:40px&#8221; google_fonts=&#8221;font_family:Open%20Sans%3A300%2C300italic%2Cregular%2Citalic%2C600%2C600italic%2C700%2C700italic%2C800%2C800italic|font_style:400%20regular%3A400%3Anormal&#8221;][vc_empty_space][vc_column_text]Das Zusammenspiel und die Komplexit\u00e4t gesetzlicher und regulatorischer Eingriffe in den Finanz- und Paymentmarkt nimmt immer st\u00e4rker zu. Deshalb ist es f\u00fcr die Marktteilnehmer ein Kraftakt, die erforderliche Regelkonformit\u00e4t im Einklang mit den unternehmerischen Zielen permanent sicherzustellen. Die Beherrschung dieser regulatorischen, bzw. aufsichtsrechtlichen Anforderungen, sowie ihre angemessene und effiziente Umsetzung, ist zweifellos eine gesch\u00e4ftskritische Aufgabe und mittlerweile auch zu einem vitalen Wettbewerbsfaktor zwischen den Markteilnehmern geworden. Egal, ob neue Anforderungen an die Steuerung von Risiken, resultierend aus der ZAIT, Umsetzung von ge\u00e4nderten geldw\u00e4scherechtlichen Anforderungen in Kundenprozessen oder versch\u00e4rfte Anforderungen an die Auslagerung von kritischen <a href=\"https:\/\/scheitza-kunden.de\/efp-dev\/kompetenzen\/process-workflow-design\/\">Gesch\u00e4ftsprozessen<\/a> &#8211; ohne einen verl\u00e4sslichen Ordnungsrahmen im Sinne von organisatorischen Strukturen und Methoden, sowie technischen Systemen zur Unterst\u00fctzung, ist eine angemessene Compliance nicht m\u00f6glich.<\/p>\n<p>Dar\u00fcber hinaus stellt auch die Einhaltung der Vorgaben der Payment- und Card-Schemes eine gro\u00dfe Herausforderung f\u00fcr alle Akteure in diesem Markt dar, da sie zum einen sehr umfangreich und vielschichtig sind (z.B. Rules &amp; Regulations, Bylaws, Pricing\/Billing, Technischer Anhang, usw.) und zum anderen ebenfalls permanenten Anpassungen und Erweiterungen unterliegen. Hier fortlaufend \u201ca jure\u201d zu bleiben, ist f\u00fcr die betroffenen Marktteilnehmer oft eine gro\u00dfe Herausforderung f\u00fcr ihr operatives Gesch\u00e4ft. \u00a0Ein weiterer Punkt in diesem Kontext ist auch die hohe Volatilit\u00e4t hinsichtlich der zu zahlenden Scheme Fees. Insbesondere die <a href=\"https:\/\/scheitza-kunden.de\/efp-dev\/expertisen\/cards-payments\/\">Kartenorganisationen<\/a> (Card Schemes) haben in den letzten Jahren hier eine hohe Kreativit\u00e4t gezeigt, so dass es f\u00fcr die Marktteilnehmer oft schwer geworden ist, die daraus resultierenden Implikationen auf ihr Gesch\u00e4ftsmodell zu greifen, aber auch schlicht die Korrektheit der Abrechnungen nachzuvollziehen.[\/vc_column_text][vc_empty_space][vc_row_inner][vc_column_inner width=&#8221;1\/4&#8243;][vc_btn title=&#8221;Was uns auszeichnet&#8221; align=&#8221;center&#8221; button_block=&#8221;true&#8221; link=&#8221;url:https%3A%2F%2Fscheitza-kunden.de%2Fefp-dev%2Fexpertisen%2Fcompliance%2Fwas-uns-auszeichnet%2F|title:Compliance%20Management%20-%20Was%20uns%20auszeichnet&#8221;][\/vc_column_inner][vc_column_inner width=&#8221;1\/4&#8243;][vc_btn title=&#8221;Unser Leistungsangebot&#8221; align=&#8221;center&#8221; button_block=&#8221;true&#8221; link=&#8221;url:https%3A%2F%2Fscheitza-kunden.de%2Fefp-dev%2Fexpertisen%2Fcompliance%2Fleistungsangebot%2F|title:Compliance%20Management%20-%20Unser%20Leistungsangebot&#8221;][\/vc_column_inner][vc_column_inner width=&#8221;1\/4&#8243;][vc_btn title=&#8221;Unsere Fokusbranchen&#8221; align=&#8221;center&#8221; button_block=&#8221;true&#8221; link=&#8221;url:https%3A%2F%2Fscheitza-kunden.de%2Fefp-dev%2Fexpertisen%2Fcompliance%2Fcompliance-management-fokusbranchen%2F|title:Compliance%20Management%20-%20Unsere%20Fokusbranchen&#8221;][\/vc_column_inner][vc_column_inner width=&#8221;1\/4&#8243;][vc_btn title=&#8221;Unser Ansprechpartner&#8221; align=&#8221;center&#8221; button_block=&#8221;true&#8221; link=&#8221;url:https%3A%2F%2Fscheitza-kunden.de%2Fefp-dev%2Fexpertisen%2Fcompliance%2Fansprechpartner%2F|title:Compliance%20Management%20-%20Unser%20Ansprechpartner&#8221;][\/vc_column_inner][\/vc_row_inner][vc_empty_space height=&#8221;16px&#8221;][\/vc_column][\/vc_row]\n<\/div>","protected":false},"excerpt":{"rendered":"<p>[vc_row padding_top=&#8221;0px&#8221; padding_bottom=&#8221;0px&#8221;][vc_column][vc_custom_heading text=&#8221;Compliance Management&#8221; font_container=&#8221;tag:h2|font_size:24|text_align:left|color:%23ff8a00&#8243; google_fonts=&#8221;font_family:Open%20Sans%3A300%2C300italic%2Cregular%2Citalic%2C600%2C600italic%2C700%2C700italic%2C800%2C800italic|font_style:400%20regular%3A400%3Anormal&#8221;][vc_custom_heading text=&#8221;Mehr als eine Pflicht\u00fcbung&#8221; font_container=&#8221;tag:h1|font_size:32|text_align:left|color:%23195d7d|line_height:40px&#8221; google_fonts=&#8221;font_family:Open%20Sans%3A300%2C300italic%2Cregular%2Citalic%2C600%2C600italic%2C700%2C700italic%2C800%2C800italic|font_style:400%20regular%3A400%3Anormal&#8221;][vc_empty_space][vc_column_text]Das Zusammenspiel und die Komplexit\u00e4t gesetzlicher und regulatorischer Eingriffe in den Finanz- und Paymentmarkt nimmt immer st\u00e4rker zu. Deshalb ist es f\u00fcr die Marktteilnehmer ein Kraftakt, die erforderliche Regelkonformit\u00e4t im Einklang mit den unternehmerischen Zielen permanent sicherzustellen. Die Beherrschung dieser regulatorischen, bzw. aufsichtsrechtlichen Anforderungen, sowie ihre angemessene und &#8230; <\/p>\n<div><a href=\"https:\/\/scheitza-kunden.de\/efp-dev\/expertisen\/compliance\/\" class=\"more-link\">Read More<\/a><\/div>\n","protected":false},"author":16,"featured_media":0,"parent":129,"menu_order":6,"comment_status":"closed","ping_status":"closed","template":"","meta":{"footnotes":""},"_links":{"self":[{"href":"https:\/\/scheitza-kunden.de\/efp-dev\/wp-json\/wp\/v2\/pages\/3006"}],"collection":[{"href":"https:\/\/scheitza-kunden.de\/efp-dev\/wp-json\/wp\/v2\/pages"}],"about":[{"href":"https:\/\/scheitza-kunden.de\/efp-dev\/wp-json\/wp\/v2\/types\/page"}],"author":[{"embeddable":true,"href":"https:\/\/scheitza-kunden.de\/efp-dev\/wp-json\/wp\/v2\/users\/16"}],"replies":[{"embeddable":true,"href":"https:\/\/scheitza-kunden.de\/efp-dev\/wp-json\/wp\/v2\/comments?post=3006"}],"version-history":[{"count":29,"href":"https:\/\/scheitza-kunden.de\/efp-dev\/wp-json\/wp\/v2\/pages\/3006\/revisions"}],"predecessor-version":[{"id":3752,"href":"https:\/\/scheitza-kunden.de\/efp-dev\/wp-json\/wp\/v2\/pages\/3006\/revisions\/3752"}],"up":[{"embeddable":true,"href":"https:\/\/scheitza-kunden.de\/efp-dev\/wp-json\/wp\/v2\/pages\/129"}],"wp:attachment":[{"href":"https:\/\/scheitza-kunden.de\/efp-dev\/wp-json\/wp\/v2\/media?parent=3006"}],"curies":[{"name":"wp","href":"https:\/\/api.w.org\/{rel}","templated":true}]}}