{"id":3008,"date":"2022-05-30T12:03:59","date_gmt":"2022-05-30T10:03:59","guid":{"rendered":"https:\/\/scheitza-kunden.de\/efp-dev\/?page_id=3008"},"modified":"2024-02-19T18:50:35","modified_gmt":"2024-02-19T17:50:35","slug":"was-uns-auszeichnet","status":"publish","type":"page","link":"https:\/\/scheitza-kunden.de\/efp-dev\/expertisen\/compliance\/was-uns-auszeichnet\/","title":{"rendered":"Compliance Management &#8211; Was uns auszeichnet"},"content":{"rendered":"<div class=\"wpb-content-wrapper\">[vc_row padding_top=&#8221;0px&#8221; padding_bottom=&#8221;0px&#8221;][vc_column][vc_custom_heading text=&#8221;Compliance Management&#8221; font_container=&#8221;tag:h2|font_size:24|text_align:left|color:%23ff8a00&#8243; google_fonts=&#8221;font_family:Open%20Sans%3A300%2C300italic%2Cregular%2Citalic%2C600%2C600italic%2C700%2C700italic%2C800%2C800italic|font_style:400%20regular%3A400%3Anormal&#8221;][vc_custom_heading text=&#8221;Was uns auszeichnet&#8221; font_container=&#8221;tag:h1|font_size:32|text_align:left|color:%23195d7d&#8221; google_fonts=&#8221;font_family:Open%20Sans%3A300%2C300italic%2Cregular%2Citalic%2C600%2C600italic%2C700%2C700italic%2C800%2C800italic|font_style:400%20regular%3A400%3Anormal&#8221;][vc_empty_space][vc_column_text]Unser Beratungsteam verf\u00fcgt \u00fcber eine langj\u00e4hrige Expertise in der Paymentbranche, sowie fundierte Erfahrung bei der Analyse, Konzeption der Umsetzung aufsichtsrechtlicher, regulatorischer und von Scheme Anforderungen, sowie der Begleitung der Implementierung. Hierbei ber\u00fccksichtigt unser Ansatz stets die kundenspezifische Marktausrichtung und Gesch\u00e4ftsaktivit\u00e4t, sowie die ma\u00dfgebenden unternehmerischen, betriebswirtschaftlichen und organisatorischen Herausforderungen und Aspekte.<\/p>\n<p>Die Einordnung von neuen Anforderungen, Versch\u00e4rfungen und \u00c4nderungen der Regularien, in Relation zum jeweiligen Gesch\u00e4ftsmodell und dem Markt- und Wettbewerbsumfeld, ist dabei ein wesentlicher Bestandteil unserer Beratungsleistung. Dabei ber\u00fccksichtigen wir auch die Implikationen auf die relevanten Unternehmensdimensionen (u.a. Strategie, Methodik, IT, Kultur, etc.).[\/vc_column_text][vc_single_image image=&#8221;3673&#8243; img_size=&#8221;full&#8221;][vc_row_inner][vc_column_inner][vc_btn title=&#8221;zur\u00fcck&#8221; align=&#8221;center&#8221; link=&#8221;url:https%3A%2F%2Fscheitza-kunden.de%2Fefp-dev%2Fexpertisen%2Fcompliance%2F|title:Compliance%20Management&#8221;][\/vc_column_inner][\/vc_row_inner][vc_empty_space height=&#8221;16px&#8221;][\/vc_column][\/vc_row]\n<\/div>","protected":false},"excerpt":{"rendered":"<p>[vc_row padding_top=&#8221;0px&#8221; padding_bottom=&#8221;0px&#8221;][vc_column][vc_custom_heading text=&#8221;Compliance Management&#8221; font_container=&#8221;tag:h2|font_size:24|text_align:left|color:%23ff8a00&#8243; google_fonts=&#8221;font_family:Open%20Sans%3A300%2C300italic%2Cregular%2Citalic%2C600%2C600italic%2C700%2C700italic%2C800%2C800italic|font_style:400%20regular%3A400%3Anormal&#8221;][vc_custom_heading text=&#8221;Was uns auszeichnet&#8221; font_container=&#8221;tag:h1|font_size:32|text_align:left|color:%23195d7d&#8221; google_fonts=&#8221;font_family:Open%20Sans%3A300%2C300italic%2Cregular%2Citalic%2C600%2C600italic%2C700%2C700italic%2C800%2C800italic|font_style:400%20regular%3A400%3Anormal&#8221;][vc_empty_space][vc_column_text]Unser Beratungsteam verf\u00fcgt \u00fcber eine langj\u00e4hrige Expertise in der Paymentbranche, sowie fundierte Erfahrung bei der Analyse, Konzeption der Umsetzung aufsichtsrechtlicher, regulatorischer und von Scheme Anforderungen, sowie der Begleitung der Implementierung. Hierbei ber\u00fccksichtigt unser Ansatz stets die kundenspezifische Marktausrichtung und Gesch\u00e4ftsaktivit\u00e4t, sowie die ma\u00dfgebenden unternehmerischen, betriebswirtschaftlichen und organisatorischen Herausforderungen und &#8230; <\/p>\n<div><a href=\"https:\/\/scheitza-kunden.de\/efp-dev\/expertisen\/compliance\/was-uns-auszeichnet\/\" class=\"more-link\">Read More<\/a><\/div>\n","protected":false},"author":16,"featured_media":0,"parent":3006,"menu_order":0,"comment_status":"closed","ping_status":"closed","template":"","meta":{"footnotes":""},"_links":{"self":[{"href":"https:\/\/scheitza-kunden.de\/efp-dev\/wp-json\/wp\/v2\/pages\/3008"}],"collection":[{"href":"https:\/\/scheitza-kunden.de\/efp-dev\/wp-json\/wp\/v2\/pages"}],"about":[{"href":"https:\/\/scheitza-kunden.de\/efp-dev\/wp-json\/wp\/v2\/types\/page"}],"author":[{"embeddable":true,"href":"https:\/\/scheitza-kunden.de\/efp-dev\/wp-json\/wp\/v2\/users\/16"}],"replies":[{"embeddable":true,"href":"https:\/\/scheitza-kunden.de\/efp-dev\/wp-json\/wp\/v2\/comments?post=3008"}],"version-history":[{"count":18,"href":"https:\/\/scheitza-kunden.de\/efp-dev\/wp-json\/wp\/v2\/pages\/3008\/revisions"}],"predecessor-version":[{"id":3674,"href":"https:\/\/scheitza-kunden.de\/efp-dev\/wp-json\/wp\/v2\/pages\/3008\/revisions\/3674"}],"up":[{"embeddable":true,"href":"https:\/\/scheitza-kunden.de\/efp-dev\/wp-json\/wp\/v2\/pages\/3006"}],"wp:attachment":[{"href":"https:\/\/scheitza-kunden.de\/efp-dev\/wp-json\/wp\/v2\/media?parent=3008"}],"curies":[{"name":"wp","href":"https:\/\/api.w.org\/{rel}","templated":true}]}}