{"id":3019,"date":"2022-05-30T12:16:33","date_gmt":"2022-05-30T10:16:33","guid":{"rendered":"https:\/\/scheitza-kunden.de\/efp-dev\/?page_id=3019"},"modified":"2024-02-19T16:43:45","modified_gmt":"2024-02-19T15:43:45","slug":"ansprechpartner","status":"publish","type":"page","link":"https:\/\/scheitza-kunden.de\/efp-dev\/expertisen\/compliance\/ansprechpartner\/","title":{"rendered":"Compliance Management &#8211; Unser Ansprechpartner f\u00fcr Sie"},"content":{"rendered":"<div class=\"wpb-content-wrapper\">[vc_row padding_top=&#8221;0px&#8221; padding_bottom=&#8221;0px&#8221;][vc_column][vc_custom_heading text=&#8221;Compliance Management&#8221; font_container=&#8221;tag:h2|font_size:24|text_align:left|color:%23ff8a00&#8243;][vc_custom_heading text=&#8221;Unser Ansprechpartner f\u00fcr Sie&#8221; font_container=&#8221;tag:h1|font_size:32|text_align:left|color:%23195d7d&#8221; google_fonts=&#8221;font_family:Open%20Sans%3A300%2C300italic%2Cregular%2Citalic%2C600%2C600italic%2C700%2C700italic%2C800%2C800italic|font_style:400%20regular%3A400%3Anormal&#8221;][vc_empty_space][vc_column_text]Unser Beratungsteam besteht aus erfahrenen Experten, die ihre Kompetenz, sowie ihr l\u00f6sungsorientiertes Denken und Handeln, in diversen verantwortlichen Positionen in Unternehmen der Paymentbranche erworben haben.<\/p>\n<p><strong>Einen wesentlichen Schwerpunkt unseres Teams stellt das Thema Card Scheme Compliance dar.<\/strong>[\/vc_column_text][vc_empty_space height=&#8221;16px&#8221;][\/vc_column][\/vc_row][vc_row padding_top=&#8221;0px&#8221; padding_bottom=&#8221;0px&#8221;][vc_column offset=&#8221;vc_hidden-lg vc_hidden-md&#8221;][vc_row_inner css=&#8221;.vc_custom_1619539432320{border-radius: 1px !important;}&#8221;][vc_column_inner width=&#8221;1\/4&#8243;][vc_single_image image=&#8221;3040&#8243; img_size=&#8221;full&#8221;][\/vc_column_inner][vc_column_inner width=&#8221;1\/4&#8243;][vc_column_text]<strong>Tobias Jung<\/strong><br \/>\nSenior Consultant[\/vc_column_text][vc_btn title=&#8221;vCard&#8221; size=&#8221;sm&#8221; i_icon_fontawesome=&#8221;fas fa-download&#8221; add_icon=&#8221;true&#8221; link=&#8221;url:https%3A%2F%2Fapp.clickand.de%2Fbusiness%2Fpublic%2F37834F2F25762F23E1F74A531CBE445DB73D6765EBE60878A7DFBECD7D4AF6E1|title:vCard|target:_blank&#8221; css=&#8221;.vc_custom_1653905594018{margin-right: 15px !important;}&#8221;][vc_btn title=&#8221;&#8221; size=&#8221;sm&#8221; i_icon_fontawesome=&#8221;fab fa-linkedin-in&#8221; add_icon=&#8221;true&#8221; link=&#8221;url:https%3A%2F%2Fwww.linkedin.com%2Fin%2Ftobias-jung-802441117%2F|title:vCard|target:_blank&#8221; css=&#8221;.vc_custom_1655467212738{margin-right: 15px !important;}&#8221;][vc_btn title=&#8221;&#8221; size=&#8221;sm&#8221; i_icon_fontawesome=&#8221;fab fa-xing&#8221; add_icon=&#8221;true&#8221; link=&#8221;url:https%3A%2F%2Fwww.xing.com%2Fprofile%2FTobias_Jung16%2Fcv|title:vCard|target:_blank&#8221;][\/vc_column_inner][vc_column_inner width=&#8221;1\/2&#8243;][vc_column_text]Tobias Jung hat \u00fcber 15 Jahre Berufserfahrung im Payment Gesch\u00e4ft. Sein Fokus liegt in der Business Analyse, der Scheme Compliance, sowie der Regulierung der Payment Branche als auch im Projektmanagement mit dem Schwerpunkt Back- und Front-Office-Migrationen. Er ist seit 2021 als Senior Consultant f\u00fcr die EFP Unternehmensberatung t\u00e4tig. Zuvor war er in verschiedenen Firmen und Funktionen t\u00e4tig, zuletzt als Senior Specialist f\u00fcr Scheme Compliance bei einem f\u00fchrenden deutschen Issuer.[\/vc_column_text][\/vc_column_inner][\/vc_row_inner][\/vc_column][\/vc_row][vc_row padding_top=&#8221;0px&#8221; padding_bottom=&#8221;0px&#8221;][vc_column offset=&#8221;vc_hidden-sm vc_hidden-xs&#8221;][vc_row_inner css=&#8221;.vc_custom_1619539432320{border-radius: 1px !important;}&#8221;][vc_column_inner width=&#8221;1\/4&#8243;][vc_single_image image=&#8221;3040&#8243; img_size=&#8221;full&#8221;][\/vc_column_inner][vc_column_inner width=&#8221;1\/4&#8243;][vc_column_text]<strong>Tobias Jung<\/strong><br \/>\nSenior Consultant[\/vc_column_text][vc_btn title=&#8221;vCard&#8221; size=&#8221;sm&#8221; i_icon_fontawesome=&#8221;fas fa-download&#8221; add_icon=&#8221;true&#8221; link=&#8221;url:https%3A%2F%2Fapp.clickand.de%2Fbusiness%2Fpublic%2F37834F2F25762F23E1F74A531CBE445DB73D6765EBE60878A7DFBECD7D4AF6E1|title:vCard|target:_blank&#8221; css=&#8221;.vc_custom_1653905611558{margin-right: 100px !important;}&#8221;][vc_btn title=&#8221;&#8221; size=&#8221;sm&#8221; i_icon_fontawesome=&#8221;fab fa-linkedin-in&#8221; add_icon=&#8221;true&#8221; link=&#8221;url:https%3A%2F%2Fwww.linkedin.com%2Fin%2Ftobias-jung-802441117%2F|title:vCard|target:_blank&#8221; css=&#8221;.vc_custom_1655467302026{margin-right: 15px !important;}&#8221;][vc_btn title=&#8221;&#8221; size=&#8221;sm&#8221; i_icon_fontawesome=&#8221;fab fa-xing&#8221; add_icon=&#8221;true&#8221; link=&#8221;url:https%3A%2F%2Fwww.xing.com%2Fprofile%2FTobias_Jung16%2Fcv|title:vCard|target:_blank&#8221;][\/vc_column_inner][vc_column_inner width=&#8221;1\/2&#8243;][vc_column_text]Tobias Jung hat \u00fcber 15 Jahre Berufserfahrung im Payment Gesch\u00e4ft. Sein Fokus liegt in der Business Analyse, der Scheme Compliance, sowie der Regulierung der Payment Branche als auch im Projektmanagement mit dem Schwerpunkt Back- und Front-Office-Migrationen. Er ist seit 2021 als Senior Consultant f\u00fcr die EFP Unternehmensberatung t\u00e4tig. Zuvor war er in verschiedenen Firmen und Funktionen t\u00e4tig, zuletzt als Senior Specialist f\u00fcr Scheme Compliance bei einem f\u00fchrenden deutschen Issuer.[\/vc_column_text][\/vc_column_inner][\/vc_row_inner][\/vc_column][\/vc_row][vc_row padding_top=&#8221;0px&#8221; padding_bottom=&#8221;0px&#8221;][vc_column][vc_empty_space height=&#8221;25&#8243;][vc_btn title=&#8221;zur\u00fcck&#8221; align=&#8221;center&#8221; link=&#8221;url:https%3A%2F%2Fscheitza-kunden.de%2Fefp-dev%2Fexpertisen%2Fcompliance%2F&#8221;][\/vc_column][\/vc_row]\n<\/div>","protected":false},"excerpt":{"rendered":"<p>[vc_row padding_top=&#8221;0px&#8221; padding_bottom=&#8221;0px&#8221;][vc_column][vc_custom_heading text=&#8221;Compliance Management&#8221; font_container=&#8221;tag:h2|font_size:24|text_align:left|color:%23ff8a00&#8243;][vc_custom_heading text=&#8221;Unser Ansprechpartner f\u00fcr Sie&#8221; font_container=&#8221;tag:h1|font_size:32|text_align:left|color:%23195d7d&#8221; google_fonts=&#8221;font_family:Open%20Sans%3A300%2C300italic%2Cregular%2Citalic%2C600%2C600italic%2C700%2C700italic%2C800%2C800italic|font_style:400%20regular%3A400%3Anormal&#8221;][vc_empty_space][vc_column_text]Unser Beratungsteam besteht aus erfahrenen Experten, die ihre Kompetenz, sowie ihr l\u00f6sungsorientiertes Denken und Handeln, in diversen verantwortlichen Positionen in Unternehmen der Paymentbranche erworben haben. Einen wesentlichen Schwerpunkt unseres Teams stellt das Thema Card Scheme Compliance dar.[\/vc_column_text][vc_empty_space height=&#8221;16px&#8221;][\/vc_column][\/vc_row][vc_row padding_top=&#8221;0px&#8221; padding_bottom=&#8221;0px&#8221;][vc_column offset=&#8221;vc_hidden-lg vc_hidden-md&#8221;][vc_row_inner css=&#8221;.vc_custom_1619539432320{border-radius: 1px !important;}&#8221;][vc_column_inner width=&#8221;1\/4&#8243;][vc_single_image image=&#8221;3040&#8243; img_size=&#8221;full&#8221;][\/vc_column_inner][vc_column_inner width=&#8221;1\/4&#8243;][vc_column_text]Tobias &#8230; <\/p>\n<div><a href=\"https:\/\/scheitza-kunden.de\/efp-dev\/expertisen\/compliance\/ansprechpartner\/\" class=\"more-link\">Read More<\/a><\/div>\n","protected":false},"author":16,"featured_media":0,"parent":3006,"menu_order":3,"comment_status":"closed","ping_status":"closed","template":"","meta":{"footnotes":""},"_links":{"self":[{"href":"https:\/\/scheitza-kunden.de\/efp-dev\/wp-json\/wp\/v2\/pages\/3019"}],"collection":[{"href":"https:\/\/scheitza-kunden.de\/efp-dev\/wp-json\/wp\/v2\/pages"}],"about":[{"href":"https:\/\/scheitza-kunden.de\/efp-dev\/wp-json\/wp\/v2\/types\/page"}],"author":[{"embeddable":true,"href":"https:\/\/scheitza-kunden.de\/efp-dev\/wp-json\/wp\/v2\/users\/16"}],"replies":[{"embeddable":true,"href":"https:\/\/scheitza-kunden.de\/efp-dev\/wp-json\/wp\/v2\/comments?post=3019"}],"version-history":[{"count":13,"href":"https:\/\/scheitza-kunden.de\/efp-dev\/wp-json\/wp\/v2\/pages\/3019\/revisions"}],"predecessor-version":[{"id":3650,"href":"https:\/\/scheitza-kunden.de\/efp-dev\/wp-json\/wp\/v2\/pages\/3019\/revisions\/3650"}],"up":[{"embeddable":true,"href":"https:\/\/scheitza-kunden.de\/efp-dev\/wp-json\/wp\/v2\/pages\/3006"}],"wp:attachment":[{"href":"https:\/\/scheitza-kunden.de\/efp-dev\/wp-json\/wp\/v2\/media?parent=3019"}],"curies":[{"name":"wp","href":"https:\/\/api.w.org\/{rel}","templated":true}]}}