{"id":3453,"date":"2023-10-19T13:49:31","date_gmt":"2023-10-19T11:49:31","guid":{"rendered":"https:\/\/scheitza-kunden.de\/efp-dev\/?page_id=3453"},"modified":"2024-03-06T14:17:24","modified_gmt":"2024-03-06T13:17:24","slug":"business-it-transformation","status":"publish","type":"page","link":"https:\/\/scheitza-kunden.de\/efp-dev\/geschaeftsfelder\/business-it-transformation\/","title":{"rendered":"Business &#038; IT-Transformation"},"content":{"rendered":"<div class=\"wpb-content-wrapper\">[vc_row padding_top=&#8221;0px&#8221; padding_bottom=&#8221;0px&#8221;][vc_column][vc_custom_heading text=&#8221;Business &amp; IT-Transformation&#8221; font_container=&#8221;tag:h2|font_size:24|text_align:left|color:%23ff8a00&#8243; google_fonts=&#8221;font_family:Open%20Sans%3A300%2C300italic%2Cregular%2Citalic%2C600%2C600italic%2C700%2C700italic%2C800%2C800italic|font_style:400%20regular%3A400%3Anormal&#8221;][vc_custom_heading text=&#8221;Erfolgreiche Transformationen sind kein Kinderspiel&#8221; font_container=&#8221;tag:h1|font_size:32|text_align:left|color:%23195d7d|line_height:40px&#8221; google_fonts=&#8221;font_family:Open%20Sans%3A300%2C300italic%2Cregular%2Citalic%2C600%2C600italic%2C700%2C700italic%2C800%2C800italic|font_style:400%20regular%3A400%3Anormal&#8221;][vc_empty_space][vc_column_text]Die Herausforderungen im Rahmen von Business- und IT-Transformationen sind vielf\u00e4ltig und erfordern eine sorgf\u00e4ltige Planung, um <a href=\"https:\/\/scheitza-kunden.de\/efp-dev\/kompetenzen\/projects-initiatives-methods\/\">Projekte<\/a> erfolgreich umsetzen zu k\u00f6nnen. Interne Faktoren wie Unternehmenskultur, Mitarbeiterbeteiligung und vorhandene Prozesse spielen eine entscheidende Rolle.<\/p>\n<p>Eine erfolgreiche <a href=\"https:\/\/scheitza-kunden.de\/efp-dev\/kompetenzen\/transformation\/\">Transformation<\/a> erfordert oft nicht nur technologische Ver\u00e4nderungen, sondern auch eine Anpassung der Arbeitsweisen und einhergehend damit sowohl eine sorgf\u00e4ltige Kommunikationsstrategie als auch umfassende Schulungen der Mitarbeiter.<\/p>\n<p>Externe Faktoren wie sich wandelnde Marktbedingungen \u2013 und damit das Erfordernis einer Anpassung der Gesch\u00e4ftsstrategie &#8211; regulatorische Anforderungen und sich \u00e4ndernde Technologietrends m\u00fcssen ebenfalls ber\u00fccksichtigt werden. Eine kluge Planung sollte diese internen und externen Faktoren ganzheitlich betrachten und flexibel genug sein, um sich an ver\u00e4nderte Umst\u00e4nde anzupassen. Die Definition klarer Ziele, die Einbindung aller relevanten Stakeholder, eine sorgf\u00e4ltige und transparente Kommunikation sowie die Entscheidung f\u00fcr geeignete Technologien sind wegweisend f\u00fcr den Erfolg.<br \/>\nDurch eine umfassende Analyse, die Identifikation von Risiken und einer Durchf\u00fchrung im Einklang mit der strategischen Ausrichtung kann eine gut geplante Business- und IT-Transformation die Herausforderungen erfolgreich bew\u00e4ltigen und zu nachhaltigem Erfolg f\u00fchren.<\/p>\n<p>Gemeinsam mit Ihnen analysieren wir mit Ihnen alle Rahmenbedingungen und unterst\u00fctzen Sie bei der Umsetzung Ihrer Vorhaben. Dabei kombinieren wir Best Practises mit unserem partnerschaftlichen Ansatz, mit Augenma\u00df zugeschnitten auf Ihre Anforderungen.<\/p>\n<p>Kommen Sie gern auf uns zu![\/vc_column_text][vc_empty_space height=&#8221;16px&#8221;][\/vc_column][\/vc_row]\n<\/div>","protected":false},"excerpt":{"rendered":"<p>[vc_row padding_top=&#8221;0px&#8221; padding_bottom=&#8221;0px&#8221;][vc_column][vc_custom_heading text=&#8221;Business &amp; IT-Transformation&#8221; font_container=&#8221;tag:h2|font_size:24|text_align:left|color:%23ff8a00&#8243; google_fonts=&#8221;font_family:Open%20Sans%3A300%2C300italic%2Cregular%2Citalic%2C600%2C600italic%2C700%2C700italic%2C800%2C800italic|font_style:400%20regular%3A400%3Anormal&#8221;][vc_custom_heading text=&#8221;Erfolgreiche Transformationen sind kein Kinderspiel&#8221; font_container=&#8221;tag:h1|font_size:32|text_align:left|color:%23195d7d|line_height:40px&#8221; google_fonts=&#8221;font_family:Open%20Sans%3A300%2C300italic%2Cregular%2Citalic%2C600%2C600italic%2C700%2C700italic%2C800%2C800italic|font_style:400%20regular%3A400%3Anormal&#8221;][vc_empty_space][vc_column_text]Die Herausforderungen im Rahmen von Business- und IT-Transformationen sind vielf\u00e4ltig und erfordern eine sorgf\u00e4ltige Planung, um Projekte erfolgreich umsetzen zu k\u00f6nnen. Interne Faktoren wie Unternehmenskultur, Mitarbeiterbeteiligung und vorhandene Prozesse spielen eine entscheidende Rolle. Eine erfolgreiche Transformation erfordert oft nicht nur technologische Ver\u00e4nderungen, sondern auch eine Anpassung &#8230; <\/p>\n<div><a href=\"https:\/\/scheitza-kunden.de\/efp-dev\/geschaeftsfelder\/business-it-transformation\/\" class=\"more-link\">Read More<\/a><\/div>\n","protected":false},"author":20,"featured_media":0,"parent":127,"menu_order":0,"comment_status":"closed","ping_status":"closed","template":"","meta":{"footnotes":""},"_links":{"self":[{"href":"https:\/\/scheitza-kunden.de\/efp-dev\/wp-json\/wp\/v2\/pages\/3453"}],"collection":[{"href":"https:\/\/scheitza-kunden.de\/efp-dev\/wp-json\/wp\/v2\/pages"}],"about":[{"href":"https:\/\/scheitza-kunden.de\/efp-dev\/wp-json\/wp\/v2\/types\/page"}],"author":[{"embeddable":true,"href":"https:\/\/scheitza-kunden.de\/efp-dev\/wp-json\/wp\/v2\/users\/20"}],"replies":[{"embeddable":true,"href":"https:\/\/scheitza-kunden.de\/efp-dev\/wp-json\/wp\/v2\/comments?post=3453"}],"version-history":[{"count":15,"href":"https:\/\/scheitza-kunden.de\/efp-dev\/wp-json\/wp\/v2\/pages\/3453\/revisions"}],"predecessor-version":[{"id":3745,"href":"https:\/\/scheitza-kunden.de\/efp-dev\/wp-json\/wp\/v2\/pages\/3453\/revisions\/3745"}],"up":[{"embeddable":true,"href":"https:\/\/scheitza-kunden.de\/efp-dev\/wp-json\/wp\/v2\/pages\/127"}],"wp:attachment":[{"href":"https:\/\/scheitza-kunden.de\/efp-dev\/wp-json\/wp\/v2\/media?parent=3453"}],"curies":[{"name":"wp","href":"https:\/\/api.w.org\/{rel}","templated":true}]}}