{"id":3468,"date":"2023-10-19T13:59:02","date_gmt":"2023-10-19T11:59:02","guid":{"rendered":"https:\/\/scheitza-kunden.de\/efp-dev\/?page_id=3468"},"modified":"2024-02-21T10:11:17","modified_gmt":"2024-02-21T09:11:17","slug":"change-management","status":"publish","type":"page","link":"https:\/\/scheitza-kunden.de\/efp-dev\/kompetenzen\/change-management\/","title":{"rendered":"Change Management"},"content":{"rendered":"<div class=\"wpb-content-wrapper\">[vc_row][vc_column][vc_custom_heading text=&#8221;Change Management&#8221; font_container=&#8221;tag:h2|font_size:24|text_align:left|color:%23ff8a00&#8243; google_fonts=&#8221;font_family:Open%20Sans%3A300%2C300italic%2Cregular%2Citalic%2C600%2C600italic%2C700%2C700italic%2C800%2C800italic|font_style:400%20regular%3A400%3Anormal&#8221;][vc_custom_heading text=&#8221;Ver\u00e4nderungen erfordern Erfahrung und Fingerspitzengef\u00fchl&#8221; font_container=&#8221;tag:h1|font_size:32|text_align:left|color:%23195d7d|line_height:40px&#8221; google_fonts=&#8221;font_family:Open%20Sans%3A300%2C300italic%2Cregular%2Citalic%2C600%2C600italic%2C700%2C700italic%2C800%2C800italic|font_style:400%20regular%3A400%3Anormal&#8221;][vc_empty_space][vc_column_text]Wir verstehen Change Management als integralen Bestandteil und als Querschnittsfunktion agiler Ver\u00e4nderungsprozesse und kennen aus langj\u00e4hriger Praxis die Themen und Herausforderungen, die dabei auftreten &#8211; ob bei <a href=\"https:\/\/scheitza-kunden.de\/efp-dev\/kompetenzen\/transformation\/\">Transformationsvorhaben<\/a> im Zuge strategischer Neuausrichtungen, bei Zusammenschl\u00fcssen oder \u00dcbernahmen, oder bei grundlegenden Reorganisationen.<\/p>\n<p>Wir haben bereits verschiedene Unternehmen in diesem Kontext unterst\u00fctzt &#8211; sei es bei Ver\u00e4nderungsprozessen im Unternehmen, den damit einhergehenden Kulturver\u00e4nderungen oder der Begleitung von F\u00fchrungskr\u00e4ften auf dem Weg zu einer ver\u00e4nderten F\u00fchrungskultur, dem Etablieren neuer Rollen im Rahmen organisatorischer \u00c4nderungen, und so weiter.<\/p>\n<p>In jedem Fall hat sich gezeigt, dass ein ganzheitlicher Change Management-Ansatz wesentlich f\u00fcr den Erfolg des Unterfangens war. Gern helfen wir auch Ihnen dabei \u2013 mit dem erforderlichen Fingerspitzengef\u00fchl und einer Menge Erfahrung.[\/vc_column_text][\/vc_column][\/vc_row]\n<\/div>","protected":false},"excerpt":{"rendered":"<p>[vc_row][vc_column][vc_custom_heading text=&#8221;Change Management&#8221; font_container=&#8221;tag:h2|font_size:24|text_align:left|color:%23ff8a00&#8243; google_fonts=&#8221;font_family:Open%20Sans%3A300%2C300italic%2Cregular%2Citalic%2C600%2C600italic%2C700%2C700italic%2C800%2C800italic|font_style:400%20regular%3A400%3Anormal&#8221;][vc_custom_heading text=&#8221;Ver\u00e4nderungen erfordern Erfahrung und Fingerspitzengef\u00fchl&#8221; font_container=&#8221;tag:h1|font_size:32|text_align:left|color:%23195d7d|line_height:40px&#8221; google_fonts=&#8221;font_family:Open%20Sans%3A300%2C300italic%2Cregular%2Citalic%2C600%2C600italic%2C700%2C700italic%2C800%2C800italic|font_style:400%20regular%3A400%3Anormal&#8221;][vc_empty_space][vc_column_text]Wir verstehen Change Management als integralen Bestandteil und als Querschnittsfunktion agiler Ver\u00e4nderungsprozesse und kennen aus langj\u00e4hriger Praxis die Themen und Herausforderungen, die dabei auftreten &#8211; ob bei Transformationsvorhaben im Zuge strategischer Neuausrichtungen, bei Zusammenschl\u00fcssen oder \u00dcbernahmen, oder bei grundlegenden Reorganisationen. Wir haben bereits verschiedene Unternehmen in diesem Kontext unterst\u00fctzt &#8230; <\/p>\n<div><a href=\"https:\/\/scheitza-kunden.de\/efp-dev\/kompetenzen\/change-management\/\" class=\"more-link\">Read More<\/a><\/div>\n","protected":false},"author":20,"featured_media":0,"parent":3460,"menu_order":0,"comment_status":"closed","ping_status":"closed","template":"","meta":{"footnotes":""},"_links":{"self":[{"href":"https:\/\/scheitza-kunden.de\/efp-dev\/wp-json\/wp\/v2\/pages\/3468"}],"collection":[{"href":"https:\/\/scheitza-kunden.de\/efp-dev\/wp-json\/wp\/v2\/pages"}],"about":[{"href":"https:\/\/scheitza-kunden.de\/efp-dev\/wp-json\/wp\/v2\/types\/page"}],"author":[{"embeddable":true,"href":"https:\/\/scheitza-kunden.de\/efp-dev\/wp-json\/wp\/v2\/users\/20"}],"replies":[{"embeddable":true,"href":"https:\/\/scheitza-kunden.de\/efp-dev\/wp-json\/wp\/v2\/comments?post=3468"}],"version-history":[{"count":8,"href":"https:\/\/scheitza-kunden.de\/efp-dev\/wp-json\/wp\/v2\/pages\/3468\/revisions"}],"predecessor-version":[{"id":3682,"href":"https:\/\/scheitza-kunden.de\/efp-dev\/wp-json\/wp\/v2\/pages\/3468\/revisions\/3682"}],"up":[{"embeddable":true,"href":"https:\/\/scheitza-kunden.de\/efp-dev\/wp-json\/wp\/v2\/pages\/3460"}],"wp:attachment":[{"href":"https:\/\/scheitza-kunden.de\/efp-dev\/wp-json\/wp\/v2\/media?parent=3468"}],"curies":[{"name":"wp","href":"https:\/\/api.w.org\/{rel}","templated":true}]}}