{"id":20,"date":"2014-02-19T14:04:14","date_gmt":"2014-02-19T13:04:14","guid":{"rendered":"https:\/\/scheitza-kunden.de\/seitz\/?page_id=20"},"modified":"2017-09-01T15:58:48","modified_gmt":"2017-09-01T13:58:48","slug":"geschichte","status":"publish","type":"page","link":"https:\/\/scheitza-kunden.de\/seitz\/geschichte\/","title":{"rendered":"Geschichte"},"content":{"rendered":"<p><b>Metzgermeister Fritz Kohler<\/b> aus Brackenheim (Baden-W\u00fcrttemberg) \u00fcbernahm 1923 die Metzgerei Buschmann.<br \/>\n1924 wurde Sohn <b>Erich<\/b> geboren der 1962 nach dem Tode seines Vaters die Metzgerei Kohler mit seiner Frau <b>Margot<\/b> weiterf\u00fchrte.<\/p>\n<p>1977 \u00fcbernahm <b>Tochter Petra<\/b> und deren <b>Ehemann Metzgermeister Friedrich Seitz<\/b> die F\u00fchrung der Metzgerei.<\/p>\n<p>Im Jahre 1979 wurde neben dem Stammhaus Hugenottenstrasse 70 das neue Gesch\u00e4ftshaus der Metzgerei Seitz Hugenottenstrasse 68 gebaut, und am <b>12. Juni 1980<\/b> war die <b>Er\u00f6ffnung des neuen Ladens<\/b> und der neuen Produktionsr\u00e4ume.<\/p>\n<h4>Nun zur vierten Generation<\/h4>\n<p>Seit 2003 arbeitet Sohn Thomas im elterlichen Betrieb. Er bestand am 10. M\u00e4rz 07 seine Meisterpr\u00fcfung mit Bravour in der 1. Bayrischen Meisterschule Landshut.<br \/>\nMit dem Umbau des Ladens 2006 ganz nach dem Geschmack des Juniors ist es uns gelungen, ein <b>modernes Ambiente mit Qualit\u00e4t und Tradition<\/b> zu verbinden. Das Bestreben von Thomas Seitz ist es bei \u00dcbernahme der Metzgerei, sie so <b>traditionell weiterzuf\u00fchren<\/b> wie er es von seinem Vater gelernt hat.<\/p>\n","protected":false},"excerpt":{"rendered":"<p>Metzgermeister Fritz Kohler aus Brackenheim (Baden-W\u00fcrttemberg) \u00fcbernahm 1923 die Metzgerei Buschmann. 1924 wurde Sohn Erich geboren der 1962 nach dem Tode seines Vaters die Metzgerei Kohler mit seiner Frau Margot weiterf\u00fchrte. 1977 \u00fcbernahm Tochter Petra und deren Ehemann Metzgermeister Friedrich Seitz die F\u00fchrung der Metzgerei. Im Jahre 1979 wurde neben dem Stammhaus Hugenottenstrasse 70 das neue Gesch\u00e4ftshaus der Metzgerei Seitz &#8230; <\/p>\n<div><a href=\"https:\/\/scheitza-kunden.de\/seitz\/geschichte\/\" class=\"more-link\">Read More<\/a><\/div>\n","protected":false},"author":3,"featured_media":387,"parent":0,"menu_order":0,"comment_status":"closed","ping_status":"closed","template":"template-layout-full-width.php","meta":[],"yoast_head":"<!-- This site is optimized with the Yoast SEO plugin v20.11 - https:\/\/yoast.com\/wordpress\/plugins\/seo\/ -->\n<title>Geschichte - Metzgerei Seitz<\/title>\n<meta name=\"robots\" content=\"index, follow, max-snippet:-1, max-image-preview:large, max-video-preview:-1\" \/>\n<link rel=\"canonical\" href=\"https:\/\/scheitza-kunden.de\/seitz\/geschichte\/\" \/>\n<meta property=\"og:locale\" content=\"de_DE\" \/>\n<meta property=\"og:type\" content=\"article\" \/>\n<meta property=\"og:title\" content=\"Geschichte - Metzgerei Seitz\" \/>\n<meta property=\"og:description\" content=\"Metzgermeister Fritz Kohler aus Brackenheim (Baden-W\u00fcrttemberg) \u00fcbernahm 1923 die Metzgerei Buschmann. 1924 wurde Sohn Erich geboren der 1962 nach dem Tode seines Vaters die Metzgerei Kohler mit seiner Frau Margot weiterf\u00fchrte. 1977 \u00fcbernahm Tochter Petra und deren Ehemann Metzgermeister Friedrich Seitz die F\u00fchrung der Metzgerei. Im Jahre 1979 wurde neben dem Stammhaus Hugenottenstrasse 70 das neue Gesch\u00e4ftshaus der Metzgerei Seitz ... Read More\" \/>\n<meta property=\"og:url\" content=\"https:\/\/scheitza-kunden.de\/seitz\/geschichte\/\" \/>\n<meta property=\"og:site_name\" content=\"Metzgerei Seitz\" \/>\n<meta property=\"article:modified_time\" content=\"2017-09-01T13:58:48+00:00\" \/>\n<meta property=\"og:image\" content=\"https:\/\/scheitza-kunden.de\/seitz\/wp-content\/uploads\/2014\/02\/bild-fam.-opa-mamma.jpg\" \/>\n\t<meta property=\"og:image:width\" content=\"450\" \/>\n\t<meta property=\"og:image:height\" content=\"300\" \/>\n\t<meta property=\"og:image:type\" content=\"image\/jpeg\" \/>\n<meta name=\"twitter:card\" content=\"summary_large_image\" \/>\n<meta name=\"twitter:label1\" content=\"Gesch\u00e4tzte Lesezeit\" \/>\n\t<meta name=\"twitter:data1\" content=\"1\u00a0Minute\" \/>\n<script type=\"application\/ld+json\" class=\"yoast-schema-graph\">{\"@context\":\"https:\/\/schema.org\",\"@graph\":[{\"@type\":\"WebPage\",\"@id\":\"https:\/\/scheitza-kunden.de\/seitz\/geschichte\/\",\"url\":\"https:\/\/scheitza-kunden.de\/seitz\/geschichte\/\",\"name\":\"Geschichte - Metzgerei Seitz\",\"isPartOf\":{\"@id\":\"https:\/\/scheitza-kunden.de\/seitz\/#website\"},\"datePublished\":\"2014-02-19T13:04:14+00:00\",\"dateModified\":\"2017-09-01T13:58:48+00:00\",\"breadcrumb\":{\"@id\":\"https:\/\/scheitza-kunden.de\/seitz\/geschichte\/#breadcrumb\"},\"inLanguage\":\"de\",\"potentialAction\":[{\"@type\":\"ReadAction\",\"target\":[\"https:\/\/scheitza-kunden.de\/seitz\/geschichte\/\"]}]},{\"@type\":\"BreadcrumbList\",\"@id\":\"https:\/\/scheitza-kunden.de\/seitz\/geschichte\/#breadcrumb\",\"itemListElement\":[{\"@type\":\"ListItem\",\"position\":1,\"name\":\"Startseite\",\"item\":\"https:\/\/scheitza-kunden.de\/seitz\/\"},{\"@type\":\"ListItem\",\"position\":2,\"name\":\"Geschichte\"}]},{\"@type\":\"WebSite\",\"@id\":\"https:\/\/scheitza-kunden.de\/seitz\/#website\",\"url\":\"https:\/\/scheitza-kunden.de\/seitz\/\",\"name\":\"Metzgerei Seitz\",\"description\":\"Rundum ein Genuss\",\"potentialAction\":[{\"@type\":\"SearchAction\",\"target\":{\"@type\":\"EntryPoint\",\"urlTemplate\":\"https:\/\/scheitza-kunden.de\/seitz\/?s={search_term_string}\"},\"query-input\":\"required name=search_term_string\"}],\"inLanguage\":\"de\"}]}<\/script>\n<!-- \/ Yoast SEO plugin. -->","yoast_head_json":{"title":"Geschichte - Metzgerei Seitz","robots":{"index":"index","follow":"follow","max-snippet":"max-snippet:-1","max-image-preview":"max-image-preview:large","max-video-preview":"max-video-preview:-1"},"canonical":"https:\/\/scheitza-kunden.de\/seitz\/geschichte\/","og_locale":"de_DE","og_type":"article","og_title":"Geschichte - Metzgerei Seitz","og_description":"Metzgermeister Fritz Kohler aus Brackenheim (Baden-W\u00fcrttemberg) \u00fcbernahm 1923 die Metzgerei Buschmann. 1924 wurde Sohn Erich geboren der 1962 nach dem Tode seines Vaters die Metzgerei Kohler mit seiner Frau Margot weiterf\u00fchrte. 1977 \u00fcbernahm Tochter Petra und deren Ehemann Metzgermeister Friedrich Seitz die F\u00fchrung der Metzgerei. Im Jahre 1979 wurde neben dem Stammhaus Hugenottenstrasse 70 das neue Gesch\u00e4ftshaus der Metzgerei Seitz ... Read More","og_url":"https:\/\/scheitza-kunden.de\/seitz\/geschichte\/","og_site_name":"Metzgerei Seitz","article_modified_time":"2017-09-01T13:58:48+00:00","og_image":[{"width":450,"height":300,"url":"https:\/\/scheitza-kunden.de\/seitz\/wp-content\/uploads\/2014\/02\/bild-fam.-opa-mamma.jpg","type":"image\/jpeg"}],"twitter_card":"summary_large_image","twitter_misc":{"Gesch\u00e4tzte Lesezeit":"1\u00a0Minute"},"schema":{"@context":"https:\/\/schema.org","@graph":[{"@type":"WebPage","@id":"https:\/\/scheitza-kunden.de\/seitz\/geschichte\/","url":"https:\/\/scheitza-kunden.de\/seitz\/geschichte\/","name":"Geschichte - Metzgerei Seitz","isPartOf":{"@id":"https:\/\/scheitza-kunden.de\/seitz\/#website"},"datePublished":"2014-02-19T13:04:14+00:00","dateModified":"2017-09-01T13:58:48+00:00","breadcrumb":{"@id":"https:\/\/scheitza-kunden.de\/seitz\/geschichte\/#breadcrumb"},"inLanguage":"de","potentialAction":[{"@type":"ReadAction","target":["https:\/\/scheitza-kunden.de\/seitz\/geschichte\/"]}]},{"@type":"BreadcrumbList","@id":"https:\/\/scheitza-kunden.de\/seitz\/geschichte\/#breadcrumb","itemListElement":[{"@type":"ListItem","position":1,"name":"Startseite","item":"https:\/\/scheitza-kunden.de\/seitz\/"},{"@type":"ListItem","position":2,"name":"Geschichte"}]},{"@type":"WebSite","@id":"https:\/\/scheitza-kunden.de\/seitz\/#website","url":"https:\/\/scheitza-kunden.de\/seitz\/","name":"Metzgerei Seitz","description":"Rundum ein Genuss","potentialAction":[{"@type":"SearchAction","target":{"@type":"EntryPoint","urlTemplate":"https:\/\/scheitza-kunden.de\/seitz\/?s={search_term_string}"},"query-input":"required name=search_term_string"}],"inLanguage":"de"}]}},"_links":{"self":[{"href":"https:\/\/scheitza-kunden.de\/seitz\/wp-json\/wp\/v2\/pages\/20"}],"collection":[{"href":"https:\/\/scheitza-kunden.de\/seitz\/wp-json\/wp\/v2\/pages"}],"about":[{"href":"https:\/\/scheitza-kunden.de\/seitz\/wp-json\/wp\/v2\/types\/page"}],"author":[{"embeddable":true,"href":"https:\/\/scheitza-kunden.de\/seitz\/wp-json\/wp\/v2\/users\/3"}],"replies":[{"embeddable":true,"href":"https:\/\/scheitza-kunden.de\/seitz\/wp-json\/wp\/v2\/comments?post=20"}],"version-history":[{"count":2,"href":"https:\/\/scheitza-kunden.de\/seitz\/wp-json\/wp\/v2\/pages\/20\/revisions"}],"predecessor-version":[{"id":2651,"href":"https:\/\/scheitza-kunden.de\/seitz\/wp-json\/wp\/v2\/pages\/20\/revisions\/2651"}],"wp:featuredmedia":[{"embeddable":true,"href":"https:\/\/scheitza-kunden.de\/seitz\/wp-json\/wp\/v2\/media\/387"}],"wp:attachment":[{"href":"https:\/\/scheitza-kunden.de\/seitz\/wp-json\/wp\/v2\/media?parent=20"}],"curies":[{"name":"wp","href":"https:\/\/api.w.org\/{rel}","templated":true}]}}